{"id":2165,"date":"2021-04-08T13:49:04","date_gmt":"2021-04-08T13:49:04","guid":{"rendered":"https:\/\/museoupdating.webs.upv.es\/nuevaweb\/?page_id=2165"},"modified":"2021-05-02T18:41:45","modified_gmt":"2021-05-02T18:41:45","slug":"eniac-2","status":"publish","type":"page","link":"https:\/\/museoupdating.webs.upv.es\/en\/eniac-2\/","title":{"rendered":"Eniac"},"content":{"rendered":"<p><\/p>\n\n\n\n<p class=\"has-text-align-center has-text-color has-large-font-size\" style=\"color:#d1005d\"><strong>ENIAC, a pioneering of computers<\/strong><\/p>\n\n\n\n<h5 class=\"has-text-align-center wp-block-heading\">Enrique Osset Vicente<\/h5>\n\n\n\n<p><strong>ENIAC<\/strong>&nbsp;is the acronym for Electronic Numerical Integrator and Computer. It was one assignment of the ballistic lab USA with Moore School of Philadelphia. The chief engineer was J. Presper Eckert and the consulting engineer was John W. Mauchly. ENIAC was&nbsp;<strong>finished in 1945<\/strong>&nbsp;and in 1947, it was moved to Aberdeen test area where it was modified for its improvement. In 1955, it was not active anymore. ENIAC was important to define the architecture of modern computers or the von Neumann architecture.<\/p>\n\n\n\n<p><\/p>\n\n\n\n<div class=\"wp-block-columns is-layout-flex wp-container-core-columns-is-layout-9d6595d7 wp-block-columns-is-layout-flex\">\n<div class=\"wp-block-column is-layout-flow wp-block-column-is-layout-flow\" style=\"flex-basis:66.66%\">\n<figure class=\"wp-block-video\"><video height=\"360\" style=\"aspect-ratio: 490 \/ 360;\" width=\"490\" controls src=\"https:\/\/museoupdating.webs.upv.es\/wp-content\/uploads\/2021\/04\/PeliEniac01.mp4\"><\/video><\/figure>\n<\/div>\n\n\n\n<div class=\"wp-block-column is-layout-flow wp-block-column-is-layout-flow\"><\/div>\n\n\n\n<div class=\"wp-block-column is-layout-flow wp-block-column-is-layout-flow\" style=\"flex-basis:33.33%\">\n<p class=\"has-text-align-right\">Video of ENIAC working.<\/p>\n\n\n\n<p class=\"has-text-align-right\">Our gratitude to Footage file.<\/p>\n<\/div>\n<\/div>\n\n\n<p><\/p>\n<p>The structure of the ENIAC was\u00a0<strong>27 tones<\/strong>\u00a0and it was made of 40 components of 0.6 meters wide for 2.7 high and 0.7 deep. They were placed in U and it took up one 10\u00d717 meters room. It needed some cooling because it consumed 174kw. It was built with\u00a0<strong>17.468 vacuum tube<\/strong>, a state-of-the-art technology in the 40s.<\/p>\n<p><\/p>\n<table style=\"border: 0px; height: 618px;\" border=\"0\" width=\"727\">\n<tbody>\n<tr>\n<td style=\"border: 0px; max-width: 800px;\"><a href=\"https:\/\/museoupdating.webs.upv.es\/post\/imagenes\/Eniac01.jpg\" rel=\"lightbox[1149]\"><img decoding=\"async\" src=\"https:\/\/museoupdating.webs.upv.es\/wp-content\/uploads\/2021\/04\/Eniac01.jpg\" alt=\"Pantalla de inicio\" longdesc=\"Pantalla de inicio\" \/><\/a><\/td>\n<td style=\"vertical-align: middle; border: 0px;\">\n<blockquote>\n<p style=\"text-align: right;\">Vista general de la instalaci\u00f3n del ENIAC<\/p>\n<p style=\"text-align: right;\">A la izquierda en port\u00e1til1 Eckert y Mauchly, Bartik, Goldstine y Lichterman sobre la lectora IBM<\/p>\n<\/blockquote>\n<\/td>\n<\/tr>\n<\/tbody>\n<\/table>\n<p><\/p>\n<p>It was a computer for a\u00a0<strong>general purpose<\/strong>\u00a0and it was able to solve various problems like differential calculus and integral. It consisted of 20 adder accumulators, a multiplier and a square root divider. Also, it had one master programmer, more than one only lecture intern memory of 312 numbers and another extern memory made by keypunch which could read and print.<\/p>\n<p><\/p>\n<table style=\"border: 0px; height: 458px;\" border=\"0\" width=\"727\">\n<tbody>\n<tr>\n<td style=\"border: 0px; max-width: 800px;\"><a href=\"https:\/\/museoupdating.webs.upv.es\/post\/imagenes\/Eniac02.jpg\" rel=\"lightbox[1149]\"><img decoding=\"async\" src=\"https:\/\/museoupdating.webs.upv.es\/wp-content\/uploads\/2021\/04\/Eniac02.jpg\" alt=\"Pantalla de inicio\" longdesc=\"Pantalla de inicio\" \/><\/a><\/td>\n<td style=\"vertical-align: middle; border: 0px;\">\n<blockquote>\n<p style=\"text-align: right;\">Arquitectura del ENIAC<\/p>\n<p style=\"text-align: right;\">Control global y programaci\u00f3n<\/p>\n<p style=\"text-align: right;\">Aritm\u00e9tica y almacenamiento<\/p>\n<p style=\"text-align: right;\">Memoria<\/p>\n<p style=\"text-align: right;\">Entrada y salida<\/p>\n<p style=\"text-align: right;\">Los buses<\/p>\n<\/blockquote>\n<\/td>\n<\/tr>\n<\/tbody>\n<\/table>\n<p><\/p>\n<p>The ENIAC\u00a0<strong>did not have operative system or storage program<\/strong>. It was managed by six programmers, connecting the modules through multi-wired cables and putting the switch in the right positions. That allowed it to link calculations and to pass data from one module to the other.<\/p>\n<p><\/p>\n<table style=\"border: 0px; height: 404px;\" border=\"0\" width=\"663\">\n<tbody>\n<tr>\n<td style=\"border: 0px; max-width: 800px;\"><a href=\"https:\/\/museoupdating.webs.upv.es\/post\/imagenes\/Eniac03.jpg\" rel=\"lightbox[1149]\"><img loading=\"lazy\" decoding=\"async\" class=\"\" src=\"https:\/\/museoupdating.webs.upv.es\/wp-content\/uploads\/2021\/04\/Eniac03.jpg\" alt=\"Pantalla de inicio\" width=\"295\" height=\"146\" longdesc=\"Pantalla de inicio\" \/><\/a><\/td>\n<td style=\"vertical-align: middle; border: 0px;\">\n<blockquote>\n<p style=\"text-align: right;\">Las chicas del ENIAC como se las llamaba<\/p>\n<p style=\"text-align: right;\">En la foto se aprecia lo complicado que resultaba programar conectando cables y fijando interruptores<\/p>\n<\/blockquote>\n<\/td>\n<\/tr>\n<\/tbody>\n<\/table>\n<p><\/p>\n<p>Those computers just stored the numbers that were used in its operations. Due to technical reasons of the moment, ENIAC used the\u00a0<strong>decimal numbering<\/strong>\u00a0system instead of the current binary one; and it could manage numbers up to 20 digits. With ENIAC it were made from artillery tables to complex physicist calculations regarding the hydrogen bomb. It was a landmark of the starting of current computers, a significant link in the beginning of the computing evolution. The current computers architecture was defined by its construction.<\/p>\n<p><\/p>\n<table style=\"border: 0px; height: 371px;\" border=\"0\" width=\"749\">\n<tbody>\n<tr>\n<td style=\"border: 0px; max-width: 800px;\"><a href=\"https:\/\/museoupdating.webs.upv.es\/post\/imagenes\/Eniac04.jpg\" rel=\"lightbox[1149]\"><img decoding=\"async\" src=\"https:\/\/museoupdating.webs.upv.es\/wp-content\/uploads\/2021\/04\/Eniac04.jpg\" alt=\"Pantalla de inicio\" longdesc=\"Pantalla de inicio\" \/><\/a><\/td>\n<td style=\"vertical-align: middle; border: 0px;\">\n<blockquote>\n<p style=\"text-align: right;\">El ENIAC usaba v\u00e1lvulas de vac\u00edo<\/p>\n<p style=\"text-align: right;\">Se conectaban por la parte trasera de los m\u00f3dulos en grupos intercambiables<\/p>\n<\/blockquote>\n<\/td>\n<\/tr>\n<\/tbody>\n<\/table>\n<p><\/p>\n<p>It could make\u00a0<strong>5.000 sums per second<\/strong>\u00a0and it was a thousand times faster than the calculators at that time. Moreover, it made 35 multiplications per second and 3 division or square roots.<\/p>\n<p><\/p>\n<table style=\"border: 0px; height: 459px;\" border=\"0\" width=\"731\">\n<tbody>\n<tr>\n<td style=\"border: 0px; max-width: 800px;\"><a href=\"https:\/\/museoupdating.webs.upv.es\/post\/imagenes\/Eniac05.jpg\" rel=\"lightbox[1149]\"><img decoding=\"async\" src=\"https:\/\/museoupdating.webs.upv.es\/wp-content\/uploads\/2021\/04\/Eniac05.jpg\" alt=\"Pantalla de inicio\" longdesc=\"Pantalla de inicio\" \/><\/a><\/td>\n<td style=\"vertical-align: middle; border: 0px;\">\n<blockquote>\n<p style=\"text-align: right;\">A. Burks y JJ. Bartik frente al multiplicador de alta velocidad<\/p>\n<p style=\"text-align: right;\">Era la joya del ENIAC con sus tablas de multiplicar multiplicaba de golpe, cada cifra del multiplicador por el multiplicando.<\/p>\n<\/blockquote>\n<\/td>\n<\/tr>\n<\/tbody>\n<\/table>\n<p><\/p>\n<p>With the\u00a0<strong>master programmer<\/strong>\u00a0loops could be repeated, similar to a fixed size\u00a0<strong>FOR<\/strong>. In addition, it could be controlled by a conditional branching or instruction\u00a0<strong>IF<\/strong>. In its aspect it were emphasized accumulators with electrical panels, or Blinken lights watched on the video, and whilst it was calculating it moved from the bottom up, converting the light moving into the image of old computers.<\/p>\n<p><\/p>\n<table style=\"border: 0px; height: 328px;\" border=\"0\" width=\"715\">\n<tbody>\n<tr>\n<td style=\"border: 0px; max-width: 800px;\"><a href=\"https:\/\/museoupdating.webs.upv.es\/post\/imagenes\/Eniac06.jpg\" rel=\"lightbox[1149]\"><img decoding=\"async\" src=\"https:\/\/museoupdating.webs.upv.es\/wp-content\/uploads\/2021\/04\/Eniac06.jpg\" alt=\"Pantalla de inicio\" longdesc=\"Pantalla de inicio\" \/><\/a><\/td>\n<td style=\"vertical-align: middle; border: 0px;\">\n<blockquote>\n<p style=\"text-align: right;\">JJ. Bartik y F. Bilas frente al programador maestro<\/p>\n<p style=\"text-align: right;\">Permit\u00eda programar bucles de tama\u00f1o fijo, incluso anidadarlos<\/p>\n<\/blockquote>\n<\/td>\n<\/tr>\n<\/tbody>\n<\/table>\n<p><\/p>\n<p>Basically, the computer\u00a0<strong>solved<\/strong>\u00a0all the operations making\u00a0<strong>additions and subtractions<\/strong>\u00a0but for the multiplications it had a table with the results. The accumulators were called that way because they made additions to everything that got to them. As they only could make additions, to make subtractions, they used the negative number. As a curiosity, the square root was made adding odds from number 1. It can be checked with number 9 which is 1+3+5. They are 3 odd therefore the square root of 9 is 3. It is an attribute of the addition of one serie although you have to make a lot of them with bigger numbers.<\/p>\n<p><\/p>\n<table style=\"border: 0px; height: 355px;\" border=\"0\" width=\"722\">\n<tbody>\n<tr>\n<td style=\"border: 0px; max-width: 800px;\"><a href=\"https:\/\/museoupdating.webs.upv.es\/post\/imagenes\/Eniac07.jpg\" rel=\"lightbox[1149]\"><img decoding=\"async\" src=\"https:\/\/museoupdating.webs.upv.es\/wp-content\/uploads\/2021\/04\/Eniac07.jpg\" alt=\"Pantalla de inicio\" longdesc=\"Pantalla de inicio\" \/><\/a><\/td>\n<td style=\"vertical-align: middle; border: 0px;\">\n<blockquote>\n<p style=\"text-align: right;\">Circuitos del multiplicador<\/p>\n<p style=\"text-align: right;\">Recorrido interno de los datos, arriba en azul, las tablas de multiplicar decenas y unidades<\/p>\n<\/blockquote>\n<\/td>\n<\/tr>\n<\/tbody>\n<\/table>\n<p><\/p>\n<p>The ENIAC was managed by\u00a0<strong>6 programmer women<\/strong>\u00a0of the ballistic lab of the army. They had to learn how to program from scratch and using a computer which was difficult to handle. It had to be done manually over the machine itself, over the hardware and long and bulky cables had to be connected. Thus, in the first studies, to get the calculations of a 2h work of the ENIAC, it took two weeks of programming the machine, putting cables and switched and checking everything worked fine. The programmers were ignored and their work was not recognized until the 80s.<\/p>\n<p><\/p>\n<p>\u00a0<\/p>\n<table style=\"border: 0px; height: 368px;\" border=\"0\" width=\"725\">\n<tbody>\n<tr>\n<td style=\"border: 0px; height: 375px;\">\n<div class=\"fluid-width-video-wrapper\" style=\"height: 350px; width: 375px;\">\n<figure class=\"wp-block-video\"><video style=\"padding-top: 10%;\" src=\"https:\/\/museoupdating.webs.upv.es\/wp-content\/uploads\/2021\/04\/PeliEniac02.mp4\" controls=\"controls\" width=\"291\" height=\"321\"><\/video><\/figure>\n<\/div>\n<\/td>\n<td style=\"vertical-align: middle; border: 0px; text-align: right;\">\n<blockquote>\n<p style=\"text-align: right;\">Video &#8220;Las mujeres del ENIAC&#8221;<\/p>\n<p style=\"text-align: right;\">Nuestro agradecimiento a AUICtv file<\/p>\n<\/blockquote>\n<\/td>\n<\/tr>\n<\/tbody>\n<\/table>\n<p><\/p>\n<p>The ENIAC stopped being active in the 60s and today there is only one replica of the same project. The <strong>ENIAC-on-a-Chip<\/strong>\u00a0had its logic and functioning controlled by a chip and it was developed by the University of Pennsylvania. The other one was a\u00a0<strong>simulator<\/strong>\u00a0called \u201c<strong>eniac.jar<\/strong>\u201d made by Till Zoppke of the University of Berlin. It is one java application that allows programming like the original ENIAC.<\/p>\n<p><\/p>\n<table style=\"border: 0px; height: 531px;\" border=\"0\" width=\"714\">\n<tbody>\n<tr>\n<td style=\"border: 0px; max-width: 800px;\"><a href=\"https:\/\/museoupdating.webs.upv.es\/post\/imagenes\/Eniac08.jpg\" rel=\"lightbox[1149]\"><img decoding=\"async\" src=\"https:\/\/museoupdating.webs.upv.es\/wp-content\/uploads\/2021\/04\/Eniac08.jpg\" alt=\"Pantalla de inicio\" longdesc=\"Pantalla de inicio\" \/><\/a><\/td>\n<td style=\"vertical-align: middle; border: 0px;\">\n<blockquote>\n<p style=\"text-align: right;\">G. Beck y B. Snyder repasando conexiones<\/p>\n<p style=\"text-align: right;\">A la derecha las 3 tablas de funciones port\u00e1tiles y a la izquierda la mara\u00f1a del cableado de m\u00f3dulos<\/p>\n<\/blockquote>\n<\/td>\n<\/tr>\n<\/tbody>\n<\/table>\n<p><\/p>\n<p>Thank you very much for your time and I hope you enjoyed the <strong>ENIAC<\/strong>.<\/p>\n<p><\/p>\n<p><span style=\"font-size: inherit;\"><br \/><br \/><\/span><\/p>","protected":false},"excerpt":{"rendered":"<p>ENIAC, a pioneering of computers Enrique Osset Vicente ENIAC&nbsp;is the acronym for Electronic Numerical Integrator and Computer. It was one assignment of the ballistic lab USA with Moore School of Philadelphia. The chief engineer was J. Presper Eckert and the consulting engineer was John W. Mauchly. ENIAC was&nbsp;finished in 1945&nbsp;and in 1947, it was moved [&hellip;]<\/p>\n","protected":false},"author":1,"featured_media":0,"parent":0,"menu_order":0,"comment_status":"closed","ping_status":"closed","template":"","meta":{"inline_featured_image":false,"_monsterinsights_skip_tracking":false,"_monsterinsights_sitenote_active":false,"_monsterinsights_sitenote_note":"","_monsterinsights_sitenote_category":0,"footnotes":""},"class_list":["post-2165","page","type-page","status-publish","hentry","post"],"_links":{"self":[{"href":"https:\/\/museoupdating.webs.upv.es\/en\/wp-json\/wp\/v2\/pages\/2165","targetHints":{"allow":["GET"]}}],"collection":[{"href":"https:\/\/museoupdating.webs.upv.es\/en\/wp-json\/wp\/v2\/pages"}],"about":[{"href":"https:\/\/museoupdating.webs.upv.es\/en\/wp-json\/wp\/v2\/types\/page"}],"author":[{"embeddable":true,"href":"https:\/\/museoupdating.webs.upv.es\/en\/wp-json\/wp\/v2\/users\/1"}],"replies":[{"embeddable":true,"href":"https:\/\/museoupdating.webs.upv.es\/en\/wp-json\/wp\/v2\/comments?post=2165"}],"version-history":[{"count":75,"href":"https:\/\/museoupdating.webs.upv.es\/en\/wp-json\/wp\/v2\/pages\/2165\/revisions"}],"predecessor-version":[{"id":3161,"href":"https:\/\/museoupdating.webs.upv.es\/en\/wp-json\/wp\/v2\/pages\/2165\/revisions\/3161"}],"wp:attachment":[{"href":"https:\/\/museoupdating.webs.upv.es\/en\/wp-json\/wp\/v2\/media?parent=2165"}],"curies":[{"name":"wp","href":"https:\/\/api.w.org\/{rel}","templated":true}]}}