{"id":4832,"date":"2021-05-14T14:09:49","date_gmt":"2021-05-14T14:09:49","guid":{"rendered":"https:\/\/museoupdating.webs.upv.es\/?page_id=4832"},"modified":"2021-05-28T15:25:20","modified_gmt":"2021-05-28T15:25:20","slug":"la-criptografia-clasica-con-scratch","status":"publish","type":"page","link":"https:\/\/museoupdating.webs.upv.es\/en\/la-criptografia-clasica-con-scratch\/","title":{"rendered":"(Espa\u00f1ol) La Criptograf\u00eda Cl\u00e1sica con Scratch"},"content":{"rendered":"<p class=\"qtranxs-available-languages-message qtranxs-available-languages-message-en\">Sorry, this entry is only available in <a href=\"https:\/\/museoupdating.webs.upv.es\/es\/wp-json\/wp\/v2\/pages\/4832\" class=\"qtranxs-available-language-link qtranxs-available-language-link-es\" title=\"Espa\u00f1ol\">Espa\u00f1ol<\/a>.<\/p>","protected":false},"excerpt":{"rendered":"<p>Sorry, this entry is only available in Espa\u00f1ol.<\/p>\n","protected":false},"author":1,"featured_media":0,"parent":0,"menu_order":0,"comment_status":"closed","ping_status":"closed","template":"","meta":{"inline_featured_image":false,"_monsterinsights_skip_tracking":false,"_monsterinsights_sitenote_active":false,"_monsterinsights_sitenote_note":"","_monsterinsights_sitenote_category":0,"footnotes":""},"class_list":["post-4832","page","type-page","status-publish","hentry","post"],"_links":{"self":[{"href":"https:\/\/museoupdating.webs.upv.es\/en\/wp-json\/wp\/v2\/pages\/4832","targetHints":{"allow":["GET"]}}],"collection":[{"href":"https:\/\/museoupdating.webs.upv.es\/en\/wp-json\/wp\/v2\/pages"}],"about":[{"href":"https:\/\/museoupdating.webs.upv.es\/en\/wp-json\/wp\/v2\/types\/page"}],"author":[{"embeddable":true,"href":"https:\/\/museoupdating.webs.upv.es\/en\/wp-json\/wp\/v2\/users\/1"}],"replies":[{"embeddable":true,"href":"https:\/\/museoupdating.webs.upv.es\/en\/wp-json\/wp\/v2\/comments?post=4832"}],"version-history":[{"count":21,"href":"https:\/\/museoupdating.webs.upv.es\/en\/wp-json\/wp\/v2\/pages\/4832\/revisions"}],"predecessor-version":[{"id":8043,"href":"https:\/\/museoupdating.webs.upv.es\/en\/wp-json\/wp\/v2\/pages\/4832\/revisions\/8043"}],"wp:attachment":[{"href":"https:\/\/museoupdating.webs.upv.es\/en\/wp-json\/wp\/v2\/media?parent=4832"}],"curies":[{"name":"wp","href":"https:\/\/api.w.org\/{rel}","templated":true}]}}