{"id":4854,"date":"2021-05-14T14:43:27","date_gmt":"2021-05-14T14:43:27","guid":{"rendered":"https:\/\/museoupdating.webs.upv.es\/?page_id=4854"},"modified":"2021-05-28T15:26:08","modified_gmt":"2021-05-28T15:26:08","slug":"sistemas-de-numeracion-con-scratch","status":"publish","type":"page","link":"https:\/\/museoupdating.webs.upv.es\/en\/sistemas-de-numeracion-con-scratch\/","title":{"rendered":"(Espa\u00f1ol) Sistemas de numeraci\u00f3n con Scratch"},"content":{"rendered":"<h1 style=\"text-align: center;\"><span style=\"color: #d1005d;\"><strong>Sistemas de numeraci\u00f3n con Scratch<\/strong><\/span><\/h1>\n<p style=\"text-align: center;\"><strong>Diego Manzanera Blasco<\/strong><\/p>\n<p style=\"text-align: justify;\">Los sistemas de numeraci\u00f3n han estado presentes a lo largo de la historia y han sido utilizados por diferentes culturas para representar sus cifras. En esta secci\u00f3n se presentan cinco aplicaciones sobre los principales sistemas que han existido (el sistema babil\u00f3nico, el sistema egipcio, el sistema maya, el sistema griego \u00e1tico y el sistema romano) para que los usuarios aprendan como se representaban los n\u00fameros en dichos sistemas.<\/p>\n<div class=\"row-wrapper-x\">\n<p style=\"text-align: justify;\">Las aplicaciones han sido creadas en el lenguaje de programaci\u00f3n\u00a0<strong>Scratch<\/strong>, donde se permite crear proyectos y compartirlos con el resto de usuarios. Adem\u00e1s, un usuario puede comentar y valorar cualquier proyecto que sea p\u00fablico, incluyendo una opci\u00f3n de modificar un proyecto, creando una nueva versi\u00f3n, para realizar los cambios que se crean convenientes.<\/p>\n<p>\u00a0<\/p>\n<\/div>\n\n<ul class=\"wp-block-latest-posts__list is-grid columns-3 wp-block-latest-posts\"><li><div class=\"wp-block-latest-posts__featured-image aligncenter\"><a href=\"https:\/\/museoupdating.webs.upv.es\/en\/blog\/2021\/05\/14\/el-sistema-babilonico\/\" aria-label=\"(Espa\u00f1ol) El sistema babil\u00f3nico\"><img loading=\"lazy\" decoding=\"async\" width=\"150\" height=\"150\" src=\"https:\/\/museoupdating.webs.upv.es\/wp-content\/uploads\/2021\/05\/800px-Babylonian_numerals.svg_-150x150.png\" class=\"attachment-thumbnail size-thumbnail wp-post-image\" alt=\"\" style=\"\" srcset=\"https:\/\/museoupdating.webs.upv.es\/wp-content\/uploads\/2021\/05\/800px-Babylonian_numerals.svg_-150x150.png 150w, https:\/\/museoupdating.webs.upv.es\/wp-content\/uploads\/2021\/05\/800px-Babylonian_numerals.svg_-400x400.png 400w\" sizes=\"auto, (max-width: 150px) 100vw, 150px\" \/><\/a><\/div><a class=\"wp-block-latest-posts__post-title\" href=\"https:\/\/museoupdating.webs.upv.es\/en\/blog\/2021\/05\/14\/el-sistema-babilonico\/\">(Espa\u00f1ol) El sistema babil\u00f3nico<\/a><div class=\"wp-block-latest-posts__post-excerpt\">Sorry, this entry is only available in Espa\u00f1ol.<\/div><\/li>\n<li><div class=\"wp-block-latest-posts__featured-image aligncenter\"><a href=\"https:\/\/museoupdating.webs.upv.es\/en\/blog\/2021\/05\/14\/el-sistema-egipcio\/\" aria-label=\"(Espa\u00f1ol) El sistema egipcio\"><img loading=\"lazy\" decoding=\"async\" width=\"150\" height=\"150\" src=\"https:\/\/museoupdating.webs.upv.es\/wp-content\/uploads\/2021\/05\/fc560f33ab0367fbd65ed16651b4ef1d-150x150.jpg\" class=\"attachment-thumbnail size-thumbnail wp-post-image\" alt=\"\" style=\"\" \/><\/a><\/div><a class=\"wp-block-latest-posts__post-title\" href=\"https:\/\/museoupdating.webs.upv.es\/en\/blog\/2021\/05\/14\/el-sistema-egipcio\/\">(Espa\u00f1ol) El sistema egipcio<\/a><div class=\"wp-block-latest-posts__post-excerpt\">Sorry, this entry is only available in Espa\u00f1ol.<\/div><\/li>\n<li><div class=\"wp-block-latest-posts__featured-image aligncenter\"><a href=\"https:\/\/museoupdating.webs.upv.es\/en\/blog\/2021\/05\/14\/el-sistema-maya\/\" aria-label=\"(Espa\u00f1ol) El sistema maya\"><img loading=\"lazy\" decoding=\"async\" width=\"150\" height=\"150\" src=\"https:\/\/museoupdating.webs.upv.es\/wp-content\/uploads\/2021\/05\/numeros_mayas-150x150.gif\" class=\"attachment-thumbnail size-thumbnail wp-post-image\" alt=\"\" style=\"\" srcset=\"https:\/\/museoupdating.webs.upv.es\/wp-content\/uploads\/2021\/05\/numeros_mayas-150x150.gif 150w, https:\/\/museoupdating.webs.upv.es\/wp-content\/uploads\/2021\/05\/numeros_mayas-400x400.gif 400w\" sizes=\"auto, (max-width: 150px) 100vw, 150px\" \/><\/a><\/div><a class=\"wp-block-latest-posts__post-title\" href=\"https:\/\/museoupdating.webs.upv.es\/en\/blog\/2021\/05\/14\/el-sistema-maya\/\">(Espa\u00f1ol) El sistema maya<\/a><div class=\"wp-block-latest-posts__post-excerpt\">Sorry, this entry is only available in Espa\u00f1ol.<\/div><\/li>\n<li><div class=\"wp-block-latest-posts__featured-image aligncenter\"><a href=\"https:\/\/museoupdating.webs.upv.es\/en\/blog\/2021\/05\/14\/el-sistema-griego-atico\/\" aria-label=\"(Espa\u00f1ol) El sistema griego \u00e1tico\"><img loading=\"lazy\" decoding=\"async\" width=\"150\" height=\"150\" src=\"https:\/\/museoupdating.webs.upv.es\/wp-content\/uploads\/2021\/05\/gatico-150x150.jpg\" class=\"attachment-thumbnail size-thumbnail wp-post-image\" alt=\"\" style=\"\" srcset=\"https:\/\/museoupdating.webs.upv.es\/wp-content\/uploads\/2021\/05\/gatico-150x150.jpg 150w, https:\/\/museoupdating.webs.upv.es\/wp-content\/uploads\/2021\/05\/gatico-400x400.jpg 400w\" sizes=\"auto, (max-width: 150px) 100vw, 150px\" \/><\/a><\/div><a class=\"wp-block-latest-posts__post-title\" href=\"https:\/\/museoupdating.webs.upv.es\/en\/blog\/2021\/05\/14\/el-sistema-griego-atico\/\">(Espa\u00f1ol) El sistema griego \u00e1tico<\/a><div class=\"wp-block-latest-posts__post-excerpt\">Sorry, this entry is only available in Espa\u00f1ol.<\/div><\/li>\n<li><div class=\"wp-block-latest-posts__featured-image aligncenter\"><a href=\"https:\/\/museoupdating.webs.upv.es\/en\/blog\/2021\/05\/14\/el-sistema-romano\/\" aria-label=\"(Espa\u00f1ol) El sistema romano\"><img loading=\"lazy\" decoding=\"async\" width=\"150\" height=\"150\" src=\"https:\/\/museoupdating.webs.upv.es\/wp-content\/uploads\/2021\/05\/Numeros_Romanos-150x150.png\" class=\"attachment-thumbnail size-thumbnail wp-post-image\" alt=\"\" style=\"\" srcset=\"https:\/\/museoupdating.webs.upv.es\/wp-content\/uploads\/2021\/05\/Numeros_Romanos-150x150.png 150w, https:\/\/museoupdating.webs.upv.es\/wp-content\/uploads\/2021\/05\/Numeros_Romanos.png 200w\" sizes=\"auto, (max-width: 150px) 100vw, 150px\" \/><\/a><\/div><a class=\"wp-block-latest-posts__post-title\" href=\"https:\/\/museoupdating.webs.upv.es\/en\/blog\/2021\/05\/14\/el-sistema-romano\/\">(Espa\u00f1ol) El sistema romano<\/a><div class=\"wp-block-latest-posts__post-excerpt\">Sorry, this entry is only available in Espa\u00f1ol.<\/div><\/li>\n<\/ul>\n\n\n<p>Creador de las aplicaciones:&nbsp;<strong>Diego Manzanera Blasco<\/strong>&nbsp;(diemanblas@gmail.com)<\/p>\n\n\n\n<p>Tutor:&nbsp;<strong>Xavier Molero Prieto<\/strong>.<\/p>\n\n\n\n<p>Im\u00e1genes pertenecientes a <a href=\"https:\/\/es.wikipedia.org\/wiki\/Wikimedia_Commons\">Wikimedia Commons<\/a><\/p>\n","protected":false},"excerpt":{"rendered":"<p>Sistemas de numeraci\u00f3n con Scratch Diego Manzanera Blasco Los sistemas de numeraci\u00f3n han estado presentes a lo largo de la historia y han sido utilizados por diferentes culturas para representar sus cifras. En esta secci\u00f3n se presentan cinco aplicaciones sobre los principales sistemas que han existido (el sistema babil\u00f3nico, el sistema egipcio, el sistema maya, [&hellip;]<\/p>\n","protected":false},"author":1,"featured_media":0,"parent":0,"menu_order":0,"comment_status":"closed","ping_status":"closed","template":"","meta":{"inline_featured_image":false,"_monsterinsights_skip_tracking":false,"_monsterinsights_sitenote_active":false,"_monsterinsights_sitenote_note":"","_monsterinsights_sitenote_category":0,"footnotes":""},"class_list":["post-4854","page","type-page","status-publish","hentry","post"],"_links":{"self":[{"href":"https:\/\/museoupdating.webs.upv.es\/en\/wp-json\/wp\/v2\/pages\/4854","targetHints":{"allow":["GET"]}}],"collection":[{"href":"https:\/\/museoupdating.webs.upv.es\/en\/wp-json\/wp\/v2\/pages"}],"about":[{"href":"https:\/\/museoupdating.webs.upv.es\/en\/wp-json\/wp\/v2\/types\/page"}],"author":[{"embeddable":true,"href":"https:\/\/museoupdating.webs.upv.es\/en\/wp-json\/wp\/v2\/users\/1"}],"replies":[{"embeddable":true,"href":"https:\/\/museoupdating.webs.upv.es\/en\/wp-json\/wp\/v2\/comments?post=4854"}],"version-history":[{"count":31,"href":"https:\/\/museoupdating.webs.upv.es\/en\/wp-json\/wp\/v2\/pages\/4854\/revisions"}],"predecessor-version":[{"id":8044,"href":"https:\/\/museoupdating.webs.upv.es\/en\/wp-json\/wp\/v2\/pages\/4854\/revisions\/8044"}],"wp:attachment":[{"href":"https:\/\/museoupdating.webs.upv.es\/en\/wp-json\/wp\/v2\/media?parent=4854"}],"curies":[{"name":"wp","href":"https:\/\/api.w.org\/{rel}","templated":true}]}}