{"id":7217,"date":"2018-06-20T15:48:18","date_gmt":"2018-06-20T15:48:18","guid":{"rendered":"http:\/\/museo.inf.upv.es\/?page_id=6770"},"modified":"2018-06-20T15:48:18","modified_gmt":"2018-06-20T15:48:18","slug":"retropolis-2017","status":"publish","type":"page","link":"https:\/\/museoupdating.webs.upv.es\/en\/retropolis-2017\/","title":{"rendered":"RETR\u00d3POLIS 2017"},"content":{"rendered":"<p><\/p>\n<h3>INDICE:<\/h3>\n<ul>\n<li><a href=\" https:\/\/museoupdating.webs.upv.es\/blog\/2018\/06\/20\/colaboradores-2017\">Colaboradores 2017<\/a><\/li>\n<li><a href=\" https:\/\/museoupdating.webs.upv.es\/blog\/2018\/06\/20\/horarios-y-actividades-2017\/\">Horarios y actividades 2017<\/a><\/li>\n<li><a href=\"https:\/\/museoupdating.webs.upv.es\/blog\/2018\/06\/20\/expositores-2017\/\">Expositores 2017<\/a><\/li>\n<li><a href=\"https:\/\/museoupdating.webs.upv.es\/category\/retropolis2017\/\">Noticias 2017<\/a><\/li>\n<li><a href=\"https:\/\/museoupdating.webs.upv.es\/blog\/2018\/07\/02\/conferencias-retropolis-2017\/\">Conferencias 2017<\/a><\/li>\n<\/ul>\n<p style=\"text-align: justify;\"><b>\u201cRetr\u00f3polis Valencia\u201d<\/b> es un evento dedicado a la retroinform\u00e1tica que celebrar\u00e1 su segunda edici\u00f3n el pr\u00f3ximo 20 de mayo de 2017 en las instalaciones de la Escuela T\u00e9cnica Superior de Ingenier\u00eda Inform\u00e1tica de la Universidad Polit\u00e9cnica de Valencia.<\/p>\n<p style=\"text-align: justify;\">Tendremos exposici\u00f3n de consolas y ordenadores antiguos de todas las generaciones y disfrutaremos de charlas, talleres, podcasts en directo, mercadillo y, por supuesto, torneos.<\/p>\n<p style=\"text-align: justify;\">Adem\u00e1s, los visitantes podr\u00e1n jugar en algunas de estas reliquias tan emblem\u00e1ticas que han hecho historia y sentaron las bases de la industria actual.<\/p>\n<p style=\"text-align: justify;\">Tambi\u00e9n se incluir\u00e1n actividades adicionales, como visitas guiadas al Museo de Inform\u00e1tica de la ETSINF, donde se podr\u00e1n ver m\u00e1quinas anteriores a lo que se considera retro (mainframes, perforadoras de tarjetas, etc), equipos que forman parte de la prehistoria de la inform\u00e1tica y que no pueden verse en ning\u00fan otro evento de este tipo.<\/p>\n<p style=\"text-align: justify;\"><img loading=\"lazy\" decoding=\"async\" class=\"aligncenter wp-image-975 size-large\" src=\"https:\/\/museoupdating.webs.upv.es\/retropolis\/wp-content\/uploads\/2017\/02\/retropolis2017_3-1-811x1024.png\" width=\"811\" height=\"1024\" \/><\/p>\n<p><\/p>","protected":false},"excerpt":{"rendered":"<p>INDICE: Colaboradores 2017 Horarios y actividades 2017 Expositores 2017 Noticias 2017 Conferencias 2017 \u201cRetr\u00f3polis Valencia\u201d es un evento dedicado a la retroinform\u00e1tica que celebrar\u00e1 su segunda edici\u00f3n el pr\u00f3ximo 20 de mayo de 2017 en las instalaciones de la Escuela T\u00e9cnica Superior de Ingenier\u00eda Inform\u00e1tica de la Universidad Polit\u00e9cnica de Valencia. Tendremos exposici\u00f3n de consolas [&hellip;]<\/p>\n","protected":false},"author":1,"featured_media":0,"parent":0,"menu_order":0,"comment_status":"closed","ping_status":"closed","template":"","meta":{"inline_featured_image":false,"_monsterinsights_skip_tracking":false,"_monsterinsights_sitenote_active":false,"_monsterinsights_sitenote_note":"","_monsterinsights_sitenote_category":0,"footnotes":""},"class_list":["post-7217","page","type-page","status-publish","hentry","post"],"_links":{"self":[{"href":"https:\/\/museoupdating.webs.upv.es\/en\/wp-json\/wp\/v2\/pages\/7217","targetHints":{"allow":["GET"]}}],"collection":[{"href":"https:\/\/museoupdating.webs.upv.es\/en\/wp-json\/wp\/v2\/pages"}],"about":[{"href":"https:\/\/museoupdating.webs.upv.es\/en\/wp-json\/wp\/v2\/types\/page"}],"author":[{"embeddable":true,"href":"https:\/\/museoupdating.webs.upv.es\/en\/wp-json\/wp\/v2\/users\/1"}],"replies":[{"embeddable":true,"href":"https:\/\/museoupdating.webs.upv.es\/en\/wp-json\/wp\/v2\/comments?post=7217"}],"version-history":[{"count":0,"href":"https:\/\/museoupdating.webs.upv.es\/en\/wp-json\/wp\/v2\/pages\/7217\/revisions"}],"wp:attachment":[{"href":"https:\/\/museoupdating.webs.upv.es\/en\/wp-json\/wp\/v2\/media?parent=7217"}],"curies":[{"name":"wp","href":"https:\/\/api.w.org\/{rel}","templated":true}]}}