{"id":7660,"date":"2014-11-17T13:55:04","date_gmt":"2014-11-17T13:55:04","guid":{"rendered":"http:\/\/museo.inf.upv.es\/?page_id=1887"},"modified":"2021-05-26T09:17:27","modified_gmt":"2021-05-26T09:17:27","slug":"iiciclodecine","status":"publish","type":"page","link":"https:\/\/museoupdating.webs.upv.es\/en\/iiciclodecine\/","title":{"rendered":"II Film Series &#8211; Museum of Computing"},"content":{"rendered":"<p style=\"text-align: justify;\">In times when it is difficult to distinguish between the good ones and the bad ones, we bring to the \u201cFilm Series \u2013 Museum of Computing\u201d four films about four controversial personalities who have revolutionized the world of computers. Some believe these figures are visionaries that have improved society and others tend to think they are fanatics and obsessed who are just looking for their own glory. The fact is that they do not go unnoticed. They all knew how to use the computer technology of that moment for their interests. In order to decide if those interests are ethic or not, you will have to watch the film with us.<\/p>\n<p>The <strong>Museum of Computing<\/strong> invites you to know more details about the life of:<\/p>\n<ol>\n<li><strong> Kevin Mitnick<\/strong>, the <strong>22th of October of 2014<\/strong> in the film <strong>Hackers 2 (2000)<\/strong>, where we can see how he acted and how the most famous hacker in USA, and possibly in the history, was looked.<\/li>\n<li><strong> Mark Zuckerberg<\/strong>, the <strong>26th of November<\/strong> in the film<strong> The Social Network (2010)<\/strong>, in which we see how he creates Facebook with more controversies and intrigues that we would have imaged to be in a social network of \u201cfriends\u201d.<\/li>\n<li><strong>Julian Assange<\/strong> the <strong>18th of February of 2015<\/strong>, in the film<strong> The Fifth Estate (2013)<\/strong>, or how this figure made the known and unknown powers tremble, a film from which there is no true ending yet.<\/li>\n<li><strong>Steve Jobs<\/strong> the<strong> 25th of March<\/strong> in the film <strong>Jobs (2013)<\/strong>, surely the most desired title for one of the most controversy and polemic personalities of the history of computing, who has as many detractors as fans. \u00bfVisionary or celebrity?<\/li>\n<\/ol>\n<p>The feature films will be projected at <strong> Sal\u00f3n de Actos of the Escuela T\u00e9cnica Superior de Ingenier\u00eda Inform\u00e1tica (1E building) at 16:30h<\/strong>. Each session consists of a <strong>presentation of the film and its relation with informatics, the projection in itself and the pooling<\/strong> once it has finalized. During the pooling you will able to tell us if you have met a hero or a villain.<\/p>\n<p><strong>Original title: &#8220;Ciclo de Cine e inform\u00e1tica: Un Museo de Cine&#8221;<\/strong><\/p>\n<p><strong>Location: 1E Building, ETSINF<\/strong><\/p>\n<p><strong>Dates: October 22th and November 26th of 2014 and February 18th and March 25th of 2015<\/strong><\/p>\n<p><strong>Hours: 16:30h<\/strong><\/p>\n<p><strong>More information: <a href=\"https:\/\/museoupdating.webs.upv.es\/\">https:\/\/museoupdating.webs.upv.es\/<\/a><\/strong><\/p>\n<p><a href=\"https:\/\/museoupdating.webs.upv.es\/wp-content\/uploads\/2014\/10\/ciclecine.jpg\"><img loading=\"lazy\" decoding=\"async\" class=\"aligncenter  wp-image-1888\" src=\"https:\/\/museoupdating.webs.upv.es\/wp-content\/uploads\/2014\/10\/ciclecine-698x1024.jpg\" alt=\"ciclecine\" width=\"482\" height=\"706\" \/><\/a><\/p>","protected":false},"excerpt":{"rendered":"<p>In times when it is difficult to distinguish between the good ones and the bad ones, we bring to the \u201cFilm Series \u2013 Museum of Computing\u201d four films about four controversial personalities who have revolutionized the world of computers. Some believe these figures are visionaries that have improved society and others tend to think they [&hellip;]<\/p>\n","protected":false},"author":2,"featured_media":7658,"parent":0,"menu_order":0,"comment_status":"closed","ping_status":"closed","template":"","meta":{"inline_featured_image":false,"_monsterinsights_skip_tracking":false,"_monsterinsights_sitenote_active":false,"_monsterinsights_sitenote_note":"","_monsterinsights_sitenote_category":0,"footnotes":""},"class_list":["post-7660","page","type-page","status-publish","has-post-thumbnail","hentry","post","post-with-thumbnail","post-with-thumbnail-large"],"_links":{"self":[{"href":"https:\/\/museoupdating.webs.upv.es\/en\/wp-json\/wp\/v2\/pages\/7660","targetHints":{"allow":["GET"]}}],"collection":[{"href":"https:\/\/museoupdating.webs.upv.es\/en\/wp-json\/wp\/v2\/pages"}],"about":[{"href":"https:\/\/museoupdating.webs.upv.es\/en\/wp-json\/wp\/v2\/types\/page"}],"author":[{"embeddable":true,"href":"https:\/\/museoupdating.webs.upv.es\/en\/wp-json\/wp\/v2\/users\/2"}],"replies":[{"embeddable":true,"href":"https:\/\/museoupdating.webs.upv.es\/en\/wp-json\/wp\/v2\/comments?post=7660"}],"version-history":[{"count":2,"href":"https:\/\/museoupdating.webs.upv.es\/en\/wp-json\/wp\/v2\/pages\/7660\/revisions"}],"predecessor-version":[{"id":7663,"href":"https:\/\/museoupdating.webs.upv.es\/en\/wp-json\/wp\/v2\/pages\/7660\/revisions\/7663"}],"wp:featuredmedia":[{"embeddable":true,"href":"https:\/\/museoupdating.webs.upv.es\/en\/wp-json\/wp\/v2\/media\/7658"}],"wp:attachment":[{"href":"https:\/\/museoupdating.webs.upv.es\/en\/wp-json\/wp\/v2\/media?parent=7660"}],"curies":[{"name":"wp","href":"https:\/\/api.w.org\/{rel}","templated":true}]}}