{"id":7684,"date":"2014-03-09T13:45:45","date_gmt":"2014-03-09T13:45:45","guid":{"rendered":"http:\/\/museo.inf.upv.es\/?page_id=1230"},"modified":"2021-05-26T18:33:24","modified_gmt":"2021-05-26T18:33:24","slug":"concursfotografia2014","status":"publish","type":"page","link":"https:\/\/museoupdating.webs.upv.es\/en\/concursfotografia2014\/","title":{"rendered":"(Espa\u00f1ol) I Concurso De Fotograf\u00eda Digital Bits En Femenino: La Inform\u00e1tica Necesita Mujeres Para Inventar El Futuro"},"content":{"rendered":"<p class=\"qtranxs-available-languages-message qtranxs-available-languages-message-en\">Sorry, this entry is only available in <a href=\"https:\/\/museoupdating.webs.upv.es\/es\/wp-json\/wp\/v2\/pages\/7684\" class=\"qtranxs-available-language-link qtranxs-available-language-link-es\" title=\"Espa\u00f1ol\">Espa\u00f1ol<\/a> and <a href=\"https:\/\/museoupdating.webs.upv.es\/va\/wp-json\/wp\/v2\/pages\/7684\" class=\"qtranxs-available-language-link qtranxs-available-language-link-va\" title=\"Valenci\u00e0\">Valenci\u00e0<\/a>.<\/p>","protected":false},"excerpt":{"rendered":"<p>Sorry, this entry is only available in Espa\u00f1ol and Valenci\u00e0.<\/p>\n","protected":false},"author":2,"featured_media":7685,"parent":0,"menu_order":0,"comment_status":"closed","ping_status":"closed","template":"","meta":{"inline_featured_image":false,"_monsterinsights_skip_tracking":false,"_monsterinsights_sitenote_active":false,"_monsterinsights_sitenote_note":"","_monsterinsights_sitenote_category":0,"footnotes":""},"class_list":["post-7684","page","type-page","status-publish","has-post-thumbnail","hentry","post","post-with-thumbnail","post-with-thumbnail-large"],"_links":{"self":[{"href":"https:\/\/museoupdating.webs.upv.es\/en\/wp-json\/wp\/v2\/pages\/7684","targetHints":{"allow":["GET"]}}],"collection":[{"href":"https:\/\/museoupdating.webs.upv.es\/en\/wp-json\/wp\/v2\/pages"}],"about":[{"href":"https:\/\/museoupdating.webs.upv.es\/en\/wp-json\/wp\/v2\/types\/page"}],"author":[{"embeddable":true,"href":"https:\/\/museoupdating.webs.upv.es\/en\/wp-json\/wp\/v2\/users\/2"}],"replies":[{"embeddable":true,"href":"https:\/\/museoupdating.webs.upv.es\/en\/wp-json\/wp\/v2\/comments?post=7684"}],"version-history":[{"count":7,"href":"https:\/\/museoupdating.webs.upv.es\/en\/wp-json\/wp\/v2\/pages\/7684\/revisions"}],"predecessor-version":[{"id":7705,"href":"https:\/\/museoupdating.webs.upv.es\/en\/wp-json\/wp\/v2\/pages\/7684\/revisions\/7705"}],"wp:featuredmedia":[{"embeddable":true,"href":"https:\/\/museoupdating.webs.upv.es\/en\/wp-json\/wp\/v2\/media\/7685"}],"wp:attachment":[{"href":"https:\/\/museoupdating.webs.upv.es\/en\/wp-json\/wp\/v2\/media?parent=7684"}],"curies":[{"name":"wp","href":"https:\/\/api.w.org\/{rel}","templated":true}]}}