{"id":1668,"date":"2014-07-10T18:54:08","date_gmt":"2014-07-10T18:54:08","guid":{"rendered":"http:\/\/museo.inf.upv.es\/?page_id=1668"},"modified":"2022-06-14T07:54:14","modified_gmt":"2022-06-14T07:54:14","slug":"edsac","status":"publish","type":"page","link":"https:\/\/museoupdating.webs.upv.es\/va\/edsac\/","title":{"rendered":"EDSAC"},"content":{"rendered":"<p><\/p>\n<p>EDSAC: El primer ordinador de programa emmagatzemat<\/p>\n<p><\/p>\n<div class=\"post-entry\">\n<p style=\"text-align: center;\"><strong><span style=\"color: #d60066;\"><span style=\"font-size: 2em; line-height: 1.5em;\">EDSAC : El primer ordinador de programa emmagatzemat<\/span><\/span><span style=\"color: #d60066;\"><span style=\"font-size: 2em; line-height: 1.5em;\">\u00a0<\/span><\/span><\/strong><\/p>\n<p style=\"text-align: center;\"><strong>Antonio P\u00e9rez Villaescusa<\/strong><\/p>\n<p>El EDSAC es un computador construido en Gran Breta\u00f1a, concretamente en la <strong>universidad de Cambridge<\/strong> tras la segunda guerra mundial.<\/p>\n<p>Gran Breta\u00f1a hab\u00eda desarrollado una gran experiencia computaci\u00f3n debido al af\u00e1n por descifrar los c\u00f3digos secretos de\u00a0los nazis.<\/p>\n<p>Para ello se hab\u00edan establecido distintos centros de criptograf\u00eda como el de Bletchley Park donde trabaj\u00f3 el gran lan Turing.<\/p>\n<p>Ya exist\u00eda el inter\u00e9s por estas m\u00e1quinas en la comunidad cient\u00edfica, y uno de los grandes interesados era <strong>Maurice Vicent Wilkes.<\/strong><\/p>\n<p style=\"text-align: center;\"><strong>\u00a0<\/strong><\/p>\n<div>\n<p style=\"text-align: right;\"><strong><img loading=\"lazy\" decoding=\"async\" class=\"wp-image-2235 size-medium aligncenter\" src=\"https:\/\/museoupdating.webs.upv.es\/wp-content\/uploads\/2021\/04\/Edsac01-300x225.jpg\" alt=\"\" width=\"300\" height=\"225\" srcset=\"https:\/\/museoupdating.webs.upv.es\/wp-content\/uploads\/2021\/04\/Edsac01-300x225.jpg 300w, https:\/\/museoupdating.webs.upv.es\/wp-content\/uploads\/2021\/04\/Edsac01-1024x768.jpg 1024w, https:\/\/museoupdating.webs.upv.es\/wp-content\/uploads\/2021\/04\/Edsac01-768x576.jpg 768w, https:\/\/museoupdating.webs.upv.es\/wp-content\/uploads\/2021\/04\/Edsac01-1536x1152.jpg 1536w, https:\/\/museoupdating.webs.upv.es\/wp-content\/uploads\/2021\/04\/Edsac01.jpg 1600w\" sizes=\"auto, (max-width: 300px) 100vw, 300px\" \/><\/strong><\/p>\n<p>Wilkes era conocedor de que en la <i>Moore School<\/i> en Estados Unidos se estaba construyendo un computador electr\u00f3nico, tal era su inter\u00e9s que cuando su amigo Williams regres\u00f3 de un viaje a dicha escuela le regal\u00f3 el <i>&#8220;EDVAC Report&#8221;<\/i>, un informe redactado por <b>John Von Neumann<\/b> y en el que se describ\u00eda<br \/>\nla creaci\u00f3n de dicho computador.<\/p>\n<p>Con la informaci\u00f3n extraida del documento anterior y su asistencia a unas conferencias en la <i>Moore School<\/i> Wilkes estaba decidido a crear su propio computador electr\u00f3nico. Para ello reuni\u00f3 un grupo compuesto por gente de confianza que a su vez eran grandes expertos en sus respectivos campos, en este equipo de trabajo<br \/>\nestaban entre otros Wheeler, Chamberlain, Gold&#8230;<\/p>\n<\/div>\n<div>\n<p>Los distintos componentes tecnol\u00f3gicos que formaron el EDSAC fueron :<\/p>\n<div>\n<table style=\"border: 0px;\" border=\"0\" width=\"400\">\n<tbody>\n<tr>\n<td style=\"border: 0px; min-width: 400px;\"><img loading=\"lazy\" decoding=\"async\" class=\"size-medium wp-image-2236\" src=\"https:\/\/museoupdating.webs.upv.es\/wp-content\/uploads\/2021\/04\/Edsac02-300x214.jpg\" alt=\"\" width=\"300\" height=\"214\" srcset=\"https:\/\/museoupdating.webs.upv.es\/wp-content\/uploads\/2021\/04\/Edsac02-300x214.jpg 300w, https:\/\/museoupdating.webs.upv.es\/wp-content\/uploads\/2021\/04\/Edsac02-768x549.jpg 768w, https:\/\/museoupdating.webs.upv.es\/wp-content\/uploads\/2021\/04\/Edsac02.jpg 840w\" sizes=\"auto, (max-width: 300px) 100vw, 300px\" \/><\/td>\n<td style=\"vertical-align: middle; border: 0px;\">\n<blockquote>\n<p style=\"text-align: left;\"><b>Tubos de vac\u00edo<\/b> : Los tubos de vac\u00edo o v\u00e1lvulas termoi\u00f3nicas son unos dispositivos electr\u00f3nicos que permiten regular el flujo de electrones que lo atraviesan, consisten en una c\u00e1psula de vac\u00edo hecha de vidrio o acero y en su interior se encuentran compuestas de al menos tres elemento un filamento que al conectarse a potencial el\u00e9ctrico se calienta, una placa que rodea el filamento y se comporta como un c\u00e1todo (emisor de electrones) y otra placa llamada \u00e1nodo que rodea al c\u00e1todo y recoge los electrones que salen del c\u00e1todo. El c\u00e1todo se encuentra conectado a potencial negativo y por tanto est\u00e1 saturado de electrones, que ser\u00e1n emitidos y recogidos por el \u00e1nodo (conectado a potencial positivo respecto al c\u00e1todo). El c\u00e1todo se calienta para que sus electrones est\u00e9n sobreexcitados y tengan propensi\u00f3n a abandonar sus respectivos \u00e1tomos. Los electrones que salgan despedidos del c\u00e1todo atravesar\u00e1n el vac\u00edo llegando al \u00e1nodo.<\/p>\n<\/blockquote>\n<\/td>\n<\/tr>\n<\/tbody>\n<\/table>\n<\/div>\n<div>\n<table style=\"border: 0px;\" border=\"0\" width=\"200\">\n<tbody>\n<tr>\n<td style=\"vertical-align: middle; border: 0px;\">\n<blockquote>\n<p style=\"text-align: left;\"><b>Memoria de l\u00ednea de retardo<\/b> : Este tipo de memorias retienen la informaci\u00f3n de la siguiente manera, las se\u00f1ales el\u00e9ctricas se transforman a ondas sonoras y se introducen en los tubos, dichas ondas viajan a trav\u00e9s del mercurio hasta que son utilizadas, antes de salir completamente del tubo de nuevo son convertidas en se\u00f1ales el\u00e9ctricas. Esta conversi\u00f3n de se\u00f1ales el\u00e9ctricas a ondas ac\u00fasticas y viceversa la realiza un cristal de cuarzo que se coloca en cada uno de los extremos, para as\u00ed realizar la conversi\u00f3n pertinente. Era com\u00fan agrupar diversas l\u00edneas de retardo para formar lo que se conoce como bater\u00eda o tanque de l\u00edneas de retardo.<\/p>\n<p><a href=\"https:\/\/www.youtube.com\/v\/=xGEAPVCuwvY\">Aqu\u00ed un v\u00eddeo para entender mejor el funcionamiento de esta memoria.<\/a><\/p><\/blockquote>\n<\/td>\n<td style=\"border: 0px; min-width: 300px;\"><img loading=\"lazy\" decoding=\"async\" class=\"alignnone size-medium wp-image-2237\" src=\"https:\/\/museoupdating.webs.upv.es\/wp-content\/uploads\/2021\/04\/Edsac03-219x300.jpg\" alt=\"\" width=\"219\" height=\"300\" srcset=\"https:\/\/museoupdating.webs.upv.es\/wp-content\/uploads\/2021\/04\/Edsac03-219x300.jpg 219w, https:\/\/museoupdating.webs.upv.es\/wp-content\/uploads\/2021\/04\/Edsac03-749x1024.jpg 749w, https:\/\/museoupdating.webs.upv.es\/wp-content\/uploads\/2021\/04\/Edsac03-768x1050.jpg 768w, https:\/\/museoupdating.webs.upv.es\/wp-content\/uploads\/2021\/04\/Edsac03-1123x1536.jpg 1123w, https:\/\/museoupdating.webs.upv.es\/wp-content\/uploads\/2021\/04\/Edsac03.jpg 1170w\" sizes=\"auto, (max-width: 219px) 100vw, 219px\" \/><\/td>\n<\/tr>\n<\/tbody>\n<\/table>\n<\/div>\n<div>\u200b<\/p>\n<table style=\"border: 0px;\" border=\"0\" width=\"200\">\n<tbody>\n<tr>\n<td style=\"border: 0px; min-width: 300px;\"><img loading=\"lazy\" decoding=\"async\" class=\"alignnone size-medium wp-image-2238\" src=\"https:\/\/museoupdating.webs.upv.es\/wp-content\/uploads\/2021\/04\/Edsac04-300x239.jpg\" alt=\"\" width=\"300\" height=\"239\" srcset=\"https:\/\/museoupdating.webs.upv.es\/wp-content\/uploads\/2021\/04\/Edsac04-300x239.jpg 300w, https:\/\/museoupdating.webs.upv.es\/wp-content\/uploads\/2021\/04\/Edsac04-1024x815.jpg 1024w, https:\/\/museoupdating.webs.upv.es\/wp-content\/uploads\/2021\/04\/Edsac04-768x612.jpg 768w, https:\/\/museoupdating.webs.upv.es\/wp-content\/uploads\/2021\/04\/Edsac04.jpg 1036w\" sizes=\"auto, (max-width: 300px) 100vw, 300px\" \/><\/td>\n<td style=\"vertical-align: middle; border: 0px;\">\n<blockquote>\n<p style=\"text-align: left;\"><b>Pantalla de rayos cat\u00f3dicos<\/b> : Era posible visualizar el contenido de las memorias de l\u00ednea de retardo en un tubo de rayos cat\u00f3dicos (CRT). El contenido se mostraba en forma binaria. Los CRT eran muy importantes ya que ayudaban a observar el desarrollo de los programas y a depurarlos. En un inicio hab\u00edan cinco tubos CRT en los que se pod\u00eda observar el \u201dOrder Tank\u201d ( el cual conten\u00eda la instrucci\u00f3n actual ), el \u201dAccumulator\u201d , dos registro de multiplicaci\u00f3n, el contenido del contador, el Control Secuencial de Registro y las 32 palabras.<\/p>\n<\/blockquote>\n<\/td>\n<\/tr>\n<\/tbody>\n<\/table>\n<\/div>\n<div>\u200b<\/p>\n<table style=\"border: 0px;\" border=\"0\" width=\"200\">\n<tbody>\n<tr>\n<td style=\"vertical-align: middle; border: 0px;\">\n<blockquote>\n<p style=\"text-align: left;\"><b>Lector de cintas perforadas<\/b> : Para introducir los programas a la m\u00e1quina se utilizaba un lector de cintas que estaba conectado a la memoria, en el se introduc\u00edan las cintas en las que el programa hab\u00eda sido previamente perforado, el EDSAC contaba con una bater\u00eda de 5 lectores de cintas que operaban a una velocidad de 50 caracteres por segundo.<\/p>\n<\/blockquote>\n<\/td>\n<td style=\"border: 0px; min-width: 300px;\"><img loading=\"lazy\" decoding=\"async\" class=\"alignnone size-medium wp-image-2239\" src=\"https:\/\/museoupdating.webs.upv.es\/wp-content\/uploads\/2021\/04\/Edsac05-300x200.jpg\" alt=\"\" width=\"300\" height=\"200\" srcset=\"https:\/\/museoupdating.webs.upv.es\/wp-content\/uploads\/2021\/04\/Edsac05-300x200.jpg 300w, https:\/\/museoupdating.webs.upv.es\/wp-content\/uploads\/2021\/04\/Edsac05-272x182.jpg 272w, https:\/\/museoupdating.webs.upv.es\/wp-content\/uploads\/2021\/04\/Edsac05.jpg 475w\" sizes=\"auto, (max-width: 300px) 100vw, 300px\" \/><\/td>\n<\/tr>\n<\/tbody>\n<\/table>\n<\/div>\n<div>\n<table style=\"border: 0px;\" border=\"0\" width=\"200\">\n<tbody>\n<tr>\n<td style=\"border: 0px; min-width: 300px;\"><\/td>\n<\/tr>\n<\/tbody>\n<\/table>\n<\/div>\n<\/div>\n<\/div>\n<p><\/span><\/p>\n<\/div>","protected":false},"excerpt":{"rendered":"<p>EDSAC: El primer ordinador de programa emmagatzemat EDSAC : El primer ordinador de programa emmagatzemat\u00a0 Antonio P\u00e9rez Villaescusa El EDSAC es un computador construido en Gran Breta\u00f1a, concretamente en la universidad de Cambridge tras la segunda guerra mundial. Gran Breta\u00f1a hab\u00eda desarrollado una gran experiencia computaci\u00f3n debido al af\u00e1n por descifrar los c\u00f3digos secretos de\u00a0los [&hellip;]<\/p>\n","protected":false},"author":1,"featured_media":0,"parent":0,"menu_order":0,"comment_status":"closed","ping_status":"closed","template":"","meta":{"inline_featured_image":false,"_monsterinsights_skip_tracking":false,"_monsterinsights_sitenote_active":false,"_monsterinsights_sitenote_note":"","_monsterinsights_sitenote_category":0,"footnotes":""},"class_list":["post-1668","page","type-page","status-publish","hentry","post"],"_links":{"self":[{"href":"https:\/\/museoupdating.webs.upv.es\/va\/wp-json\/wp\/v2\/pages\/1668","targetHints":{"allow":["GET"]}}],"collection":[{"href":"https:\/\/museoupdating.webs.upv.es\/va\/wp-json\/wp\/v2\/pages"}],"about":[{"href":"https:\/\/museoupdating.webs.upv.es\/va\/wp-json\/wp\/v2\/types\/page"}],"author":[{"embeddable":true,"href":"https:\/\/museoupdating.webs.upv.es\/va\/wp-json\/wp\/v2\/users\/1"}],"replies":[{"embeddable":true,"href":"https:\/\/museoupdating.webs.upv.es\/va\/wp-json\/wp\/v2\/comments?post=1668"}],"version-history":[{"count":60,"href":"https:\/\/museoupdating.webs.upv.es\/va\/wp-json\/wp\/v2\/pages\/1668\/revisions"}],"predecessor-version":[{"id":9334,"href":"https:\/\/museoupdating.webs.upv.es\/va\/wp-json\/wp\/v2\/pages\/1668\/revisions\/9334"}],"wp:attachment":[{"href":"https:\/\/museoupdating.webs.upv.es\/va\/wp-json\/wp\/v2\/media?parent=1668"}],"curies":[{"name":"wp","href":"https:\/\/api.w.org\/{rel}","templated":true}]}}