{"id":201,"date":"2021-03-30T13:59:42","date_gmt":"2021-03-30T13:59:42","guid":{"rendered":"https:\/\/museoupdating.webs.upv.es\/nuevaweb\/?page_id=201"},"modified":"2021-06-09T16:32:55","modified_gmt":"2021-06-09T16:32:55","slug":"estaciones-de-trabajo","status":"publish","type":"page","link":"https:\/\/museoupdating.webs.upv.es\/va\/estaciones-de-trabajo\/","title":{"rendered":"Estacions de Treball"},"content":{"rendered":"<div class=\"wp-block-columns is-layout-flex wp-container-core-columns-is-layout-9d6595d7 wp-block-columns-is-layout-flex\">\n<div class=\"wp-block-column is-layout-flow wp-block-column-is-layout-flow\" style=\"flex-basis:60%\">\n<figure class=\"wp-block-image size-full\"><img loading=\"lazy\" decoding=\"async\" width=\"1600\" height=\"1000\" src=\"https:\/\/museoupdating.webs.upv.es\/wp-content\/uploads\/2021\/05\/WhatsApp-Image-2021-05-10-at-12.50.31-edited.jpeg\" alt=\"\" class=\"wp-image-5884\" srcset=\"https:\/\/museoupdating.webs.upv.es\/wp-content\/uploads\/2021\/05\/WhatsApp-Image-2021-05-10-at-12.50.31-edited.jpeg 1600w, https:\/\/museoupdating.webs.upv.es\/wp-content\/uploads\/2021\/05\/WhatsApp-Image-2021-05-10-at-12.50.31-edited-300x188.jpeg 300w, https:\/\/museoupdating.webs.upv.es\/wp-content\/uploads\/2021\/05\/WhatsApp-Image-2021-05-10-at-12.50.31-edited-1024x640.jpeg 1024w, https:\/\/museoupdating.webs.upv.es\/wp-content\/uploads\/2021\/05\/WhatsApp-Image-2021-05-10-at-12.50.31-edited-768x480.jpeg 768w, https:\/\/museoupdating.webs.upv.es\/wp-content\/uploads\/2021\/05\/WhatsApp-Image-2021-05-10-at-12.50.31-edited-1536x960.jpeg 1536w, https:\/\/museoupdating.webs.upv.es\/wp-content\/uploads\/2021\/05\/WhatsApp-Image-2021-05-10-at-12.50.31-edited-436x272.jpeg 436w\" sizes=\"auto, (max-width: 1600px) 100vw, 1600px\" \/><\/figure>\n<\/div>\n\n\n\n<div class=\"wp-block-column is-vertically-aligned-center is-layout-flow wp-block-column-is-layout-flow\" style=\"flex-basis:30%\">\n<div class=\"wp-block-image\"><figure class=\"aligncenter size-large is-resized\"><img loading=\"lazy\" decoding=\"async\" src=\"https:\/\/museoupdating.webs.upv.es\/wp-content\/uploads\/2021\/05\/audios_museu.png\" alt=\"\" class=\"wp-image-4096\" width=\"107\" height=\"70\" srcset=\"https:\/\/museoupdating.webs.upv.es\/wp-content\/uploads\/2021\/05\/audios_museu.png 912w, https:\/\/museoupdating.webs.upv.es\/wp-content\/uploads\/2021\/05\/audios_museu-300x197.png 300w, https:\/\/museoupdating.webs.upv.es\/wp-content\/uploads\/2021\/05\/audios_museu-768x505.png 768w\" sizes=\"auto, (max-width: 107px) 100vw, 107px\" \/><\/figure><\/div>\n\n\n\n<p><\/p>\n\n\n\n<figure class=\"wp-block-audio\"><audio controls src=\"https:\/\/museoupdating.webs.upv.es\/wp-content\/uploads\/2021\/05\/Audio-2-CEC-estaciones-de-trabajo-VAL.mp3\"><\/audio><\/figure>\n\n\n\n<p><\/p>\n<\/div>\n<\/div>\n\n\n<p style=\"text-align: justify;\"><\/p>\n<p style=\"text-align: justify;\">A principi de la d\u00e8cada dels 80 del segle XX, convivien en el mercat tres tipus de computadors.&nbsp;En primer lloc, els mainframes i els no tan grans, -per\u00f2 encara aix\u00ed grans-, minicomputadores, amb perif\u00e8rics distribu\u00efts en diferents armaris, sense recursos gr\u00e0fics i amb terminals connectats entre si mitjan\u00e7ant xarxes rudiment\u00e0ries pensades per a teletips.&nbsp;D&#8217;altra banda els microcomputadores dom\u00e8stics basats en microprocessadors de 8 bits.&nbsp;Aquests xicotets computadors es connectaven al televisor, tenien capacitats multim\u00e8dia limitades i van representar una alternativa de preu assequible va donar lloc a una incipient comunitat interessada en la inform\u00e0tica a trav\u00e9s de la programaci\u00f3 en llenguatge BASIC i els videojocs.&nbsp;Finalment, els ordinadors personals, sorgits a principis de la d\u00e8cada com a evoluci\u00f3 dels terminals de les grans mainframes. Aquests ordinadors incorporaven microprocessadors de 8 o 16 bits i un sistema operatiu monoproceso sense gesti\u00f3 multiusuario ni protecci\u00f3 de mem\u00f2ria.&nbsp;El control del cat\u00e0leg creixent de perif\u00e8rics requeia en el microprocessador i, malgrat la seua escassa pot\u00e8ncia de c\u00f2mput, aquests ordinadors es van convertir de facto en la nova eina de gesti\u00f3 de xicotetes oficines.<\/p>\n<p style=\"text-align: justify;\">A la fi dels 80 i, sobretot, durant la d\u00e8cada dels 90, van apar\u00e9ixer uns computadors de sobretaula basats en potents CPU de 32 o 64 bits, amb unitats aritm\u00e8tiques de molt alta precisi\u00f3 de c\u00e0lcul, mem\u00f2ria principal de gran capacitat -disposada en m\u00f2duls estandarditzats-, interf\u00edcies gr\u00e0fiques d&#8217;altes prestacions, monitors enormes que superaven les vint polzades, i un sistema operatiu multiusuario i multiproc\u00e9s basat en UNIX capa\u00e7 de gestionar eficientment els recursos f\u00edsics de la computadora.<\/p>\n<p style=\"text-align: justify;\">Comptaven tamb\u00e9 amb una gran connectivitat via Ethernet que permetia treballar en equip i compartir dades i programes. Aquestes computadores van comen\u00e7ar a con\u00e9ixer-se com a \u201cestacions de treball\u201d o \u201cworkstations\u201d, i van anar \u00e0mpliament utilitzades en centres d&#8217;investigaci\u00f3 cient\u00edfica, universitats, estudis d&#8217;enginyeria i en els primers centres de producci\u00f3 digital.<\/p>\n<p style=\"text-align: justify;\">Les principals companyies fabricadores de workstations van ser Apollo, SUN \u2013Standford University Network-, SGI \u2013Silicon Graphics Inc.-, HP -Hewlett Packard- i DEC -Digital Equipment Company-, totes elles estatunidenques.<\/p>\n<p style=\"text-align: justify;\">D&#8217;aquestes, HP i DEC havien fabricat anteriorment mainframes i minicomputadoras, mentre que Apollo (posteriorment adquirida per HP), SUN i SGI eren empreses de nova creaci\u00f3.<\/p>\n<p style=\"text-align: justify;\">En l&#8217;\u00e0mbit d&#8217;arquitectura de computadors, la frontera entre una workstation i un ordinador personal era difusa i atenia les prestacions i al sistema operatiu. Per exemple, computadors com el Commodore Amiga, el Atari ST o l&#8217;Apple Macintosh utilitzaven els mateixos microprocessadors Motorola i terminals gr\u00e0fics avan\u00e7ats, per\u00f2 es distingien de les workstations que el seu sistema operatiu no estava basat en UNIX. No obstant aix\u00f2, amb el temps les difer\u00e8ncies van cr\u00e9ixer.<\/p>\n<p style=\"text-align: justify;\">Per exemple, l&#8217;arquitectura de les CPU per a workstations va prendre com a model la dels mainframes, per\u00f2 buscava reduir la grand\u00e0ria de les plaques de circuit impr\u00e9s a un \u00fanic circuit integrat.<\/p>\n<p style=\"text-align: justify;\">No obstant aix\u00f2, l&#8217;aproximaci\u00f3 que va quallar a la fi de la d\u00e8cada de 1980 va suposar una revisi\u00f3 profunda de la relaci\u00f3 entre CPU i mem\u00f2ria. Aix\u00ed, es van vincular estretament els dissenys del processador i del sistema de mem\u00f2ria, afegint una mem\u00f2ria virtual, instruccions espec\u00edfiques per a l&#8217;acc\u00e9s a la mem\u00f2ria i un conjunt redu\u00eft d&#8217;instruccions m\u00e0quina dissenyades per a la seua execuci\u00f3 en un nombre redu\u00eft de cicles de rellotge.<\/p>\n<p style=\"text-align: justify;\">Aquesta renovaci\u00f3 del disseny de processadors, sorgida de projectes de les universitats de Stanford i Berkeley, va conduir a la coneguda com a arquitectura RISC. Aquesta \u201crevoluci\u00f3 RISC\u201d va donar lloc a processadors tres vegades m\u00e9s r\u00e0pids que altres coetanis amb el mateix nombre de transistors.<\/p>\n<p style=\"text-align: justify;\">Al comen\u00e7ament del segle XXI, un ordinador personal de gamma mitjana amb sistema operatiu Linux oferia unes prestacions similars a una workstation per\u00f2 a una fracci\u00f3 del seu cost. Aix\u00f2 va provocar que el mercat de les workstations, aix\u00ed com el dels seus processadors, comen\u00e7ara a esvair-se.<\/p>\n<p style=\"text-align: justify;\">A pesar que aquest tipus de computadora va desapar\u00e9ixer al voltant de 2010, una evoluci\u00f3 de l&#8217;arquitectura RISC coneguda com ARM \u00e9s la base dels processadors de dispositius port\u00e0tils com a tauletes o tel\u00e8fons intel\u00b7ligents, i fins i tot s&#8217;utilitzen en supercomputadors com el japon\u00e9s Fugaku del RIKEN Center for Computational Science, que consta com el m\u00e9s r\u00e0pid en 2020 segons el r\u00e0nquing TOP500.<\/p>\n<p style=\"text-align: justify;\"><\/p>\n\n\n<p><\/p>\n\n\n\n<p><\/p>","protected":false},"excerpt":{"rendered":"<p>A principi de la d\u00e8cada dels 80 del segle XX, convivien en el mercat tres tipus de computadors.&nbsp;En primer lloc, els mainframes i els no tan grans, -per\u00f2 encara aix\u00ed grans-, minicomputadores, amb perif\u00e8rics distribu\u00efts en diferents armaris, sense recursos gr\u00e0fics i amb terminals connectats entre si mitjan\u00e7ant xarxes rudiment\u00e0ries pensades per a teletips.&nbsp;D&#8217;altra banda [&hellip;]<\/p>\n","protected":false},"author":1,"featured_media":0,"parent":0,"menu_order":0,"comment_status":"closed","ping_status":"closed","template":"","meta":{"inline_featured_image":false,"_monsterinsights_skip_tracking":false,"_monsterinsights_sitenote_active":false,"_monsterinsights_sitenote_note":"","_monsterinsights_sitenote_category":0,"footnotes":""},"class_list":["post-201","page","type-page","status-publish","hentry","post"],"_links":{"self":[{"href":"https:\/\/museoupdating.webs.upv.es\/va\/wp-json\/wp\/v2\/pages\/201","targetHints":{"allow":["GET"]}}],"collection":[{"href":"https:\/\/museoupdating.webs.upv.es\/va\/wp-json\/wp\/v2\/pages"}],"about":[{"href":"https:\/\/museoupdating.webs.upv.es\/va\/wp-json\/wp\/v2\/types\/page"}],"author":[{"embeddable":true,"href":"https:\/\/museoupdating.webs.upv.es\/va\/wp-json\/wp\/v2\/users\/1"}],"replies":[{"embeddable":true,"href":"https:\/\/museoupdating.webs.upv.es\/va\/wp-json\/wp\/v2\/comments?post=201"}],"version-history":[{"count":45,"href":"https:\/\/museoupdating.webs.upv.es\/va\/wp-json\/wp\/v2\/pages\/201\/revisions"}],"predecessor-version":[{"id":8514,"href":"https:\/\/museoupdating.webs.upv.es\/va\/wp-json\/wp\/v2\/pages\/201\/revisions\/8514"}],"wp:attachment":[{"href":"https:\/\/museoupdating.webs.upv.es\/va\/wp-json\/wp\/v2\/media?parent=201"}],"curies":[{"name":"wp","href":"https:\/\/api.w.org\/{rel}","templated":true}]}}