{"id":215,"date":"2021-03-31T12:31:03","date_gmt":"2021-03-31T12:31:03","guid":{"rendered":"https:\/\/museoupdating.webs.upv.es\/nuevaweb\/?page_id=215"},"modified":"2021-05-26T18:34:01","modified_gmt":"2021-05-26T18:34:01","slug":"bits-en-femenino","status":"publish","type":"page","link":"https:\/\/museoupdating.webs.upv.es\/va\/bits-en-femenino\/","title":{"rendered":"Posters Bits en femen\u00ed"},"content":{"rendered":"<p style=\"text-align: justify;\">El Museu d\u2019Inform\u00e0tica de la Escola T\u00e9cnica Superior d\u2019Enginyeria Inform\u00e0tica t\u00e9 com a un dels seus objectius posar en el punt de mira l\u2019important per\u00f2 poc conegut paper de la dona al camp de la inform\u00e0tica. Per aix\u00f3 el museu conta amb una exposici\u00f3 de p\u00f2sters a la primera planta del edifici 1E baix el nom \u201cBits En Femeni\u201d. Des d\u2019el Museu et convidem a que visites l\u2019exposici\u00f3 presencialment o online.<\/p>\n<p><\/p>\n\n<div id=\"pl-gb215-69da134eef9a3\"  class=\"panel-layout\" ><div id=\"pg-gb215-69da134eef9a3-0\"  class=\"panel-grid panel-no-style\" ><div id=\"pgc-gb215-69da134eef9a3-0-0\"  class=\"panel-grid-cell\" ><div id=\"panel-gb215-69da134eef9a3-0-0-0\" class=\"so-panel widget widget_media_gallery panel-first-child panel-last-child\" data-index=\"0\" >\n\t\t<style type=\"text\/css\">\n\t\t\t#gallery-1 {\n\t\t\t\tmargin: auto;\n\t\t\t}\n\t\t\t#gallery-1 .gallery-item {\n\t\t\t\tfloat: left;\n\t\t\t\tmargin-top: 10px;\n\t\t\t\ttext-align: center;\n\t\t\t\twidth: 25%;\n\t\t\t}\n\t\t\t#gallery-1 img {\n\t\t\t\tborder: 2px solid #cfcfcf;\n\t\t\t}\n\t\t\t#gallery-1 .gallery-caption {\n\t\t\t\tmargin-left: 0;\n\t\t\t}\n\t\t\t\/* see gallery_shortcode() in wp-includes\/media.php *\/\n\t\t<\/style>\n\t\t<div id='gallery-1' class='gallery galleryid-215 gallery-columns-4 gallery-size-medium'><dl class='gallery-item'>\n\t\t\t<dt class='gallery-icon portrait'>\n\t\t\t\t<a href='https:\/\/museoupdating.webs.upv.es\/wp-content\/uploads\/2021\/03\/portadadones-205x300-1.png'><img loading=\"lazy\" decoding=\"async\" width=\"205\" height=\"300\" src=\"https:\/\/museoupdating.webs.upv.es\/wp-content\/uploads\/2021\/03\/portadadones-205x300-1.png\" class=\"attachment-medium size-medium\" alt=\"\" \/><\/a>\n\t\t\t<\/dt><\/dl><dl class='gallery-item'>\n\t\t\t<dt class='gallery-icon portrait'>\n\t\t\t\t<a href='https:\/\/museoupdating.webs.upv.es\/wp-content\/uploads\/2021\/03\/newwoman-13-215x300-1.png'><img loading=\"lazy\" decoding=\"async\" width=\"215\" height=\"300\" src=\"https:\/\/museoupdating.webs.upv.es\/wp-content\/uploads\/2021\/03\/newwoman-13-215x300-1.png\" class=\"attachment-medium size-medium\" alt=\"\" \/><\/a>\n\t\t\t<\/dt><\/dl><dl class='gallery-item'>\n\t\t\t<dt class='gallery-icon portrait'>\n\t\t\t\t<a href='https:\/\/museoupdating.webs.upv.es\/wp-content\/uploads\/2021\/03\/newwoman-12-215x300-1.png'><img loading=\"lazy\" decoding=\"async\" width=\"215\" height=\"300\" src=\"https:\/\/museoupdating.webs.upv.es\/wp-content\/uploads\/2021\/03\/newwoman-12-215x300-1.png\" class=\"attachment-medium size-medium\" alt=\"\" \/><\/a>\n\t\t\t<\/dt><\/dl><dl class='gallery-item'>\n\t\t\t<dt class='gallery-icon portrait'>\n\t\t\t\t<a href='https:\/\/museoupdating.webs.upv.es\/wp-content\/uploads\/2021\/03\/newwoman11bajares-732x1024-1.png'><img loading=\"lazy\" decoding=\"async\" width=\"214\" height=\"300\" src=\"https:\/\/museoupdating.webs.upv.es\/wp-content\/uploads\/2021\/03\/newwoman11bajares-732x1024-1-214x300.png\" class=\"attachment-medium size-medium\" alt=\"\" srcset=\"https:\/\/museoupdating.webs.upv.es\/wp-content\/uploads\/2021\/03\/newwoman11bajares-732x1024-1-214x300.png 214w, https:\/\/museoupdating.webs.upv.es\/wp-content\/uploads\/2021\/03\/newwoman11bajares-732x1024-1.png 732w\" sizes=\"auto, (max-width: 214px) 100vw, 214px\" \/><\/a>\n\t\t\t<\/dt><\/dl><br style=\"clear: both\" \/><dl class='gallery-item'>\n\t\t\t<dt class='gallery-icon portrait'>\n\t\t\t\t<a href='https:\/\/museoupdating.webs.upv.es\/wp-content\/uploads\/2021\/03\/newwoman-10bajares-215x300-1.png'><img loading=\"lazy\" decoding=\"async\" width=\"215\" height=\"300\" src=\"https:\/\/museoupdating.webs.upv.es\/wp-content\/uploads\/2021\/03\/newwoman-10bajares-215x300-1.png\" class=\"attachment-medium size-medium\" alt=\"\" \/><\/a>\n\t\t\t<\/dt><\/dl><dl class='gallery-item'>\n\t\t\t<dt class='gallery-icon portrait'>\n\t\t\t\t<a href='https:\/\/museoupdating.webs.upv.es\/wp-content\/uploads\/2021\/03\/newwoman9bajares-732x1024-1.png'><img loading=\"lazy\" decoding=\"async\" width=\"214\" height=\"300\" src=\"https:\/\/museoupdating.webs.upv.es\/wp-content\/uploads\/2021\/03\/newwoman9bajares-732x1024-1-214x300.png\" class=\"attachment-medium size-medium\" alt=\"\" srcset=\"https:\/\/museoupdating.webs.upv.es\/wp-content\/uploads\/2021\/03\/newwoman9bajares-732x1024-1-214x300.png 214w, https:\/\/museoupdating.webs.upv.es\/wp-content\/uploads\/2021\/03\/newwoman9bajares-732x1024-1.png 732w\" sizes=\"auto, (max-width: 214px) 100vw, 214px\" \/><\/a>\n\t\t\t<\/dt><\/dl><dl class='gallery-item'>\n\t\t\t<dt class='gallery-icon portrait'>\n\t\t\t\t<a href='https:\/\/museoupdating.webs.upv.es\/wp-content\/uploads\/2021\/03\/newwoman-8-215x300-1.png'><img loading=\"lazy\" decoding=\"async\" width=\"215\" height=\"300\" src=\"https:\/\/museoupdating.webs.upv.es\/wp-content\/uploads\/2021\/03\/newwoman-8-215x300-1.png\" class=\"attachment-medium size-medium\" alt=\"\" \/><\/a>\n\t\t\t<\/dt><\/dl><dl class='gallery-item'>\n\t\t\t<dt class='gallery-icon portrait'>\n\t\t\t\t<a href='https:\/\/museoupdating.webs.upv.es\/wp-content\/uploads\/2021\/03\/newwoman7bajares-732x1024-1.png'><img loading=\"lazy\" decoding=\"async\" width=\"214\" height=\"300\" src=\"https:\/\/museoupdating.webs.upv.es\/wp-content\/uploads\/2021\/03\/newwoman7bajares-732x1024-1-214x300.png\" class=\"attachment-medium size-medium\" alt=\"\" srcset=\"https:\/\/museoupdating.webs.upv.es\/wp-content\/uploads\/2021\/03\/newwoman7bajares-732x1024-1-214x300.png 214w, https:\/\/museoupdating.webs.upv.es\/wp-content\/uploads\/2021\/03\/newwoman7bajares-732x1024-1.png 732w\" sizes=\"auto, (max-width: 214px) 100vw, 214px\" \/><\/a>\n\t\t\t<\/dt><\/dl><br style=\"clear: both\" \/><dl class='gallery-item'>\n\t\t\t<dt class='gallery-icon portrait'>\n\t\t\t\t<a href='https:\/\/museoupdating.webs.upv.es\/wp-content\/uploads\/2021\/03\/newwoman6bajares-215x300-1.png'><img loading=\"lazy\" decoding=\"async\" width=\"215\" height=\"300\" src=\"https:\/\/museoupdating.webs.upv.es\/wp-content\/uploads\/2021\/03\/newwoman6bajares-215x300-1.png\" class=\"attachment-medium size-medium\" alt=\"\" \/><\/a>\n\t\t\t<\/dt><\/dl><dl class='gallery-item'>\n\t\t\t<dt class='gallery-icon portrait'>\n\t\t\t\t<a href='https:\/\/museoupdating.webs.upv.es\/wp-content\/uploads\/2021\/03\/newwoman5bajares-215x300-1.png'><img loading=\"lazy\" decoding=\"async\" width=\"215\" height=\"300\" src=\"https:\/\/museoupdating.webs.upv.es\/wp-content\/uploads\/2021\/03\/newwoman5bajares-215x300-1.png\" class=\"attachment-medium size-medium\" alt=\"\" \/><\/a>\n\t\t\t<\/dt><\/dl><dl class='gallery-item'>\n\t\t\t<dt class='gallery-icon portrait'>\n\t\t\t\t<a href='https:\/\/museoupdating.webs.upv.es\/wp-content\/uploads\/2021\/03\/newwoman-4-215x300-1.png'><img loading=\"lazy\" decoding=\"async\" width=\"215\" height=\"300\" src=\"https:\/\/museoupdating.webs.upv.es\/wp-content\/uploads\/2021\/03\/newwoman-4-215x300-1.png\" class=\"attachment-medium size-medium\" alt=\"\" \/><\/a>\n\t\t\t<\/dt><\/dl><dl class='gallery-item'>\n\t\t\t<dt class='gallery-icon portrait'>\n\t\t\t\t<a href='https:\/\/museoupdating.webs.upv.es\/wp-content\/uploads\/2021\/03\/newwoman-3-215x300-1.png'><img loading=\"lazy\" decoding=\"async\" width=\"215\" height=\"300\" src=\"https:\/\/museoupdating.webs.upv.es\/wp-content\/uploads\/2021\/03\/newwoman-3-215x300-1.png\" class=\"attachment-medium size-medium\" alt=\"\" \/><\/a>\n\t\t\t<\/dt><\/dl><br style=\"clear: both\" \/><dl class='gallery-item'>\n\t\t\t<dt class='gallery-icon portrait'>\n\t\t\t\t<a href='https:\/\/museoupdating.webs.upv.es\/wp-content\/uploads\/2021\/03\/newwoman-2-215x300-1.png'><img loading=\"lazy\" decoding=\"async\" width=\"215\" height=\"300\" src=\"https:\/\/museoupdating.webs.upv.es\/wp-content\/uploads\/2021\/03\/newwoman-2-215x300-1.png\" class=\"attachment-medium size-medium\" alt=\"\" \/><\/a>\n\t\t\t<\/dt><\/dl><dl class='gallery-item'>\n\t\t\t<dt class='gallery-icon portrait'>\n\t\t\t\t<a href='https:\/\/museoupdating.webs.upv.es\/wp-content\/uploads\/2021\/03\/newwoman-1-205x300-1.png'><img loading=\"lazy\" decoding=\"async\" width=\"205\" height=\"300\" src=\"https:\/\/museoupdating.webs.upv.es\/wp-content\/uploads\/2021\/03\/newwoman-1-205x300-1.png\" class=\"attachment-medium size-medium\" alt=\"\" \/><\/a>\n\t\t\t<\/dt><\/dl>\n\t\t\t<br style='clear: both' \/>\n\t\t<\/div>\n<\/div><\/div><\/div><\/div>\n\n<h4>Jornades Bits en Femen\u00ed <\/h4>\n<p style=\"text-align: justify;\"> Baix es poden trobar els enlla\u00e7os coresponents a las jornades Bits en femen\u00ed celebrades al Museu d\u2019Inform\u00e0tica de l\u2019ETSINF. <\/p>\n<ul>\n<li><a href=\"https:\/\/museoupdating.webs.upv.es\/blog\/2013\/06\/25\/ii-jornada-bits-en-femenino\/\">\u00a0II Jornada Bits en femen\u00ed <\/a><\/li>\n<li><a href=\"https:\/\/museoupdating.webs.upv.es\/concursfotografia2014\/\"> III Jornada Bits en femen\u00ed <\/a><\/li>\n<\/ul>","protected":false},"excerpt":{"rendered":"<p>El Museu d\u2019Inform\u00e0tica de la Escola T\u00e9cnica Superior d\u2019Enginyeria Inform\u00e0tica t\u00e9 com a un dels seus objectius posar en el punt de mira l\u2019important per\u00f2 poc conegut paper de la dona al camp de la inform\u00e0tica. Per aix\u00f3 el museu conta amb una exposici\u00f3 de p\u00f2sters a la primera planta del edifici 1E baix el [&hellip;]<\/p>\n","protected":false},"author":1,"featured_media":0,"parent":0,"menu_order":0,"comment_status":"closed","ping_status":"closed","template":"","meta":{"inline_featured_image":false,"_monsterinsights_skip_tracking":false,"_monsterinsights_sitenote_active":false,"_monsterinsights_sitenote_note":"","_monsterinsights_sitenote_category":0,"footnotes":""},"class_list":["post-215","page","type-page","status-publish","hentry","post"],"_links":{"self":[{"href":"https:\/\/museoupdating.webs.upv.es\/va\/wp-json\/wp\/v2\/pages\/215","targetHints":{"allow":["GET"]}}],"collection":[{"href":"https:\/\/museoupdating.webs.upv.es\/va\/wp-json\/wp\/v2\/pages"}],"about":[{"href":"https:\/\/museoupdating.webs.upv.es\/va\/wp-json\/wp\/v2\/types\/page"}],"author":[{"embeddable":true,"href":"https:\/\/museoupdating.webs.upv.es\/va\/wp-json\/wp\/v2\/users\/1"}],"replies":[{"embeddable":true,"href":"https:\/\/museoupdating.webs.upv.es\/va\/wp-json\/wp\/v2\/comments?post=215"}],"version-history":[{"count":28,"href":"https:\/\/museoupdating.webs.upv.es\/va\/wp-json\/wp\/v2\/pages\/215\/revisions"}],"predecessor-version":[{"id":7708,"href":"https:\/\/museoupdating.webs.upv.es\/va\/wp-json\/wp\/v2\/pages\/215\/revisions\/7708"}],"wp:attachment":[{"href":"https:\/\/museoupdating.webs.upv.es\/va\/wp-json\/wp\/v2\/media?parent=215"}],"curies":[{"name":"wp","href":"https:\/\/api.w.org\/{rel}","templated":true}]}}