{"id":2858,"date":"2012-11-12T11:32:18","date_gmt":"2012-11-12T11:32:18","guid":{"rendered":"http:\/\/museo.inf.upv.es\/?page_id=33"},"modified":"2021-09-14T07:47:35","modified_gmt":"2021-09-14T07:47:35","slug":"contacto","status":"publish","type":"page","link":"https:\/\/museoupdating.webs.upv.es\/va\/contacto\/","title":{"rendered":"Contacte"},"content":{"rendered":"<p><\/p>\n<p style=\"text-align: left;\"><a href=\"http:\/\/www.upv.es\/plano\/plano-2d-es.html\"><img loading=\"lazy\" decoding=\"async\" class=\"wp-image-61 alignright\" title=\"Mapa Museo\" src=\"https:\/\/museoupdating.webs.upv.es\/wp-content\/uploads\/2012\/11\/mapa-copia.png\" alt=\"\" width=\"568\" height=\"259\" \/><\/a><br \/>\n<strong>Museu de Inform\u00e0tica<\/strong><br \/>\nEscola T\u00e8cnica Superior d&#8217;Enginyeria Inform\u00e0tica<br \/>\nUniversitat Polit\u00e8cnica de Val\u00e8ncia<br \/>\nCam\u00ed de Vera, s\/n<br \/>\n46022 Val\u00e8ncia<\/p>\n<p style=\"text-align: left;\">Tel\u00e8fon: 96 387 7200<br \/>\nP\u00e0gina web: <a href=\"http:\/\/museu.inf.upv.es\">http:\/\/museu.inf.upv.es<\/a><br \/>\nCorreu electr\u00f2nic: <a href=\"mailto:info.museu@etsinf.upv.es\">info.museu@etsinf.upv.es<\/a><\/p>\n<p><center><iframe loading=\"lazy\" style=\"border: 0;\" src=\"https:\/\/www.google.com\/maps\/embed?pb=!1m14!1m8!1m3!1d384.92622232852204!2d-0.3480101724079803!3d39.482660692977596!3m2!1i1024!2i768!4f13.1!3m3!1m2!1s0xd60489cef665ba7%3A0x8a1e46e245ec0ed9!2sMuseo+de+Inform%C3%A1tica+ETSINF!5e0!3m2!1ses!2s!4v1410791849160\" width=\"600\" height=\"450\" frameborder=\"0\"><\/iframe><\/center><\/p>","protected":false},"excerpt":{"rendered":"<p>Museu de Inform\u00e0tica Escola T\u00e8cnica Superior d&#8217;Enginyeria Inform\u00e0tica Universitat Polit\u00e8cnica de Val\u00e8ncia Cam\u00ed de Vera, s\/n 46022 Val\u00e8ncia Tel\u00e8fon: 96 387 7200 P\u00e0gina web: http:\/\/museu.inf.upv.es Correu electr\u00f2nic: info.museu@etsinf.upv.es<\/p>\n","protected":false},"author":2,"featured_media":0,"parent":0,"menu_order":90,"comment_status":"closed","ping_status":"closed","template":"","meta":{"inline_featured_image":false,"_monsterinsights_skip_tracking":false,"_monsterinsights_sitenote_active":false,"_monsterinsights_sitenote_note":"","_monsterinsights_sitenote_category":0,"footnotes":""},"class_list":["post-2858","page","type-page","status-publish","hentry","post"],"_links":{"self":[{"href":"https:\/\/museoupdating.webs.upv.es\/va\/wp-json\/wp\/v2\/pages\/2858","targetHints":{"allow":["GET"]}}],"collection":[{"href":"https:\/\/museoupdating.webs.upv.es\/va\/wp-json\/wp\/v2\/pages"}],"about":[{"href":"https:\/\/museoupdating.webs.upv.es\/va\/wp-json\/wp\/v2\/types\/page"}],"author":[{"embeddable":true,"href":"https:\/\/museoupdating.webs.upv.es\/va\/wp-json\/wp\/v2\/users\/2"}],"replies":[{"embeddable":true,"href":"https:\/\/museoupdating.webs.upv.es\/va\/wp-json\/wp\/v2\/comments?post=2858"}],"version-history":[{"count":15,"href":"https:\/\/museoupdating.webs.upv.es\/va\/wp-json\/wp\/v2\/pages\/2858\/revisions"}],"predecessor-version":[{"id":8889,"href":"https:\/\/museoupdating.webs.upv.es\/va\/wp-json\/wp\/v2\/pages\/2858\/revisions\/8889"}],"wp:attachment":[{"href":"https:\/\/museoupdating.webs.upv.es\/va\/wp-json\/wp\/v2\/media?parent=2858"}],"curies":[{"name":"wp","href":"https:\/\/api.w.org\/{rel}","templated":true}]}}