{"id":3209,"date":"2021-05-03T15:52:31","date_gmt":"2021-05-03T15:52:31","guid":{"rendered":"https:\/\/museoupdating.webs.upv.es\/nuevaweb\/?page_id=3209"},"modified":"2021-05-22T14:40:18","modified_gmt":"2021-05-22T14:40:18","slug":"te-lo-sabes","status":"publish","type":"page","link":"https:\/\/museoupdating.webs.upv.es\/va\/te-lo-sabes\/","title":{"rendered":"T\u2019HO SAPS?"},"content":{"rendered":"<h1>Posa a prova el que has apr\u00e9s en el Museu d&#8217;Inform\u00e0tica!<\/h1>\n<h2>Contesta les 10 preguntes seg\u00fcents<\/h2>\n<div class = \"hdq_quiz_wrapper\"><a href = \"https:\/\/museoupdating.webs.upv.es\/va\/te-lo-sabes\/\" rel=\"noamphtml\" class = \"hdq_quiz_start hdq_button button\" role = \"button\">QUIZ START<\/a><\/div>\n<p><\/p>","protected":false},"excerpt":{"rendered":"<p>Posa a prova el que has apr\u00e9s en el Museu d&#8217;Inform\u00e0tica! Contesta les 10 preguntes seg\u00fcents<\/p>\n","protected":false},"author":1,"featured_media":0,"parent":0,"menu_order":0,"comment_status":"closed","ping_status":"closed","template":"","meta":{"inline_featured_image":false,"_monsterinsights_skip_tracking":false,"_monsterinsights_sitenote_active":false,"_monsterinsights_sitenote_note":"","_monsterinsights_sitenote_category":0,"footnotes":""},"class_list":["post-3209","page","type-page","status-publish","hentry","post"],"_links":{"self":[{"href":"https:\/\/museoupdating.webs.upv.es\/va\/wp-json\/wp\/v2\/pages\/3209","targetHints":{"allow":["GET"]}}],"collection":[{"href":"https:\/\/museoupdating.webs.upv.es\/va\/wp-json\/wp\/v2\/pages"}],"about":[{"href":"https:\/\/museoupdating.webs.upv.es\/va\/wp-json\/wp\/v2\/types\/page"}],"author":[{"embeddable":true,"href":"https:\/\/museoupdating.webs.upv.es\/va\/wp-json\/wp\/v2\/users\/1"}],"replies":[{"embeddable":true,"href":"https:\/\/museoupdating.webs.upv.es\/va\/wp-json\/wp\/v2\/comments?post=3209"}],"version-history":[{"count":17,"href":"https:\/\/museoupdating.webs.upv.es\/va\/wp-json\/wp\/v2\/pages\/3209\/revisions"}],"predecessor-version":[{"id":6700,"href":"https:\/\/museoupdating.webs.upv.es\/va\/wp-json\/wp\/v2\/pages\/3209\/revisions\/6700"}],"wp:attachment":[{"href":"https:\/\/museoupdating.webs.upv.es\/va\/wp-json\/wp\/v2\/media?parent=3209"}],"curies":[{"name":"wp","href":"https:\/\/api.w.org\/{rel}","templated":true}]}}