{"id":6085,"date":"2021-05-20T11:21:31","date_gmt":"2021-05-20T11:21:31","guid":{"rendered":"https:\/\/museoupdating.webs.upv.es\/?page_id=6085"},"modified":"2021-05-20T15:19:46","modified_gmt":"2021-05-20T15:19:46","slug":"los-microordenadores-atari","status":"publish","type":"page","link":"https:\/\/museoupdating.webs.upv.es\/va\/los-microordenadores-atari\/","title":{"rendered":"Los Microordenadors Atari"},"content":{"rendered":"<p><\/p>\n<h4 style=\"text-align: center;\"><span style=\"color: #000000;\">Nat\u00e0lia Cervell\u00f3 Fenollar<\/span><\/h4>\n<p style=\"text-align: justify;\">Tot va comen\u00e7ar amb un enginyer el\u00e8ctric i apassionat dels videojocs, <strong>Nolan Bushnell<\/strong>, que va decidir amb un company de treball, <strong>Ted Dabney<\/strong>, obrir un negoci que al principi anava a dedicar-se als videojocs. Amb aquesta idea en ment i 500 d\u00f2lars, van crear Syzygy, un moment\u2026 no parlarem de Atari?, i aix\u00ed \u00e9s, al final va resultar que aqueix nom ja era triat, aix\u00ed que *Bushnell pensant en un nom f\u00e0cil de recordar, i li va vindre a la ment Atari. Ara que tenien un nom calia comen\u00e7ar a fabricar diners (aqueixa era el seu major objectiu).<\/p>\n<p style=\"text-align: justify;\">Sobre el nom i el logo Atari, saber que aquest ve d&#8217;una paraula d&#8217;origen japon\u00e9s. Es tracta d&#8217;una paraula emprada per a designar alguna cosa semblan\u00e7a al \u00abescac\u00bb dels escacs en el joc de taula japon\u00e9s denominat Go. El seu logotip tamb\u00e9 va ser creat per la influ\u00e8ncia japonesa del nom, les tres barres estan basades en la forma de la muntanya Fuji.<\/p>\n<p style=\"text-align: justify;\">L&#8217;empresa va comen\u00e7ar treballant per a m\u00e0quines recreatives, amb aix\u00f2<strong> Nolan Bushnell<\/strong> va crear el joc Pong, inspirat per un altre joc semblant que simulava el tennis de taula. El Pong es va convertir en un joc molt conegut a tot el m\u00f3n i amb ell van aconseguir el que seria el seu primer \u00e8xit.<\/p>\n<p><\/p>\n\n\n<div class=\"wp-block-columns is-layout-flex wp-container-core-columns-is-layout-9d6595d7 wp-block-columns-is-layout-flex\">\n<div class=\"wp-block-column is-vertically-aligned-center is-layout-flow wp-block-column-is-layout-flow\" style=\"flex-basis:40%\">\n<figure class=\"wp-block-image size-large\"><a href=\"https:\/\/museoupdating.webs.upv.es\/wp-content\/uploads\/2021\/04\/atari1.jpg\"><img loading=\"lazy\" decoding=\"async\" width=\"368\" height=\"448\" src=\"https:\/\/museoupdating.webs.upv.es\/wp-content\/uploads\/2021\/04\/atari1.jpg\" alt=\"\" class=\"wp-image-2322\" srcset=\"https:\/\/museoupdating.webs.upv.es\/wp-content\/uploads\/2021\/04\/atari1.jpg 368w, https:\/\/museoupdating.webs.upv.es\/wp-content\/uploads\/2021\/04\/atari1-246x300.jpg 246w\" sizes=\"auto, (max-width: 368px) 100vw, 368px\" \/><\/a><figcaption>Ted Dadney and  Nolan Bushnell<\/figcaption><\/figure>\n<\/div>\n\n\n\n<div class=\"wp-block-column is-layout-flow wp-block-column-is-layout-flow\">\n<blockquote class=\"wp-block-quote is-layout-flow wp-block-quote-is-layout-flow\"><p><strong>Ted Dabney<\/strong>&nbsp;situado a la izquierda y&nbsp;<strong>Nolan Bushnell<\/strong>&nbsp;a la derecha. Est\u00e1n posando con la m\u00e1quina arcade de su primer juego, el Pong.<\/p><p>En el video de abajo podemos observar este juego, inspirado en el Ping-Pong.<\/p><\/blockquote>\n\n\n\n<figure class=\"wp-block-video\"><video height=\"352\" style=\"aspect-ratio: 480 \/ 352;\" width=\"480\" controls src=\"https:\/\/museoupdating.webs.upv.es\/wp-content\/uploads\/2021\/04\/atari01.mp4\"><\/video><\/figure>\n<\/div>\n<\/div>\n\n\n<h2>Els ordinadors Atari<\/h2>\n<p style=\"text-align: justify;\">Ara ens centrarem en els microcomputadors creats per aquesta empresa. Aquests van comen\u00e7ar en 1979 quan Atari va decidir entrar en el m\u00f3n dels ordinadors dom\u00e8stics, creant els microordinadors Atari 400 i Atari 800. Van ser una revoluci\u00f3 dels ordinadors de 8 bits, disposaven de caracter\u00edstiques t\u00e8cniques superiors als dels ordinadors que hi havia en el mercat, entre els quals destacaven l&#8217;Apple II i el Commodore PET. Les seues difer\u00e8ncies notables respecte a altres microordinadors radicaven en els seus circuits integrats espec\u00edfics, el CTIA\/GTIA per als gr\u00e0fics, POKEY per a la generaci\u00f3 d&#8217;\u00e0udio i control de teclat i ANTIC que s&#8217;encarregava del text.<\/p>\n<p style=\"text-align: justify;\">No va ser fins a 1983 quan va dissenyar un dels microordinadors m\u00e9s coneguts de la marca, el Atari 800XL, amb 64KB de mem\u00f2ria RAM, una millora en el teclat i una nova aparen\u00e7a exterior, distintiva de la s\u00e8rie XL. L&#8217;int\u00e8rpret del llenguatge Atari BASIC estava incl\u00f2s en el sistema, amb aix\u00f2 podies fer els teus propis programes i jocs sense necessitat d&#8217;inserir un cartutx especial (en els microordinadors anteriors es necessitava). D&#8217;aquesta s\u00e8rie tamb\u00e9 es van traure el Atari 600XL (amb menys mem\u00f2ria RAM) i el Atari 1200XL (nom\u00e9s als Estats Units). Per a aquests models era necessari l&#8217;\u00fas d&#8217;un cartutx traductor per a poder usar els jocs dels Atari 800.<\/p>\n\n\n<p><\/p>\n\n\n\n<div class=\"wp-block-columns is-layout-flex wp-container-core-columns-is-layout-9d6595d7 wp-block-columns-is-layout-flex\">\n<div class=\"wp-block-column is-vertically-aligned-center is-layout-flow wp-block-column-is-layout-flow\">\n<figure class=\"wp-block-image size-large\"><img loading=\"lazy\" decoding=\"async\" width=\"665\" height=\"421\" src=\"https:\/\/museoupdating.webs.upv.es\/wp-content\/uploads\/2021\/05\/atari3.png\" alt=\"\" class=\"wp-image-3648\" srcset=\"https:\/\/museoupdating.webs.upv.es\/wp-content\/uploads\/2021\/05\/atari3.png 665w, https:\/\/museoupdating.webs.upv.es\/wp-content\/uploads\/2021\/05\/atari3-300x190.png 300w\" sizes=\"auto, (max-width: 665px) 100vw, 665px\" \/><\/figure>\n<\/div>\n\n\n\n<div class=\"wp-block-column is-vertically-aligned-center is-layout-flow wp-block-column-is-layout-flow\">\n<blockquote class=\"wp-block-quote is-layout-flow wp-block-quote-is-layout-flow\"><p>Programa senzill en Atari BASIC que ens mostra la resposta en saludar, depenent de l&#8217;elecci\u00f3<span style=\"font-size: inherit;\">.<\/span><\/p><\/blockquote>\n<\/div>\n<\/div>\n\n\n\n<div class=\"wp-block-columns is-layout-flex wp-container-core-columns-is-layout-9d6595d7 wp-block-columns-is-layout-flex\">\n<div class=\"wp-block-column is-vertically-aligned-center is-layout-flow wp-block-column-is-layout-flow\">\n<figure class=\"wp-block-image size-large\"><img loading=\"lazy\" decoding=\"async\" width=\"661\" height=\"419\" src=\"https:\/\/museoupdating.webs.upv.es\/wp-content\/uploads\/2021\/05\/atari4.png\" alt=\"\" class=\"wp-image-3649\" srcset=\"https:\/\/museoupdating.webs.upv.es\/wp-content\/uploads\/2021\/05\/atari4.png 661w, https:\/\/museoupdating.webs.upv.es\/wp-content\/uploads\/2021\/05\/atari4-300x190.png 300w\" sizes=\"auto, (max-width: 661px) 100vw, 661px\" \/><\/figure>\n\n\n\n<p><\/p>\n<\/div>\n\n\n\n<div class=\"wp-block-column is-vertically-aligned-center is-layout-flow wp-block-column-is-layout-flow\">\n<blockquote class=\"wp-block-quote is-layout-flow wp-block-quote-is-layout-flow\"><p>Aquest exemple s&#8217;ha programat en un emulador de les m\u00e0quines de 8 bits de Atari.<\/p><\/blockquote>\n<\/div>\n<\/div>\n\n\n<p style=\"text-align: justify;\">Amb la compra de l&#8217;empresa per part de <strong>Jack Tramiel<\/strong>, que va ser el fundador de l&#8217;empresa Commodore International, l&#8217;empresa va deixar de fabricar els ordinadors de la s\u00e8rie XL, en el seu lloc van comen\u00e7ar una altra s\u00e8rie d&#8217;ordinadors de 8 bits en 1985, la s\u00e8rie XE, i una altra de 16 bits, la s\u00e8rie ST. D&#8217;aquests ordinadors podem destacar el Atari 520ST, que disposava d&#8217;una nova interf\u00edcie gr\u00e0fica d&#8217;usuari anomenada GEM, semblant a les quals usaven els ordinadors d&#8217;Apple. Tamb\u00e9 \u00e9s el primer ordinador a incorporar entrada\/eixida de so anomenada MIDI, aquest fet va fer que molts m\u00fasics s&#8217;interessaren per aquests ordinadors. Durant els seg\u00fcents anys es van traure altres models de la s\u00e8rie ST amb diferents modificacions sobre el primer model.<\/p>\n<p style=\"text-align: justify;\">Finalment l&#8217;empresa es va arriscar dissenyant models d&#8217;ordinadors de 32 bits, els <strong>Atari TT030<\/strong> i <strong>Atari Falcon 030<\/strong>, molt bons per a treballar amb gr\u00e0fics i so. Portaven moltes millores que els feien superiors als seus competidors, per\u00f2 com sempre, els productes *Atari no aconseguien obtindre l&#8217;\u00e8xit que esperaven. Tamb\u00e9 per aquesta \u00e8poca es va llan\u00e7ar un ordinador port\u00e0til de 16 bits, el <strong>Atari Portfolio<\/strong>.<\/p>\n<h2 style=\"text-align: justify;\">Publicitat<\/h2>\n<p style=\"text-align: justify;\">Els anuncis televisius ajudaven a la venda dels seus productes, els que estaven dirigits als microordinadors i a les consoles ens mostraven a fam\u00edlies sencera que es reunia enfront de l&#8217;ordinador per a poder gaudir dels jocs en fam\u00edlia. Aix\u00f2 ens donava a entendre que un producte d&#8217;aquestes caracter\u00edstiques feia que la fam\u00edlia s&#8217;ajuntara, b\u00e9 per a estar tots junts jugant en el sal\u00f3 o per a ajudar en les tasques i aprendre amb aquests ordinadors. Alguns anuncis van ser patrocinats per esportistes famosos de l&#8217;\u00e8poca, com el futbolista Pel\u00e9 que va apar\u00e9ixer en algun d&#8217;ells.<\/p>\n\n\n<div class=\"wp-block-columns is-layout-flex wp-container-core-columns-is-layout-9d6595d7 wp-block-columns-is-layout-flex\">\n<div class=\"wp-block-column is-layout-flow wp-block-column-is-layout-flow\">\n<p><\/p>\n\n\n\n<blockquote class=\"wp-block-quote is-layout-flow wp-block-quote-is-layout-flow\"><p><span style=\"font-size: inherit;\">Anunci per a publicitar jocs i programes de Atari per als seus ordinadors.<\/span><\/p><p>En l&#8217;una filla i la seua mare juguen a jocs educatius en el seu ordinador de la marca Atari, i aix\u00ed les dues aprenen mentre juguen. Tamb\u00e9 es mostra com s&#8217;insereix un cartutx amb un joc en l&#8217;ordinador.<\/p><p><\/p><\/blockquote>\n<\/div>\n\n\n\n<div class=\"wp-block-column is-layout-flow wp-block-column-is-layout-flow\" style=\"flex-basis:60%\">\n<figure class=\"wp-block-video\"><video height=\"352\" style=\"aspect-ratio: 480 \/ 352;\" width=\"480\" controls src=\"https:\/\/museoupdating.webs.upv.es\/wp-content\/uploads\/2021\/04\/atari01.mp4\"><\/video><\/figure>\n<\/div>\n<\/div>\n\n\n<p style=\"text-align: justify;\">Quan els seus microordinadors estaven ja en el mercat, es van comen\u00e7ar a llan\u00e7ar revistes per a l&#8217;usuari de *Atari, aquestes pretenien ser un suport per a qui comen\u00e7ava a usar aquests nous sistemes, i en el seu interior mostraven programes i jocs, llistant les instruccions dels programes perqu\u00e8 els usuaris els escrigueren i executaren a la seua casa. D&#8217;aquesta manera es podia trastejar amb ells i millorar la seua utilitat.<\/p>\n\n\n<div class=\"wp-block-columns is-layout-flex wp-container-core-columns-is-layout-9d6595d7 wp-block-columns-is-layout-flex\">\n<div class=\"wp-block-column is-layout-flow wp-block-column-is-layout-flow\">\n<figure class=\"wp-block-image size-large\"><img loading=\"lazy\" decoding=\"async\" width=\"456\" height=\"609\" src=\"https:\/\/museoupdating.webs.upv.es\/wp-content\/uploads\/2021\/04\/atari5.jpg\" alt=\"\" class=\"wp-image-2326\" srcset=\"https:\/\/museoupdating.webs.upv.es\/wp-content\/uploads\/2021\/04\/atari5.jpg 456w, https:\/\/museoupdating.webs.upv.es\/wp-content\/uploads\/2021\/04\/atari5-225x300.jpg 225w\" sizes=\"auto, (max-width: 456px) 100vw, 456px\" \/><\/figure>\n<\/div>\n\n\n\n<div class=\"wp-block-column is-layout-flow wp-block-column-is-layout-flow\">\n<blockquote class=\"wp-block-quote is-layout-flow wp-block-quote-is-layout-flow\"><p>Dos de les revistes m\u00e9s significatives sobre Atari als Estats Units.<\/p><p><strong>Antic <\/strong>i <strong>A.N.A.L.O.G<\/strong> es dedicaven a informar sobre els ordenadors Atari de la generaci\u00f3 8 bits, proporcionant programes i jocs a manera de llista d&#8217;instruccions, perqu\u00e8 els usuaris a la seua casa pogueren provar els programes per ells mateixos i veure les capacitats de la seua m\u00e0quina.<\/p><\/blockquote>\n<\/div>\n\n\n\n<div class=\"wp-block-column is-layout-flow wp-block-column-is-layout-flow\">\n<figure class=\"wp-block-image size-large\"><img loading=\"lazy\" decoding=\"async\" width=\"552\" height=\"740\" src=\"https:\/\/museoupdating.webs.upv.es\/wp-content\/uploads\/2021\/04\/atari6.jpg\" alt=\"\" class=\"wp-image-2327\" srcset=\"https:\/\/museoupdating.webs.upv.es\/wp-content\/uploads\/2021\/04\/atari6.jpg 552w, https:\/\/museoupdating.webs.upv.es\/wp-content\/uploads\/2021\/04\/atari6-224x300.jpg 224w\" sizes=\"auto, (max-width: 552px) 100vw, 552px\" \/><\/figure>\n<\/div>\n<\/div>\n\n\n<h2>Consoles i videojocs<\/h2>\n<p style=\"text-align: justify;\">L&#8217;empresa Atari va tindre el seu major \u00e8xit amb un dels seus productes, que res t\u00e9 a veure amb el tema dels ordinadors del qual hem parlat. Atari va comen\u00e7ar com a empresa de m\u00e0quines arcade i amb el joc Pong. Aix\u00ed que no \u00e9s d&#8217;estranyar que la seua fama arribara amb una consola de videojocs que van fabricar. Aquesta consola era la Atari VCS, m\u00e9s coneguda com Atari 2600. En ella s&#8217;inserien mitjan\u00e7ant cartutxos els jocs, es connectava a una pantalla de televisi\u00f3 i usant el &#8220;joystick&#8221; que venia en la caixa es comen\u00e7ava a jugar. Atari va desenvolupar molts jocs per a aquesta consola i unit a aix\u00f2 disposava d&#8217;unes bones prestacions que li van fer guanyar molts clients.<\/p>\n\n\n<div class=\"wp-block-columns is-layout-flex wp-container-core-columns-is-layout-9d6595d7 wp-block-columns-is-layout-flex\">\n<div class=\"wp-block-column is-layout-flow wp-block-column-is-layout-flow\">\n<figure class=\"wp-block-image size-large\"><a href=\"https:\/\/museoupdating.webs.upv.es\/wp-content\/uploads\/2021\/04\/atari7.jpg\"><img loading=\"lazy\" decoding=\"async\" width=\"762\" height=\"1024\" src=\"https:\/\/museoupdating.webs.upv.es\/wp-content\/uploads\/2021\/04\/atari7.jpg\" alt=\"\" class=\"wp-image-2328\" srcset=\"https:\/\/museoupdating.webs.upv.es\/wp-content\/uploads\/2021\/04\/atari7.jpg 762w, https:\/\/museoupdating.webs.upv.es\/wp-content\/uploads\/2021\/04\/atari7-223x300.jpg 223w\" sizes=\"auto, (max-width: 762px) 100vw, 762px\" \/><\/a><\/figure>\n<\/div>\n\n\n\n<div class=\"wp-block-column is-vertically-aligned-center is-layout-flow wp-block-column-is-layout-flow\">\n<p><\/p>\n\n\n\n<blockquote class=\"wp-block-quote is-layout-flow wp-block-quote-is-layout-flow\"><p><span style=\"font-size: inherit;\">Anunci publicitari sobre la consola Atari VCS (Atari2600)<\/span><\/p><p>Amb la pila de jocs que es veu a la dreta ens volien ensenyar tots els jocs que tenien disponibles per a aquesta consola.<\/p><\/blockquote>\n<\/div>\n<\/div>\n\n\n<p style=\"text-align: justify;\">Des del seu inici l&#8217;empresa va dissenyar molts jocs, alguns d&#8217;ells (com el Pong ja esmentat) que van agradar molt als usuaris de consoles, per aix\u00f2 aquests clients potencials decidien triar la Atari VCS abans que una altra consola. M\u00e9s endavant, com no hi havia cap control sobre les llic\u00e8ncies dels jocs, altres empreses, i fins i tot *Atari van comen\u00e7ar a traure clons de jocs que ja havien creat uns altres, a la recerca de clients.<\/p>\n<p style=\"text-align: justify;\">Com a curiositat, proveu d&#8217;escriure \u201cAtari Breakout\u201d en la p\u00e0gina de *google imatges i descobrireu una cosa interessant d&#8217;aquesta p\u00e0gina. Per als quals vulgueu entrar directament podeu fer-ho des d&#8217;ac\u00ed: <a href=\"https:\/\/www.google.es\/search?site=imghp&amp;tbm=isch&amp;source=hp&amp;biw=1366&amp;bih=643&amp;q=Atari+Breakout&amp;oq=Atari+Breakout&amp;gs_l=img.3...497151.501636.0.502038.14.13.0.0.0.0.0.0..0.0.msedrc...0...1ac.1.58.img..14.0.0.TWyIi4vNNQc\">Atari Breakout<\/a><\/p>\n\n\n<div class=\"wp-block-columns is-layout-flex wp-container-core-columns-is-layout-9d6595d7 wp-block-columns-is-layout-flex\">\n<div class=\"wp-block-column is-layout-flow wp-block-column-is-layout-flow\">\n<blockquote class=\"wp-block-quote is-layout-flow wp-block-quote-is-layout-flow\"><p><\/p><p>Jocs desenvolupats per l&#8217;empresa Atari, entre ells trobem a la dreta el <strong>Breakout <\/strong>i el <strong>Asteroids<\/strong>.<\/p><\/blockquote>\n<\/div>\n\n\n\n<div class=\"wp-block-column is-layout-flow wp-block-column-is-layout-flow\">\n<figure class=\"wp-block-image size-large\"><a href=\"https:\/\/museoupdating.webs.upv.es\/wp-content\/uploads\/2021\/04\/atari8.png\"><img loading=\"lazy\" decoding=\"async\" width=\"640\" height=\"420\" src=\"https:\/\/museoupdating.webs.upv.es\/wp-content\/uploads\/2021\/04\/atari8.png\" alt=\"\" class=\"wp-image-2329\" srcset=\"https:\/\/museoupdating.webs.upv.es\/wp-content\/uploads\/2021\/04\/atari8.png 640w, https:\/\/museoupdating.webs.upv.es\/wp-content\/uploads\/2021\/04\/atari8-300x197.png 300w\" sizes=\"auto, (max-width: 640px) 100vw, 640px\" \/><\/a><\/figure>\n<\/div>\n\n\n\n<div class=\"wp-block-column is-layout-flow wp-block-column-is-layout-flow\">\n<figure class=\"wp-block-image size-large\"><a href=\"https:\/\/museoupdating.webs.upv.es\/wp-content\/uploads\/2021\/04\/atari11.png\"><img loading=\"lazy\" decoding=\"async\" width=\"640\" height=\"420\" src=\"https:\/\/museoupdating.webs.upv.es\/wp-content\/uploads\/2021\/04\/atari11.png\" alt=\"\" class=\"wp-image-2332\" srcset=\"https:\/\/museoupdating.webs.upv.es\/wp-content\/uploads\/2021\/04\/atari11.png 640w, https:\/\/museoupdating.webs.upv.es\/wp-content\/uploads\/2021\/04\/atari11-300x197.png 300w\" sizes=\"auto, (max-width: 640px) 100vw, 640px\" \/><\/a><\/figure>\n<\/div>\n<\/div>\n\n\n\n<div class=\"wp-block-columns is-layout-flex wp-container-core-columns-is-layout-9d6595d7 wp-block-columns-is-layout-flex\">\n<div class=\"wp-block-column is-layout-flow wp-block-column-is-layout-flow\">\n<blockquote class=\"wp-block-quote is-layout-flow wp-block-quote-is-layout-flow\"><p><\/p><p>El <strong>Missile Command <\/strong>i el <strong>Centipede <\/strong>tamb\u00e9 eren jocs molt coneguts.<\/p><\/blockquote>\n<\/div>\n\n\n\n<div class=\"wp-block-column is-layout-flow wp-block-column-is-layout-flow\">\n<figure class=\"wp-block-image size-large is-resized\"><a href=\"https:\/\/museoupdating.webs.upv.es\/wp-content\/uploads\/2021\/04\/atari9.jpg\"><img loading=\"lazy\" decoding=\"async\" src=\"https:\/\/museoupdating.webs.upv.es\/wp-content\/uploads\/2021\/04\/atari9.jpg\" alt=\"\" class=\"wp-image-2330\" width=\"219\" height=\"144\" srcset=\"https:\/\/museoupdating.webs.upv.es\/wp-content\/uploads\/2021\/04\/atari9.jpg 900w, https:\/\/museoupdating.webs.upv.es\/wp-content\/uploads\/2021\/04\/atari9-300x197.jpg 300w, https:\/\/museoupdating.webs.upv.es\/wp-content\/uploads\/2021\/04\/atari9-768x504.jpg 768w\" sizes=\"auto, (max-width: 219px) 100vw, 219px\" \/><\/a><\/figure>\n<\/div>\n\n\n\n<div class=\"wp-block-column is-layout-flow wp-block-column-is-layout-flow\">\n<figure class=\"wp-block-image size-large is-resized\"><a href=\"https:\/\/museoupdating.webs.upv.es\/wp-content\/uploads\/2021\/04\/atari10.jpg\"><img loading=\"lazy\" decoding=\"async\" src=\"https:\/\/museoupdating.webs.upv.es\/wp-content\/uploads\/2021\/04\/atari10.jpg\" alt=\"\" class=\"wp-image-2331\" width=\"219\" height=\"160\" srcset=\"https:\/\/museoupdating.webs.upv.es\/wp-content\/uploads\/2021\/04\/atari10.jpg 900w, https:\/\/museoupdating.webs.upv.es\/wp-content\/uploads\/2021\/04\/atari10-300x220.jpg 300w, https:\/\/museoupdating.webs.upv.es\/wp-content\/uploads\/2021\/04\/atari10-768x563.jpg 768w\" sizes=\"auto, (max-width: 219px) 100vw, 219px\" \/><\/a><\/figure>\n<\/div>\n<\/div>\n\n\n<h2>Els ordinadors Atari hui dia<\/h2>\n<p style=\"text-align: justify;\">En l&#8217;actualitat si volem tornar a sentir com s&#8217;usaven aqueixos ordinadors, que ara diem &#8220;retro&#8221;, tenim a la nostra disposici\u00f3 en la xarxa una gran llista d&#8217;emuladors que imiten el comportament d&#8217;aquestes m\u00e0quines d&#8217;antany. Entre elles podem trobar la Atari800Win Plus, amb una interf\u00edcie molt f\u00e0cil d&#8217;usar i molt intu\u00eftiva, i que representa molt b\u00e9 als ordinadors de 8 bits que van eixir entre els anys 70 i els 80.<\/p>\n<p style=\"text-align: justify;\">Altres emuladors interessants s\u00f3n: Hatari, el Multi emulador M.E.S. S. (en el qual es poden trobar altres m\u00e0quines), Javatari (en l\u00ednia i disponible per a poder jugar a jocs), Steem Engine, Droid800 (per a dispositius m\u00f2bils) i molts m\u00e9s disponibles en la xarxa. La majoria d&#8217;aquests emuladors s\u00f3n de codi obert, aix\u00ed que si eres dels quals els agrada experimentar, pots modificar el codi i aconseguir millores o actualitzacions dels emuladors.<\/p>\n<p style=\"text-align: justify;\">En l&#8217;actualitat, Atari \u00e9s una filial de l&#8217;empresa francesa Infogrames que es dedica a jocs de m\u00f2bils i jocs en l\u00ednia. Fins i tot han tret una app per a tel\u00e8fons intel\u00b7ligents en la qual pots tornar a jugar als jocs que ja van apar\u00e9ixer en les consoles com la Atari 2600.. Podem trobar aix\u00f2 i molt m\u00e9s en la p\u00e0gina web de l&#8217;empresa <a href=\"_wp_link_placeholder\" data-wplink-edit=\"true\">www.atari.com\/es<\/a>.<\/p>\n<p style=\"text-align: justify;\"><\/p>\n\n\n<p><\/p>","protected":false},"excerpt":{"rendered":"<p>Nat\u00e0lia Cervell\u00f3 Fenollar Tot va comen\u00e7ar amb un enginyer el\u00e8ctric i apassionat dels videojocs, Nolan Bushnell, que va decidir amb un company de treball, Ted Dabney, obrir un negoci que al principi anava a dedicar-se als videojocs. Amb aquesta idea en ment i 500 d\u00f2lars, van crear Syzygy, un moment\u2026 no parlarem de Atari?, i [&hellip;]<\/p>\n","protected":false},"author":1,"featured_media":0,"parent":0,"menu_order":0,"comment_status":"closed","ping_status":"closed","template":"","meta":{"inline_featured_image":false,"_monsterinsights_skip_tracking":false,"_monsterinsights_sitenote_active":false,"_monsterinsights_sitenote_note":"","_monsterinsights_sitenote_category":0,"footnotes":""},"class_list":["post-6085","page","type-page","status-publish","hentry","post"],"_links":{"self":[{"href":"https:\/\/museoupdating.webs.upv.es\/va\/wp-json\/wp\/v2\/pages\/6085","targetHints":{"allow":["GET"]}}],"collection":[{"href":"https:\/\/museoupdating.webs.upv.es\/va\/wp-json\/wp\/v2\/pages"}],"about":[{"href":"https:\/\/museoupdating.webs.upv.es\/va\/wp-json\/wp\/v2\/types\/page"}],"author":[{"embeddable":true,"href":"https:\/\/museoupdating.webs.upv.es\/va\/wp-json\/wp\/v2\/users\/1"}],"replies":[{"embeddable":true,"href":"https:\/\/museoupdating.webs.upv.es\/va\/wp-json\/wp\/v2\/comments?post=6085"}],"version-history":[{"count":91,"href":"https:\/\/museoupdating.webs.upv.es\/va\/wp-json\/wp\/v2\/pages\/6085\/revisions"}],"predecessor-version":[{"id":6191,"href":"https:\/\/museoupdating.webs.upv.es\/va\/wp-json\/wp\/v2\/pages\/6085\/revisions\/6191"}],"wp:attachment":[{"href":"https:\/\/museoupdating.webs.upv.es\/va\/wp-json\/wp\/v2\/media?parent=6085"}],"curies":[{"name":"wp","href":"https:\/\/api.w.org\/{rel}","templated":true}]}}