{"id":6192,"date":"2021-05-20T16:03:22","date_gmt":"2021-05-20T16:03:22","guid":{"rendered":"https:\/\/museoupdating.webs.upv.es\/?page_id=6192"},"modified":"2021-05-20T16:59:25","modified_gmt":"2021-05-20T16:59:25","slug":"amstrad_cpc-2","status":"publish","type":"page","link":"https:\/\/museoupdating.webs.upv.es\/va\/amstrad_cpc-2\/","title":{"rendered":"amstrad_cpc"},"content":{"rendered":"<p style=\"text-align: left;\"><\/p>\n<h1 style=\"text-align: center;\">Els microordinadors Amstrad: el meu primer ordenador<\/h1>\n<h5 style=\"text-align: center;\"><span style=\"color: #000000;\">Ignacio Castellano Munuera<\/span><\/h5>\n<p style=\"text-align: justify;\">A Espanya, els ordinadors personals van arribar en la d\u00e8cada dels 80 del segle XX i els que van arribar no van ser ni el glamur\u00f3s Apple I ni el potent IBM 5100; a Europa l&#8217;hegemonia la tenia Amstrad. Era un temps en el qual els videojocs nom\u00e9s existien per a m\u00e0quines recreatives en salons de jocs. Amstrad va ser utilitzat essencialment com a emulador d&#8217;aquestes m\u00e0quines, amb les limitacions que suposa haver d&#8217;emular aqueixos jocs amb tan sols 64 KB, que \u00e9s molt menys del que ocupa qualsevol imatge amb les quals treballem hui dia.<\/p>\n<p style=\"text-align: justify;\">Encara que els microordinadors eren quasi desconeguts, el desig de qualsevol adolescent de l&#8217;\u00e8poca era tindre una d&#8217;aqueixes m\u00e0quines i per a aix\u00f2 calia conv\u00e9ncer als pares que gastar-se\u00a060.000 pessetes\u00a0(360 euros) en el nostre nou joguet era una bona idea.<\/p>\n<p style=\"text-align: justify;\">Per a aconseguir-ho no est\u00e0vem solos: compt\u00e0vem amb la inestimable ajuda de la publicitat.<\/p>\n<p><\/p>\n\n\n<div class=\"wp-block-media-text alignwide is-stacked-on-mobile\" style=\"grid-template-columns:37% auto\"><figure class=\"wp-block-media-text__media\"><video controls src=\"https:\/\/museoupdating.webs.upv.es\/wp-content\/uploads\/2021\/05\/AnunciosFlash2.mp4\"><\/video><\/figure><div class=\"wp-block-media-text__content\">\n<blockquote class=\"wp-block-quote is-layout-flow wp-block-quote-is-layout-flow\"><p>La publicitat de Amstrad es va realitzar simult\u00e0niament en tota Europa.<\/p><p>Les seues campanyes publicit\u00e0ries van posar l&#8217;accent principalment en els mitjans escrits, com a peri\u00f2dics i revistes especialitzades en inform\u00e0tica i tecnologia.<\/p><\/blockquote>\n\n\n\n<p><\/p>\n<\/div><\/div>\n\n\n<p><\/p>\n<p style=\"text-align: justify;\">Com veiem en aquestes campanyes de publicitat, aquest computador es mostrava com una m\u00e0quina vinguda del futur disposada a ajudar als majors en el seu treball en l&#8217;oficina i en la llar, i per als m\u00e9s joves, era un excel\u00b7lent company d&#8217;estudis.<br>Qualsevol semblan\u00e7a amb la realitat \u00e9s pura coincid\u00e8ncia. Els ordinadors no tenien res a veure amb el que apareixia en la publicitat, per\u00f2 per a quan la nostra mare s&#8217;adonava, l&#8217;ordinador ja estava perfectament instal\u00b7lat en el nostre escriptori.<\/p>\n<p style=\"text-align: justify;\">El primer que prov\u00e0vem una vegada hav\u00edem tret l&#8217;ordinador de la caixa era que pod\u00edem muntar-lo, una cosa relativament senzilla, ja que nom\u00e9s tenia tres cables i \u00fanicament encaixaven en tres posicions, per\u00f2 aquesta gesta ens donava for\u00e7a per a pensar que podr\u00edem manejar aquesta m\u00e0quina sense problemes<\/p>\n<p><\/p>\n\n\n<div class=\"wp-block-media-text alignwide has-media-on-the-right is-stacked-on-mobile\"><figure class=\"wp-block-media-text__media\"><img loading=\"lazy\" decoding=\"async\" width=\"1024\" height=\"768\" src=\"https:\/\/museoupdating.webs.upv.es\/wp-content\/uploads\/2021\/04\/fondoPantallaInicio.gif\" alt=\"\" class=\"wp-image-2340 size-full\"\/><\/figure><div class=\"wp-block-media-text__content\">\n<blockquote class=\"wp-block-quote is-layout-flow wp-block-quote-is-layout-flow\"><p><\/p><\/blockquote>\n<\/div><\/div>\n\n\n<p><\/p>\n<p style=\"text-align: justify;\">Aquesta era la\u00a0imatge que es mostrava d&#8217;inici, no hi havia finestres, ni botons, ni interf\u00edcie gr\u00e0fica, solament un parell de l\u00ednies d&#8217;informaci\u00f3 i el cursor parpellejant.<\/p>\n<p style=\"text-align: justify;\">Amb una por extrema a tocar qualsevol tecla i trencar-lo, crid\u00e0vem al nostre ve\u00ed, que ja tenia un, perqu\u00e8 ens explicara com funcionava\u00a0la bestiola. La nostra ve\u00efna l&#8217;\u00fanica cosa que feia era dir-nos per on s&#8217;inserien els jocs i quin era el millor en aqueix moment.<\/p>\n<p style=\"text-align: justify;\">Amb tot aquest volum d&#8217;informaci\u00f3, apag\u00e0vem l&#8217;ordinador, amb el dubte de si arrancaria despr\u00e9s, i ens dirig\u00edem a la fnac de l&#8217;\u00e8poca (la gasolinera del poble) a comprar el nostre primer joc. El primer videojoc que va caure a les meues mans va ser el fant\u00e0stic Game Over i em va costar 500 pessetes (3 euros).<\/p>\n<p><\/p>\n\n\n<div class=\"wp-block-image\"><figure class=\"aligncenter size-large is-resized\"><img loading=\"lazy\" decoding=\"async\" src=\"https:\/\/museoupdating.webs.upv.es\/wp-content\/uploads\/2021\/04\/cargaGameOver.jpg\" alt=\"\" class=\"wp-image-2339\" width=\"318\" height=\"197\"\/><\/figure><\/div>\n\n\n\n<div class=\"wp-block-image\"><figure class=\"aligncenter size-large\"><img loading=\"lazy\" decoding=\"async\" width=\"320\" height=\"200\" src=\"https:\/\/museoupdating.webs.upv.es\/wp-content\/uploads\/2021\/04\/juegoGameOver.jpg\" alt=\"\" class=\"wp-image-2341\" srcset=\"https:\/\/museoupdating.webs.upv.es\/wp-content\/uploads\/2021\/04\/juegoGameOver.jpg 320w, https:\/\/museoupdating.webs.upv.es\/wp-content\/uploads\/2021\/04\/juegoGameOver-300x188.jpg 300w\" sizes=\"auto, (max-width: 320px) 100vw, 320px\" \/><\/figure><\/div>\n\n\n<p><\/p>\n<p style=\"text-align: justify;\">Jo tenia el Amstrad CPC 464, a color, un detall gens f\u00fatil en aquella \u00e8poca i en aqueix model el mitj\u00e0 d&#8217;emmagatzematge era el casset.<\/p>\n<p><\/p>\n\n\n<div class=\"wp-block-media-text alignwide is-stacked-on-mobile\" style=\"grid-template-columns:35% auto\"><figure class=\"wp-block-media-text__media\"><img loading=\"lazy\" decoding=\"async\" width=\"1024\" height=\"647\" src=\"https:\/\/museoupdating.webs.upv.es\/wp-content\/uploads\/2021\/04\/cintaGameOver-1024x647.jpg\" alt=\"\" class=\"wp-image-2344 size-full\" srcset=\"https:\/\/museoupdating.webs.upv.es\/wp-content\/uploads\/2021\/04\/cintaGameOver-1024x647.jpg 1024w, https:\/\/museoupdating.webs.upv.es\/wp-content\/uploads\/2021\/04\/cintaGameOver-300x190.jpg 300w, https:\/\/museoupdating.webs.upv.es\/wp-content\/uploads\/2021\/04\/cintaGameOver-768x485.jpg 768w, https:\/\/museoupdating.webs.upv.es\/wp-content\/uploads\/2021\/04\/cintaGameOver.jpg 1204w\" sizes=\"auto, (max-width: 1024px) 100vw, 1024px\" \/><\/figure><div class=\"wp-block-media-text__content\">\n<blockquote class=\"wp-block-quote is-layout-flow wp-block-quote-is-layout-flow\"><p>El mitj\u00e0 d&#8217;emmagatzematge que es va estandarditzar en aquests primers ordinadors van ser les cintes de casset. La capacitat m\u00e0xima d&#8217;emmagatzematge era de 5 a 10 milions de bits (1 MB).<\/p><cite><\/cite><\/blockquote>\n<\/div><\/div>\n\n\n<p><\/p>\n<p style=\"text-align: justify;\">Quan ja ten\u00edem la cinta amb el joc, l&#8217;introdu\u00edem en la unitat de casset prem\u00edem la tecla Play i esper\u00e0vem. No passava res, amb el que hav\u00edem de tornar a cridar al nostre ve\u00ed perqu\u00e8 ens ho fera funcionar. Aquesta vegada, la lli\u00e7\u00f3 magistral que ens brindava el nostre guru personal era una instrucci\u00f3 en BASIC: RUN\u201d (tamb\u00e9 hi havia una drecera de teclat equivalent, CTRL+ENTER), al que l&#8217;ordinador ens responia Press PLAY then any key. Fent-li cas, prem\u00edem la tecla PLAY de la lectora de cintes i prem\u00edem la tecla espai (era la primera conversa que manten\u00edem amb el nostre ordinador i era fant\u00e0stica).<\/p>\n<p style=\"text-align: justify;\">Les cintes de casset estaven classificades segons la duraci\u00f3 que tenien: 45, 60 o 90 minuts; en aquest cas el Game Over venia en una cinta de 45 minuts per cara. La c\u00e0rrega en l&#8217;ordinador tenia una velocitat de 1200 bauds. Per a carregar un joc com aquest que ocupava 57 KB, que s\u00f3n 466.000 bits, a 1200 bauds per segon, es necessitaven 6 minuts i mig escoltant aquests sons:<\/p>\n<p><\/p>\n<p>\u00a0<\/p>\n\n\n<figure class=\"wp-block-audio alignleft\"><audio controls src=\"https:\/\/museoupdating.webs.upv.es\/wp-content\/uploads\/2021\/04\/gameover1.mp3\"><\/audio><\/figure>\n\n\n\n<blockquote class=\"wp-block-quote is-layout-flow wp-block-quote-is-layout-flow\"><p><\/p><p>La lectura\/escriptura era seq\u00fcencial, la qual cosa provocava que s&#8217;haguera de reiniciar la c\u00e0rrega des del principi davant qualsevol error<\/p><p><\/p><p><\/p><\/blockquote>\n\n\n<p>\u00a0<\/p>\n<p><\/p>\n<p style=\"text-align: justify;\">Els jocs no eren barats, el preu oscil\u00b7lava entre 500 i 3000 pessetes (3 i 18 euros) un valor gens menyspreable per a la situaci\u00f3 econ\u00f2mica en la qual estava Espanya. Per aquest motiu, les c\u00f2pies pirates funcionaven per onsevulla i un amic que tinguera una microcadena de doble platina era un tresor. Fins i tot hi havia cadenes de r\u00e0dio que emetien el joc per antena perqu\u00e8 els o\u00efdors el gravaren, per\u00f2 fallava m\u00e9s que una escopeta de canya.<\/p>\n<p style=\"text-align: justify;\">Quan el joc estava carregat i llest per a usar-se, les sensacions que sent\u00edem eren indescriptibles, era una nova manera de jugar a casa mai vista i gaud\u00edem com a nans.<\/p>\n<p style=\"text-align: justify;\">Pass\u00e0vem milers d&#8217;hores jugant, fins a acabar a la vora de l&#8217;esquin\u00e7 de nina prement la famosa combinaci\u00f3 de tecles Q-A-O-P-Space . En general, despr\u00e9s d&#8217;estar tantes hores jugant, la gent apagava l&#8217;ordinador, per\u00f2 algunes persones, entre les quals em trobe, continu\u00e0vem una mica m\u00e9s, sent\u00edem curiositat sobre la nova m\u00e0quina que ten\u00edem i ens pregunt\u00e0vem coses com: per qu\u00e8 hem escrit \u00abRUN\u00bb?, tamb\u00e9 funciona en min\u00fascules?, hi ha m\u00e9s sent\u00e8ncies com aqueixa?.<\/p>\n<p style=\"text-align: justify;\">Les solucions a aquestes preguntes les trob\u00e0vem en el llibre que regalaven amb la compra del CPC.<\/p>\n<p><\/p>\n\n\n<div class=\"wp-block-media-text alignwide is-stacked-on-mobile\" style=\"grid-template-columns:28% auto\"><figure class=\"wp-block-media-text__media\"><img loading=\"lazy\" decoding=\"async\" width=\"520\" height=\"702\" src=\"https:\/\/museoupdating.webs.upv.es\/wp-content\/uploads\/2021\/04\/manual.jpg\" alt=\"\" class=\"wp-image-2346 size-full\" srcset=\"https:\/\/museoupdating.webs.upv.es\/wp-content\/uploads\/2021\/04\/manual.jpg 520w, https:\/\/museoupdating.webs.upv.es\/wp-content\/uploads\/2021\/04\/manual-222x300.jpg 222w\" sizes=\"auto, (max-width: 520px) 100vw, 520px\" \/><\/figure><div class=\"wp-block-media-text__content\">\n<blockquote class=\"wp-block-quote is-layout-flow wp-block-quote-is-layout-flow\"><p>Aquest manual de BASIC es regalava amb la compra d&#8217;un Amstrad <\/span>CPC-464 al costat d&#8217;un altre que explicava la posada en marxa i el funcionament de l&#8217;ordinador<em style=\"font-size: inherit;\">.<\/em><span style=\"font-size: inherit;\">.<\/span><\/p><p><\/p><\/blockquote>\n<\/div><\/div>\n\n\n<p><\/p>\n<p style=\"text-align: justify;\">Manual en el qual pod\u00edem trobar les nocions b\u00e0siques sobre el llenguatge de programaci\u00f3 BASIC, i estudiant-lo per damunt, realitz\u00e0vem els nostres primers codis a manera d&#8217;experiment:<\/p>\n<pre>10 CLS<br \/>20 INPUT \u00abIntrodueix un numere\u00bb; Num<br \/>30 IF Num MOD 2 = 0 THEN GOTO 60<br \/>40 PRINT \u00abEl n\u00famero introdu\u00eft \u00e9s imparell\u00bb<br \/>50 END<br \/>60 PRINT \u00abEl n\u00famero introdu\u00eft \u00e9s parell\u00bb<\/pre>\n<p style=\"text-align: justify;\">Amb codis com aquest que identifica nombres parells i imparells i executant sent\u00e8ncies SOUND, DRAW i\u00a0 PLOT, ens inici\u00e0vem en el m\u00f3n de la programaci\u00f3. Encara que aquest codi, \u00f2bviament, no tenia res a veure amb els codis professionals dels videojocs de Amstrad. Els codis m\u00e9s complexos els obten\u00edem de revistes com a micromania (publicaci\u00f3 que encara existeix en el mercat). A l&#8217;interior d&#8217;aquestes revistes pod\u00edem trobar xicotets programes en BASIC per a executar-los en el nostre ordinador.<\/p>\n<p><\/p>\n\n\n<div class=\"wp-block-media-text alignwide is-stacked-on-mobile\" style=\"grid-template-columns:45% auto\"><figure class=\"wp-block-media-text__media\"><video controls src=\"https:\/\/museoupdating.webs.upv.es\/wp-content\/uploads\/2021\/05\/juegosenflash.mp4\"><\/video><\/figure><div class=\"wp-block-media-text__content\">\n<ul class=\"wp-block-list\"><li><em>La pulga<\/em>, Indescomp 1985<\/li><li><em>Harrier Attack<\/em>, Amsoft 1984<\/li><li><em>Gauntlet<\/em>, U.S. Gold 1985<\/li><li><em>Ghost &amp; Goblins<\/em>, Elite 1986<\/li><li><em>Kung Fu Master<\/em>, U.S. Gold 1986<\/li><li><em>Army moves<\/em>, Dinamic 1987<\/li><li><em>Renegade<\/em>, Imagine 1987<\/li><li><em>Robocop<\/em>, Ocean 1987<\/li><li><em>Barbarian<\/em>, Erbe 1987<\/li><li><em>La abad\u00eda del crimen<\/em>, Opera Soft. 1987<\/li><li><em>Fernando Mart\u00edn<\/em>, Dinamic 1987<\/li><li><em>R-Type<\/em>, Electric Dreams 1987<\/li><li><em>Double Dragon<\/em>, Binary Design 1989<\/li><\/ul>\n<\/div><\/div>\n\n\n<p><\/p>\n<p style=\"text-align: justify;\">Com es pot veure en aquest v\u00eddeo, les evolucions que van tindre aquest tipus de jocs van ser enormes. Per\u00f2 per a quan en Amstrad els jocs ja eren semblats als que veiem hui dia, Europa ja estava inundada per altres m\u00e0quines capaces de reproduir els videojocs dels adolescents amb major qualitat, les videoconsoles. Les que van tindre una primera rellev\u00e0ncia significativa van ser la consola Sega M\u00e0ster System, Nintendo Entertainment System(NES) o Sega MegaDrive. D&#8217;altra banda, van fer la seua aparici\u00f3 en el mercat els ordinadors compatibles, tamb\u00e9 coneguts com a compatibles PC. Aquest tipus d&#8217;ordinadors provenien de la gamma d&#8217;ordinadors IBM PC. Gr\u00e0cies a que en IBM s&#8217;havia decidit crear ordinadors sense llic\u00e8ncia sobre el maquinari emprat, centenars d&#8217;empreses partien de la c\u00f2pia dels components dels ordinadors IBM PC per a crear els seus propis models. Els ordinadors que eren creats sota aquest sistema eren etiquetats com IBM compatible. Un dels primers ordinadors compatibles que es van crear va ser el Amstrad PC1512, creat en 1986.<\/p>\n<p style=\"text-align: justify;\">L&#8217;arribada d&#8217;aquests ordinadors i videoconsoles va ser el comen\u00e7ament de la fi de les empreses de programari espanyoles, protagonistes de la Edat d&#8217;or del programari espanyol, l\u00edders en tota Europa per capacitat de desenvolupament de nous jocs i qualitat d&#8217;adaptaci\u00f3 de jocs estrangers. Indescomp, Safir Programari, Talp Soft, Gamesoft, Delta Programari, Animagic, CompuLogical, Dinamic, Iber Soft, Iron Byte, Positive, Opera Soft, Zigurat, New Frontier i Sortrapa, s\u00f3n els noms de les empreses que van encimbellar el programari espanyol en el m\u00e9s alt.<\/p>\n<p><\/p>\n\n\n<div class=\"wp-block-media-text alignwide is-stacked-on-mobile\"><figure class=\"wp-block-media-text__media\"><img loading=\"lazy\" decoding=\"async\" width=\"510\" height=\"356\" src=\"https:\/\/museoupdating.webs.upv.es\/wp-content\/uploads\/2021\/04\/empresasSpain.jpg\" alt=\"\" class=\"wp-image-2347 size-full\" srcset=\"https:\/\/museoupdating.webs.upv.es\/wp-content\/uploads\/2021\/04\/empresasSpain.jpg 510w, https:\/\/museoupdating.webs.upv.es\/wp-content\/uploads\/2021\/04\/empresasSpain-300x209.jpg 300w\" sizes=\"auto, (max-width: 510px) 100vw, 510px\" \/><\/figure><div class=\"wp-block-media-text__content\">\n<blockquote class=\"wp-block-quote is-layout-flow wp-block-quote-is-layout-flow\"><p>Les empreses espanyoles eren reconegudes a nivell mundial a causa de la seua qualitat i imaginaci\u00f3 dels seus projectes.<\/p><p><\/p><\/blockquote>\n<\/div><\/div>\n\n\n<p><\/p>\n<p style=\"text-align: justify;\">Totes elles han comptat entre les seues files amb grans inform\u00e0tics reconeguts a nivell internacional. Encara que cal destacar dos d&#8217;elles, <strong>Dinamic<\/strong> i <strong>Indescomp<\/strong>.<\/p>\n<p style=\"text-align: justify;\">Indescomp va ser la companyia encarregada de distribuir de la m\u00e0 de Jos\u00e9 Luis Dom\u00ednguez els primers Amstrad CPC al nostre pa\u00eds.<\/p>\n<p><\/p>\n\n\n<figure class=\"wp-block-gallery columns-3 is-cropped wp-block-gallery-1 is-layout-flex wp-block-gallery-is-layout-flex\"><ul class=\"blocks-gallery-grid\"><li class=\"blocks-gallery-item\"><figure><img loading=\"lazy\" decoding=\"async\" width=\"138\" height=\"189\" src=\"https:\/\/museoupdating.webs.upv.es\/wp-content\/uploads\/2021\/04\/art1peque.jpg\" alt=\"\" data-id=\"2348\" data-full-url=\"https:\/\/museoupdating.webs.upv.es\/wp-content\/uploads\/2021\/04\/art1peque.jpg\" data-link=\"https:\/\/museoupdating.webs.upv.es\/art1peque\/\" class=\"wp-image-2348\"\/><\/figure><\/li><li class=\"blocks-gallery-item\"><figure><img loading=\"lazy\" decoding=\"async\" width=\"138\" height=\"189\" src=\"https:\/\/museoupdating.webs.upv.es\/wp-content\/uploads\/2021\/04\/art2peque.jpg\" alt=\"\" data-id=\"2349\" data-full-url=\"https:\/\/museoupdating.webs.upv.es\/wp-content\/uploads\/2021\/04\/art2peque.jpg\" data-link=\"https:\/\/museoupdating.webs.upv.es\/art2peque\/\" class=\"wp-image-2349\"\/><\/figure><\/li><li class=\"blocks-gallery-item\"><figure><img loading=\"lazy\" decoding=\"async\" width=\"142\" height=\"195\" src=\"https:\/\/museoupdating.webs.upv.es\/wp-content\/uploads\/2021\/04\/art3peque.jpg\" alt=\"\" data-id=\"2350\" data-full-url=\"https:\/\/museoupdating.webs.upv.es\/wp-content\/uploads\/2021\/04\/art3peque.jpg\" data-link=\"https:\/\/museoupdating.webs.upv.es\/art3peque\/\" class=\"wp-image-2350\"\/><\/figure><\/li><\/ul><\/figure>\n\n\n<p style=\"text-align: justify;\">D&#8217;altra banda, Dinamic, de la m\u00e0 dels germans Ruiz i Santiago Morga, van ser els desenvolupadors dels t\u00edtols de m\u00e9s \u00e8xit per a Amstrad CPC i Spectrum.<\/p>\n<p><\/p>\n\n\n<div class=\"wp-block-columns is-layout-flex wp-container-core-columns-is-layout-9d6595d7 wp-block-columns-is-layout-flex\">\n<div class=\"wp-block-column is-layout-flow wp-block-column-is-layout-flow\">\n<figure class=\"wp-block-gallery columns-2 is-cropped wp-block-gallery-2 is-layout-flex wp-block-gallery-is-layout-flex\"><ul class=\"blocks-gallery-grid\"><li class=\"blocks-gallery-item\"><figure><img loading=\"lazy\" decoding=\"async\" width=\"806\" height=\"1024\" src=\"https:\/\/museoupdating.webs.upv.es\/wp-content\/uploads\/2021\/04\/dinamic1peque-806x1024.jpg\" alt=\"\" data-id=\"2351\" data-full-url=\"https:\/\/museoupdating.webs.upv.es\/wp-content\/uploads\/2021\/04\/dinamic1peque.jpg\" data-link=\"https:\/\/museoupdating.webs.upv.es\/dinamic1peque\/\" class=\"wp-image-2351\" srcset=\"https:\/\/museoupdating.webs.upv.es\/wp-content\/uploads\/2021\/04\/dinamic1peque-806x1024.jpg 806w, https:\/\/museoupdating.webs.upv.es\/wp-content\/uploads\/2021\/04\/dinamic1peque-236x300.jpg 236w, https:\/\/museoupdating.webs.upv.es\/wp-content\/uploads\/2021\/04\/dinamic1peque-768x976.jpg 768w, https:\/\/museoupdating.webs.upv.es\/wp-content\/uploads\/2021\/04\/dinamic1peque.jpg 1196w\" sizes=\"auto, (max-width: 806px) 100vw, 806px\" \/><\/figure><\/li><li class=\"blocks-gallery-item\"><figure><img loading=\"lazy\" decoding=\"async\" width=\"804\" height=\"1024\" src=\"https:\/\/museoupdating.webs.upv.es\/wp-content\/uploads\/2021\/04\/dinamic2peque-804x1024.jpg\" alt=\"\" data-id=\"2352\" data-full-url=\"https:\/\/museoupdating.webs.upv.es\/wp-content\/uploads\/2021\/04\/dinamic2peque.jpg\" data-link=\"https:\/\/museoupdating.webs.upv.es\/dinamic2peque\/\" class=\"wp-image-2352\" srcset=\"https:\/\/museoupdating.webs.upv.es\/wp-content\/uploads\/2021\/04\/dinamic2peque-804x1024.jpg 804w, https:\/\/museoupdating.webs.upv.es\/wp-content\/uploads\/2021\/04\/dinamic2peque-236x300.jpg 236w, https:\/\/museoupdating.webs.upv.es\/wp-content\/uploads\/2021\/04\/dinamic2peque-768x978.jpg 768w, https:\/\/museoupdating.webs.upv.es\/wp-content\/uploads\/2021\/04\/dinamic2peque.jpg 1194w\" sizes=\"auto, (max-width: 804px) 100vw, 804px\" \/><\/figure><\/li><\/ul><\/figure>\n<\/div>\n\n\n\n<div class=\"wp-block-column is-layout-flow wp-block-column-is-layout-flow\">\n<blockquote class=\"wp-block-quote is-layout-flow wp-block-quote-is-layout-flow\"><p>Revistes especialitzades en videojocs com a micromania mostraven aquest tipus de publicitat.<\/p><p><\/p><\/blockquote>\n<\/div>\n<\/div>\n\n\n<p><\/p>\n<p style=\"text-align: justify;\">Dinamic, igual que les altres companyies de programari, funcionaven no pels ingressos o l&#8217;\u00e8xit que pogueren tindre, sin\u00f3 per l&#8217;empenyiment de les persones que treballaven en elles.<\/p>\n<p style=\"text-align: justify;\">Eren joves motivats pel plaer d&#8217;aprendre aquesta nova tecnologia. Sense tot just recursos, eren capa\u00e7os de dissenyar ingents quantitats de codi que en moltes ocasions era impossible de depurar i aqueixa tasca els costava m\u00e9s temps que la generaci\u00f3 del codi en si. Aquests xics despertaven una gran admiraci\u00f3.<\/p>\n<p><\/p>\n\n\n<div class=\"wp-block-media-text alignwide is-stacked-on-mobile\" style=\"grid-template-columns:33% auto\"><figure class=\"wp-block-media-text__media\"><img loading=\"lazy\" decoding=\"async\" width=\"481\" height=\"631\" src=\"https:\/\/museoupdating.webs.upv.es\/wp-content\/uploads\/2021\/04\/genios.jpg\" alt=\"\" class=\"wp-image-2353 size-full\" srcset=\"https:\/\/museoupdating.webs.upv.es\/wp-content\/uploads\/2021\/04\/genios.jpg 481w, https:\/\/museoupdating.webs.upv.es\/wp-content\/uploads\/2021\/04\/genios-229x300.jpg 229w\" sizes=\"auto, (max-width: 481px) 100vw, 481px\" \/><\/figure><div class=\"wp-block-media-text__content\">\n<blockquote class=\"wp-block-quote is-layout-flow wp-block-quote-is-layout-flow\"><p>Van ser molts els articles de la premsa que es van dedicar als microordinadors i als primers programadors espanyols.<\/p><p><\/p><\/blockquote>\n<\/div><\/div>\n\n\n<p><\/p>\n<p style=\"text-align: justify;\">Per\u00f2 malgrat els esfor\u00e7os de Dinamic d&#8217;adaptar-se als nous temps en els quals ja est\u00e0vem jugant amb poderosos ordinadors i consoles de videojocs, no va aconseguir sobreviure. Tanmateix, aix\u00f2 no va parar als seus creadors, que es van embarcar en una nova aventura creant l&#8217;empresa <strong>FX Interactive<\/strong>, empresa que hui dia t\u00e9 gran prestigi a nivell internacional.<\/p>\n<p style=\"text-align: justify;\">En l&#8217;actualitat, els seguidors de Amstrad no estem abandonats, ni molt menys. Existeixen llocs en la xarxa on encara podem gaudir com f\u00e9iem antany.<\/p>\n<p style=\"text-align: justify;\">En primer lloc, tenim una gran varietat de <strong>emuladors<\/strong> que ens fan sentir quasi les mateixes sensacions que sent\u00edem amb el nostre CPC. Winape, CPCe, JavaCPC, WinCPC, Arnold, Caprice32, CPC Emu, s\u00f3n alguns dels emuladors dels quals podem fer \u00fas. S\u00f3n de gran qualitat, molt \u00fatils, gratu\u00efts i a m\u00e9s alguns com Caprice32 s\u00f3n de codi lliure i per tant es pot manipular i intentar millorar el codi de manera desinteressada per a adaptar-lo a les teues prefer\u00e8ncies.<\/p>\n<p style=\"text-align: justify;\">En segon lloc, quant al programari, hi ha un gran moviment en la xarxa per a recuperar els t\u00edtols que tenim en caixes de cart\u00f3 a casa i passar-los a format digital, de manera que en llocs com Youtube podem trobar tutorials que ens ensenyen com reproduir jocs en el nostre vell ordinador amb un modern reproductor de mp3.<\/p>\n<p style=\"text-align: justify;\">A part dels aficionats, entre els quals em trobe, tamb\u00e9 hi ha gent que aposta per portar-ho una mica m\u00e9s lluny i establir un model de negoci amb el qual treballar. Aix\u00ed va n\u00e0ixer l&#8217;empresa <a href=\"http:\/\/espsoft.amstrad.es\/\">ESPSoft<\/a>, que actualment es dedica a crear videojocs per a Amstrad i ha creat jocs com el TOTEMS: Columns CPC Two.<\/p>\n<p>Els ordinadors CPC van ser els que a alguns de nosaltres ens van impulsar a dedicar-nos al m\u00f3n de la inform\u00e0tica i \u00e9s agradable comprovar que l&#8217;esperit que ens va inundar en la d\u00e8cada dels 80 continua viu. Quant a l&#8217;empresa anglesa <a href=\"http:\/\/www.amstrad.com\/\">Amstrad<\/a>, hui dia ja no est\u00e0 relacionada amb la inform\u00e0tica. En l&#8217;actualitat es dedica a fabricar components per a l&#8217;empresa BSkyB.<\/p>\n<p><\/p>","protected":false},"excerpt":{"rendered":"<p>Els microordinadors Amstrad: el meu primer ordenador Ignacio Castellano Munuera A Espanya, els ordinadors personals van arribar en la d\u00e8cada dels 80 del segle XX i els que van arribar no van ser ni el glamur\u00f3s Apple I ni el potent IBM 5100; a Europa l&#8217;hegemonia la tenia Amstrad. Era un temps en el qual [&hellip;]<\/p>\n","protected":false},"author":1,"featured_media":0,"parent":0,"menu_order":0,"comment_status":"closed","ping_status":"closed","template":"","meta":{"inline_featured_image":false,"_monsterinsights_skip_tracking":false,"_monsterinsights_sitenote_active":false,"_monsterinsights_sitenote_note":"","_monsterinsights_sitenote_category":0,"footnotes":""},"class_list":["post-6192","page","type-page","status-publish","hentry","post"],"_links":{"self":[{"href":"https:\/\/museoupdating.webs.upv.es\/va\/wp-json\/wp\/v2\/pages\/6192","targetHints":{"allow":["GET"]}}],"collection":[{"href":"https:\/\/museoupdating.webs.upv.es\/va\/wp-json\/wp\/v2\/pages"}],"about":[{"href":"https:\/\/museoupdating.webs.upv.es\/va\/wp-json\/wp\/v2\/types\/page"}],"author":[{"embeddable":true,"href":"https:\/\/museoupdating.webs.upv.es\/va\/wp-json\/wp\/v2\/users\/1"}],"replies":[{"embeddable":true,"href":"https:\/\/museoupdating.webs.upv.es\/va\/wp-json\/wp\/v2\/comments?post=6192"}],"version-history":[{"count":56,"href":"https:\/\/museoupdating.webs.upv.es\/va\/wp-json\/wp\/v2\/pages\/6192\/revisions"}],"predecessor-version":[{"id":6277,"href":"https:\/\/museoupdating.webs.upv.es\/va\/wp-json\/wp\/v2\/pages\/6192\/revisions\/6277"}],"wp:attachment":[{"href":"https:\/\/museoupdating.webs.upv.es\/va\/wp-json\/wp\/v2\/media?parent=6192"}],"curies":[{"name":"wp","href":"https:\/\/api.w.org\/{rel}","templated":true}]}}