{"id":7238,"date":"2020-03-02T17:18:04","date_gmt":"2020-03-02T17:18:04","guid":{"rendered":"http:\/\/museo.inf.upv.es\/?page_id=7906"},"modified":"2020-03-02T17:18:04","modified_gmt":"2020-03-02T17:18:04","slug":"expositores-2019","status":"publish","type":"page","link":"https:\/\/museoupdating.webs.upv.es\/va\/expositores-2019\/","title":{"rendered":"EXPOSITORS 2019"},"content":{"rendered":"<h3><strong>Listado de stands no comerciales confirmados, por orden alfab\u00e9tico:<\/strong><\/h3>\n<table>\n<tbody>\n<tr>\n<td valign=\"top\" width=\"250px\"><\/td>\n<td valign=\"top\"><\/td>\n<\/tr>\n<\/tbody>\n<\/table>\n<table>\n<tbody>\n<tr>\n<td valign=\"top\" width=\"250px\"><a href=\"https:\/\/www.4mhz.es\/\" target=\"_blank\" rel=\"noopener noreferrer\"><img loading=\"lazy\" decoding=\"async\" class=\"aligncenter wp-image-1162\" src=\"https:\/\/museoupdating.webs.upv.es\/wp-content\/uploads\/2018\/06\/logo_4mhz.jpg\" alt=\"\" width=\"212\" height=\"113\" \/><\/a><\/td>\n<td valign=\"top\"><strong>4 Mhz<\/strong>. Somos un grupo de retromaniacos que se form\u00f3 espont\u00e1neamente y que se dedica al desarrollo de videojuegos. Nos hacemos llamar 4MHz. Esta es la velocidad que ten\u00eda uno de los m\u00e1s famosos procesadores de 8 bits de todos los tiempos: el Z80.<\/td>\n<\/tr>\n<\/tbody>\n<table>\n<tbody>\n<tr>\n<td valign=\"top\" width=\"250px\"><a href=\"http:\/\/arcadevintage.es\/\" target=\"_blank\" rel=\"noopener noreferrer\"><img loading=\"lazy\" decoding=\"async\" class=\"aligncenter wp-image-1162\" src=\"https:\/\/museoupdating.webs.upv.es\/wp-content\/uploads\/2018\/06\/logo_arcadevintage.jpg\" alt=\"\" width=\"212\" height=\"113\" \/><\/a><\/td>\n<td valign=\"top\"><strong>Arcade Vintage y Visual Retro<\/strong>. Arcade Vintage es una Asociaci\u00f3n Cultural, creada para conservar, predicar y dar a conocer la cultura del Arcade que se origin\u00f3 en los salones recreativos durante los a\u00f1os 80 y 90 en nuestro pa\u00eds. Creemos en la filosof\u00eda de los videojuegos tradicionales, en la eterna jugabilidad, en las partidas con los amigos y en la m\u00fasica chip. Actualmente disponemos de un sal\u00f3n recreativo-museo abierto al p\u00fablico en la localidad de Petrer, a tan solo 25 minutos de Alicante, donde organizamos quedadas, eventos, talleres y torneos, para as\u00ed disfrutar entre todos de las m\u00e1quinas recreativas que nunca debieron ser olvidadas.<\/td>\n<\/tr>\n<\/tbody>\n<table>\n<tbody>\n<tr>\n<td valign=\"top\" width=\"250px\"><a href=\"http:\/\/www.tekubitoy.es\/\" target=\"_blank\" rel=\"noopener noreferrer\"><img loading=\"lazy\" decoding=\"async\" class=\"aligncenter wp-image-1162\" src=\"https:\/\/museoupdating.webs.upv.es\/wp-content\/uploads\/2018\/06\/logotekubitoy.png\" alt=\"\" width=\"212\" height=\"113\" \/><\/a><\/td>\n<td valign=\"top\"><strong>Asociaci\u00f3n Cultural Tekubi Toy<\/strong>. Somos la asociaci\u00f3n cultural Tekubi Toy, nos dedicamos a la difusi\u00f3n y a la realizaci\u00f3n de actividades relacionadas con juguetes, su recuperaci\u00f3n, restauraci\u00f3n y coleccionismo. Difundimos la cultura del mundo del juguete, videojuegos y juegos en general, tambi\u00e9n el mundo del papel, cuentos, cromos, cartas de olor, cartas, comics, etc, dirigido a todas las edades desde los m\u00e1s peque\u00f1os hasta los m\u00e1s experimentados. \u00a1Todos llevamos un ni\u00f1o dentro!<\/td>\n<\/tr>\n<\/tbody>\n<\/table>\n<table>\n<tbody>\n<tr>\n<td valign=\"top\" width=\"250px\"><a href=\"http:\/\/www.byterealms.com\/\" target=\"_blank\" rel=\"noopener noreferrer\"><img loading=\"lazy\" decoding=\"async\" class=\"aligncenter wp-image-1162\" src=\"https:\/\/museoupdating.webs.upv.es\/wp-content\/uploads\/2018\/06\/logo_byterealms.png\" alt=\"\" width=\"212\" height=\"113\" \/><\/a><\/td>\n<td valign=\"top\"><strong>ByteRealms<\/strong>. ByteRealms es un equipo joven compuesto por profesionales del videojuego, la inform\u00e1tica, la tecnolog\u00eda y la educaci\u00f3n: un grupo de expertos nacido en la Universidad de Alicante, con una filosof\u00eda de trabajo vanguardista, d\u00f3nde lo m\u00e1s importante es mejorar cada d\u00eda la calidad del trabajo bien hecho. Nuestra meta es llevar los videojuegos siempre un paso m\u00e1s all\u00e1, desarrollando conceptos que diviertan m\u00e1s, ense\u00f1en mejor, ayuden a divulgar, transmitan mensajes y fomenten la cultura y los valores positivos.<\/td>\n<\/tr>\n<\/tbody>\n<\/table>\n<table>\n<tbody>\n<tr>\n<td valign=\"top\" width=\"250px\"><a href=\"https:\/\/es-es.facebook.com\/ClubDelVideojuego\/\" target=\"_blank\" rel=\"noopener noreferrer\"><img loading=\"lazy\" decoding=\"async\" class=\"aligncenter wp-image-1192\" src=\"https:\/\/museoupdating.webs.upv.es\/wp-content\/uploads\/2018\/06\/logo_clubvideojuegoupv.png\" alt=\"\" width=\"164\" height=\"134\" \/><\/a><\/td>\n<td valign=\"top\"><strong>Club del Videojuego UPV<\/strong>. El Club del Videojuego UPV es una organizaci\u00f3n de alumnos de la Universidad Polit\u00e9cnica de Valencia. Nuestro objetivo es aprender, divertirnos y desarrollar videojuegos para el dia de ma\u00f1ana estar lo m\u00e1ximo preparados para encontrar trabajo en la ind\u00fastria de videojuegos espa\u00f1ola.<\/td>\n<\/tr>\n<\/tbody>\n<\/table>\n<table>\n<tbody>\n<tr>\n<td valign=\"top\" width=\"250px\"><a href=\"http:\/\/www.flynnsarcades.com\/\" target=\"_blank\" rel=\"noopener noreferrer\"><img loading=\"lazy\" decoding=\"async\" class=\"aligncenter wp-image-1168\" src=\"https:\/\/museoupdating.webs.upv.es\/wp-content\/uploads\/2018\/06\/logo-flynnsarcade.png\" alt=\"\" width=\"250\" height=\"97\" \/><\/a><\/td>\n<td valign=\"top\"><strong>Flynn&#8217;s Arcade<\/strong>. We love creating games and that is what we try to do everyday. Flynns Arcades is trying to become a real company meanwhile we develop new games. The games we produce are small, smart, simple and elegantly designed. Our objective is to make people spend a good time with our products creating an enjoyable video game experience.<\/td>\n<\/tr>\n<\/tbody>\n<\/table>\n<table>\n<tbody>\n<tr>\n<td valign=\"top\" width=\"250px\"><a href=\"http:\/\/www.gamesfortutti.com\/\" target=\"_blank\" rel=\"noopener noreferrer\"><img loading=\"lazy\" decoding=\"async\" class=\"aligncenter wp-image-1170\" src=\"https:\/\/museoupdating.webs.upv.es\/wp-content\/uploads\/2018\/06\/logo-gamesfortutti.jpg\" alt=\"\" width=\"135\" height=\"135\" \/><\/a><\/td>\n<td valign=\"top\"><strong>Games For Tutti<\/strong>. Games For Tutti es un estudio independiente de videojuegos de Valencia. Nos presentar\u00e1n su \u00faltima creaci\u00f3n, OUTRIDERS, actualmente en desarrollo.<\/td>\n<\/tr>\n<\/tbody>\n<\/table>\n<table>\n<tbody>\n<tr>\n<td valign=\"top\" width=\"250px\"><a href=\"http:\/\/www.ictiongames.com\/\" target=\"_blank\" rel=\"noopener noreferrer\"><img loading=\"lazy\" decoding=\"async\" class=\"aligncenter size-full wp-image-1171\" src=\"https:\/\/museoupdating.webs.upv.es\/wp-content\/uploads\/2018\/06\/logo-ictiongames.png\" alt=\"\" width=\"100\" height=\"100\" \/><\/a><\/td>\n<td valign=\"top\"><strong>Iction Games<\/strong>. Somos un grupo de colaboradores multidisciplinares a quienes nos encantan los videojuegos y que amamos crearlos. Por este motivo nos hemos unido para dar forma a todas aquellas ideas que nos ilusionan y para conseguir que los jugadores tengan con nuestros videojuegos una experiencia nueva y emocionante.<\/td>\n<\/tr>\n<\/tbody>\n<\/table>\n<table>\n<tbody>\n<tr>\n<td valign=\"top\" width=\"250px\"><a href=\"http:\/\/www.explosivedinosaurs.com\" target=\"_blank\" rel=\"noopener noreferrer\"><img loading=\"lazy\" decoding=\"async\" class=\"alignleft wp-image-12\" src=\"https:\/\/museoupdating.webs.upv.es\/wp-content\/uploads\/2018\/06\/logo-rawrlab.png\" alt=\"logoretropolisvlc\" width=\"250\" height=\"108\" \/><\/a><\/td>\n<td valign=\"top\"><strong>RAWR Lab<\/strong>. Somos un grupo de amigos que queremos hacer el mejor, y m\u00e1s grande, videojuego de minijuegos de la historia. <strong>eXplosive Dinosaurs<\/strong> es una colecci\u00f3n de minijuegos multijugador competitivos con DINOSAURIOS QUE EXPLOTAN. El objetivo de este videojuego es DESTRUIR AMISTADES, tal como viene haciendo el Monopoly desde hace m\u00e1s de 100 a\u00f1os.<\/td>\n<\/tr>\n<\/tbody>\n<\/table>\n<table>\n<tbody>\n<tr>\n<td valign=\"top\" width=\"250px\"><a href=\"https:\/\/retrobytesproductions.blogspot.com.es\/\" target=\"_blank\" rel=\"noopener noreferrer\"><img loading=\"lazy\" decoding=\"async\" class=\"aligncenter wp-image-1174 \" src=\"https:\/\/museoupdating.webs.upv.es\/wp-content\/uploads\/2018\/06\/logo-retrobytesproductions.png\" alt=\"\" width=\"174\" height=\"84\" \/><\/a><\/td>\n<td valign=\"top\"><strong>Retrobytes Productions<\/strong>. Los ganadores de las \u00faltimas dos CPCRetrodev, con <strong>Space Moves<\/strong> y <strong>Outlaws,<\/strong> vienen a ense\u00f1arnos sus m\u00e1s recientes creaciones.<\/td>\n<\/tr>\n<\/tbody>\n<\/table>\n<table>\n<tbody>\n<tr>\n<td valign=\"top\" width=\"250px\"><a href=\"http:\/\/www.retromiranda.com\" target=\"_blank\" rel=\"noopener noreferrer\"><img loading=\"lazy\" decoding=\"async\" class=\"aligncenter wp-image-1174 \" src=\"https:\/\/museoupdating.webs.upv.es\/wp-content\/uploads\/2018\/06\/logo_retromiranda.png\" alt=\"\" width=\"174\" height=\"84\" \/><\/a><\/td>\n<td valign=\"top\"><strong>RetroMiranda<\/strong>. RetroMiranda es un evento dedicado a los videojuegos y sistemas antiguos, retroinform\u00e1tica, electr\u00f3nica y desarrolladores de videojuegos independientes surgido hace cinco a\u00f1os de la mano de la Asociaci\u00f3n Juvenil Santiago Ap\u00f3stol de Miranda y que ha tenido un crecimiento exponencial durante estos a\u00f1os, llegando a ser un evento de inter\u00e9s nacional..<\/td>\n<\/tr>\n<\/tbody>\n<\/table>\n<table>\n<tbody>\n<tr>\n<td valign=\"top\" width=\"250px\"><a href=\"https:\/\/es-es.facebook.com\/Undergamers-1907932182782913\/\" target=\"_blank\" rel=\"noopener noreferrer\"><img loading=\"lazy\" decoding=\"async\" class=\"aligncenter wp-image-1180\" src=\"https:\/\/museoupdating.webs.upv.es\/wp-content\/uploads\/2018\/06\/logo_undergamers.png\" alt=\"\" width=\"139\" height=\"139\" \/><\/a><\/td>\n<td valign=\"top\"><strong>Undergamers<\/strong>. Undergamers es un grupo de personas con una gran pasi\u00f3n por el mundo del videojuego retro y actual. Contaremos con un amplio espacio dedicado a consolas, bartops y arcades, donde ponerse al d\u00eda, intercambiar impresiones \u00a1y echarse siempre otra partida m\u00e1s!.<\/td>\n<\/tr>\n<\/tbody>\n<\/table>\n<table>\n<tbody>\n<tr>\n<td valign=\"top\" width=\"250px\"><a href=\"http:\/\/videojuegosporalimentos.org\/\" target=\"_blank\" rel=\"noopener noreferrer\"><img loading=\"lazy\" decoding=\"async\" class=\"alignleft wp-image-380\" src=\"https:\/\/museoupdating.webs.upv.es\/wp-content\/uploads\/2018\/06\/vxa.png\" alt=\"vxa\" width=\"250\" height=\"42\" \/><\/a><\/td>\n<td style=\"text-align: justify\" valign=\"top\"><strong>Videojuegos X Alimentos e<\/strong>s un mercadillo solidario en el cual nosotros ponemos videojuegos y material de videojuegos, que cambiamos por el alimento que tu traes. La \u00fanica moneda de cambio es alimentos, kilos de alimentos no perecederos, <strong>NUNCA DINERO<\/strong>.<\/p>\n<p>Ese es el secreto de nuestro proyecto, que nunca hay dinero, tanto para cambiar videojuegos como si organizamos otro tipo de proyecto, como campeonatos deportivos de videojuegos.<\/td>\n<\/tr>\n<\/tbody>\n<\/table>\n<table>\n<tbody>\n<tr>\n<td valign=\"top\" width=\"250px\"><a href=\"http:\/\/xlatangente.com.es\/\" target=\"_blank\" rel=\"noopener noreferrer\"><img loading=\"lazy\" decoding=\"async\" class=\"aligncenter wp-image-1194\" src=\"https:\/\/museoupdating.webs.upv.es\/wp-content\/uploads\/2018\/06\/logo_xlatangente.png\" alt=\"\" width=\"136\" height=\"136\" \/><\/a><\/td>\n<td valign=\"top\"><strong>X La Tangente<\/strong>. X La Tangente es un proyecto de revista online que nace a finales de Agosto de 2013 tras un largo periodo de reuniones, discusiones y muchas m\u00e1s cosas, se decide comenzar con la andadura de esta revista, que comenz\u00f3 siendo una publicaci\u00f3n electr\u00f3nica que sal\u00eda mensualmente en pdf y que ahora se convierte en una revista completamente online.<\/td>\n<\/tr>\n<\/tbody>\n<\/table>\n<table>\n<tbody>\n<tr>\n<td valign=\"top\" width=\"250px\"><a href=\"https:\/\/twitter.com\/zona_fi\" target=\"_blank\" rel=\"noopener noreferrer\"><img loading=\"lazy\" decoding=\"async\" class=\"wp-image-503 aligncenter\" src=\"https:\/\/museoupdating.webs.upv.es\/wp-content\/uploads\/2018\/06\/logo-zonafi.jpg\" alt=\"logo-zonafi\" width=\"189\" height=\"115\" \/><\/a><\/td>\n<td valign=\"top\"><strong>Zona Fi \/ Sue\u00f1os Interactivos<\/strong> es un espacio para la divulgaci\u00f3n de la FICCI\u00d3N INTERACTIVA o Aventuras Conversacionales, juegos con contenido narrativo y textual, en todas sus modalildades, idiomas, plataformas y variantes.<br \/>\nAnimamos al juego de las obras cl\u00e1sicas y a la creaci\u00f3n de nuevos juegos de texto para m\u00e1quinas modernas y antiguas. \u00bfTe gustar\u00eda hacer un aventura conversacional y no sabes c\u00f3mo? \u00a1Busca nuestro stand y preg\u00fantanos!<\/td>\n<\/tr>\n<\/tbody>\n<\/table>\n<p>&nbsp;<\/p>\n<h3><strong>Listado de stands comerciales confirmados, por orden alfab\u00e9tico:<\/strong><\/h3>\n<table>\n<tbody>\n<tr>\n<td valign=\"top\" width=\"250px\"><\/td>\n<td valign=\"top\"><\/td>\n<\/tr>\n<\/tbody>\n<\/table>\n<table>\n<tbody>\n<tr>\n<td valign=\"top\" width=\"250px\"><a href=\"https:\/\/www.almacomic.com\"><img loading=\"lazy\" decoding=\"async\" class=\"alignleft wp-image-12\" src=\"https:\/\/museoupdating.webs.upv.es\/wp-content\/uploads\/2018\/06\/logo-almacomic.png\" alt=\"\" width=\"250\" height=\"108\" \/><\/a><\/td>\n<td style=\"text-align: justify\" valign=\"top\"><strong>Alma Comic<\/strong>. Tu tienda online de merchandising y coleccionismo.<\/td>\n<\/tr>\n<\/tbody>\n<\/table>\n<table>\n<tbody>\n<tr>\n<td valign=\"top\" width=\"250px\"><a href=\"http:\/\/www.arcase-retrogames.com\/\" target=\"_blank\" rel=\"noopener noreferrer\"><img loading=\"lazy\" decoding=\"async\" class=\"aligncenter wp-image-495 size-full\" src=\"https:\/\/museoupdating.webs.upv.es\/wp-content\/uploads\/2018\/06\/logo_arcaseretrogames.png\" alt=\"\" width=\"207\" height=\"148\" \/><\/a><\/td>\n<td valign=\"top\"><strong>Arcase Retrogames<\/strong>. Arcase no es m\u00e1s que el sue\u00f1o de todo amante de los videojuegos cl\u00e1sicos: disponer de una m\u00e1quina que sea capaz de transportarte a aquella \u00e9poca de salones recreativos y consolas que marcaron tu vida. Puedes elegir entre 2 maletas transportables. Por un lado, un panel doble de control arcade integrado en un flightcase de gran calidad, sencillo, robusto y duradero. Por otro, su versi\u00f3n mini, una consola con 2 controladores que, adem\u00e1s de servir como estaci\u00f3n de juegos, funciona como completo centro multimedia.<\/td>\n<\/tr>\n<\/tbody>\n<\/table>\n<table>\n<tbody>\n<tr>\n<td valign=\"top\" width=\"250px\"><a href=\"http:\/\/www.canadiangames.es\" target=\"_blank\" rel=\"noopener noreferrer\"><img loading=\"lazy\" decoding=\"async\" class=\"alignleft wp-image-485\" src=\"https:\/\/museoupdating.webs.upv.es\/wp-content\/uploads\/2018\/06\/logo-canadian.jpg\" alt=\"logo-canadian\" width=\"250\" height=\"64\" \/><\/a><\/td>\n<td style=\"text-align: justify\" valign=\"top\"><strong>Canadian Games<\/strong>, la tienda de videojuegos decana de Espa\u00f1a, es una empresa que abri\u00f3 sus puertas al p\u00fablico en 1992. Este a\u00f1o cumple 25 a\u00f1os.<\/td>\n<\/tr>\n<\/tbody>\n<\/table>\n<table>\n<tbody>\n<tr>\n<td valign=\"top\" width=\"250px\"><a href=\"https:\/\/es-es.facebook.com\/ConsolaColeccion\/\" target=\"_blank\" rel=\"noopener noreferrer\"><img loading=\"lazy\" decoding=\"async\" class=\"aligncenter size-full wp-image-1197\" src=\"https:\/\/museoupdating.webs.upv.es\/wp-content\/uploads\/2018\/06\/logo-consolacoleccion.jpg\" alt=\"\" width=\"96\" height=\"96\" \/><\/a><\/td>\n<td style=\"text-align: justify\" valign=\"top\"><strong>Consola Colecci\u00f3n<\/strong>. Venta online de juegos, accesorios y consolas cl\u00e1sicas.<\/td>\n<\/tr>\n<\/tbody>\n<\/table>\n<table>\n<tbody>\n<tr>\n<td valign=\"top\" width=\"250px\"><a href=\"http:\/\/www.eltallerdeakane.com\/\"><img loading=\"lazy\" decoding=\"async\" class=\"aligncenter size-full wp-image-1200\" src=\"https:\/\/museoupdating.webs.upv.es\/wp-content\/uploads\/2018\/06\/logo.eltallerdeakane.jpg\" alt=\"\" width=\"300\" height=\"48\" \/><\/a><\/td>\n<td style=\"text-align: justify\" valign=\"top\"><strong>El Taller de Akane<\/strong>. Tienda online de productos personalizables, camisetas, tazas&#8230;<\/td>\n<\/tr>\n<\/tbody>\n<\/table>\n<table>\n<tbody>\n<tr>\n<td valign=\"top\" width=\"250px\"><a href=\"http:\/\/www.emere.es\" target=\"_blank\" rel=\"noopener noreferrer\"><img loading=\"lazy\" decoding=\"async\" class=\"alignleft wp-image-486\" src=\"https:\/\/museoupdating.webs.upv.es\/wp-content\/uploads\/2018\/06\/logo-emere.png\" alt=\"logo-emere\" width=\"250\" height=\"93\" \/><\/a><\/td>\n<td style=\"text-align: justify\" valign=\"top\"><strong>Emere<\/strong> es una tienda f\u00edsica de videojuegos especializada en material \u201cretro\u201d. En su espacio podr\u00e9is encontrar algunas consolas en demo y rememorar viejos tiempos cogiendo sus mandos y probando sus juegos. Adem\u00e1s este espacio dispondr\u00e1 de zona de venta donde podr\u00e9is adquirir consolas, juegos y accesorios totalmente nuevos o de segunda mano a excelentes precios. Tendr\u00e1n multitud de juegos y accesorios totalmente nuevos y precintados a vuestra disposici\u00f3n y algunas otras sorpresas que preparar\u00e1n para vosotros.<\/td>\n<\/tr>\n<\/tbody>\n<\/table>\n<table>\n<tbody>\n<tr>\n<td valign=\"top\" width=\"250px\"><a href=\"http:\/\/eymonline.es\/\" target=\"_blank\" rel=\"noopener noreferrer\"><img loading=\"lazy\" decoding=\"async\" class=\"alignleft wp-image-578\" src=\"https:\/\/museoupdating.webs.upv.es\/wp-content\/uploads\/2018\/06\/logo-eym-1024x640.png\" alt=\"logo-eym\" width=\"250\" height=\"156\" \/><\/a><\/td>\n<td style=\"text-align: justify\" valign=\"top\"><strong>EyM Publicidad.<\/strong> Personalizaci\u00f3n Textil (Camisetas, sudaderas, gorras), chapas personalizadas, mochilas y merchandising freak.<\/td>\n<\/tr>\n<\/tbody>\n<\/table>\n<table>\n<tbody>\n<tr>\n<td valign=\"top\" width=\"250px\"><a href=\"https:\/\/gamesocietyshop.es\" target=\"_blank\" rel=\"noopener noreferrer\"><img loading=\"lazy\" decoding=\"async\" class=\"aligncenter wp-image-1178\" src=\"https:\/\/museoupdating.webs.upv.es\/wp-content\/uploads\/2018\/06\/logo-gamesociety.png\" alt=\"\" width=\"250\" height=\"91\" \/><\/a><\/td>\n<td style=\"text-align: justify\" valign=\"top\"><strong>Game Society<\/strong>. Merchandising Freak al mejor precio. (Camisetas, tazas, alfombrillas de rat\u00f3n, posters, etc.). Cine y series, videojuegos, retro, anime y manga.<\/td>\n<\/tr>\n<\/tbody>\n<\/table>\n<table>\n<tbody>\n<tr>\n<td valign=\"top\" width=\"250px\"><a href=\"https:\/\/www.goldsaucerstore.com\/\" target=\"_blank\" rel=\"noopener noreferrer\"><img loading=\"lazy\" decoding=\"async\" class=\"alignleft wp-image-578\" src=\"https:\/\/museoupdating.webs.upv.es\/wp-content\/uploads\/2018\/06\/logo_goldsaucerstore.png\" alt=\"\" width=\"250\" height=\"156\" \/><\/a><\/td>\n<td style=\"text-align: justify\" valign=\"top\"><strong>Gold Saucer Store<\/strong>. En Gold Saucer Store les asesoramos en el mundo de los videojuegos desde su inicios hasta el dia de hoy; presumimos de vender y comprar tanto videojuegos como videoconsolas al mejor precio as\u00ed como aconsejarles en su compra en caso de requerirlo.<\/td>\n<\/tr>\n<\/tbody>\n<\/table>\n<table>\n<tbody>\n<tr>\n<td valign=\"top\" width=\"250px\"><a href=\"https:\/\/www.facebook.com\/goukizero.gamez\" target=\"_blank\" rel=\"noopener noreferrer\"><img loading=\"lazy\" decoding=\"async\" class=\"alignleft wp-image-12\" src=\"https:\/\/museoupdating.webs.upv.es\/wp-content\/uploads\/2018\/06\/logoretropolisvlc-1.png\" alt=\"logoretropolisvlc\" width=\"250\" height=\"108\" \/><\/a><\/td>\n<td style=\"text-align: justify\" valign=\"top\"><strong>Goukizero Gamez<\/strong> es una tienda de Alicante especializada en la compra-venta de material retro.<\/td>\n<\/tr>\n<\/tbody>\n<\/table>\n<table>\n<tbody>\n<tr>\n<td valign=\"top\" width=\"250px\"><a href=\"http:\/\/www.gwc.es\" target=\"_blank\" rel=\"noopener noreferrer\"><img loading=\"lazy\" decoding=\"async\" class=\"alignleft wp-image-504 size-full\" src=\"https:\/\/museoupdating.webs.upv.es\/wp-content\/uploads\/2018\/06\/logo-gwc-1.jpg\" alt=\"logo-gwc\" width=\"250\" height=\"97\" \/><\/a><\/td>\n<td style=\"text-align: justify\" valign=\"top\"><strong>GameWorldCollection<\/strong> expondr\u00e1 mayoritariamente consolas y videojuegos, especialmente de los a\u00f1os 80 y 90, pues pretendemos que todo el que quiera se acerque a probar las m\u00e1quinas.<\/td>\n<\/tr>\n<\/tbody>\n<\/table>\n<table>\n<tbody>\n<tr>\n<td valign=\"top\" width=\"250px\"><a href=\"http:\/\/hotgameshop.es\/es\/\" target=\"_blank\" rel=\"noopener noreferrer\"><img loading=\"lazy\" decoding=\"async\" class=\"wp-image-523 alignleft\" src=\"https:\/\/museoupdating.webs.upv.es\/wp-content\/uploads\/2018\/06\/logo-hotgamesshop-1024x213.jpg\" alt=\"logo-hotgamesshop\" width=\"250\" height=\"52\" \/><\/a><\/td>\n<td style=\"text-align: justify\" valign=\"top\"><strong>HotGameShop.<\/strong> Tienda de videojuegos tanto actual como retro con el m\u00e1s amplio y variado cat\u00e1logo en retro. Promociones para la feria Retr\u00f3polis Valencia. Trae tu juegos estropeados y los pulimos y recuperamos por solo 1,20. \u00c9stas y otras promociones en el stand de Hotgameshop.<\/td>\n<\/tr>\n<\/tbody>\n<\/table>\n<table>\n<tbody>\n<tr>\n<td valign=\"top\" width=\"250px\"><a href=\"http:\/\/www.juegoslegendarios.es\/es\/\" target=\"_blank\" rel=\"noopener noreferrer\"><img loading=\"lazy\" decoding=\"async\" class=\"wp-image-523 alignleft\" src=\"https:\/\/museoupdating.webs.upv.es\/wp-content\/uploads\/2018\/06\/logo_juegoslegendarios.jpg\" alt=\"\" width=\"250\" height=\"52\" \/><\/a><\/td>\n<td style=\"text-align: justify\" valign=\"top\"><strong>Juegos Legendarios<\/strong>. Desde hace ya mucho tiempo nos dedicamos a la compraventa de juegos Retro y tambien a la venta de juegos mas modernos, un catalogo de mas de 1000 productos, Asistimos a las principales eventos relacionados con el tema retro.<\/td>\n<\/tr>\n<\/tbody>\n<\/table>\n<table>\n<tbody>\n<tr>\n<td valign=\"top\" width=\"250px\"><a href=\"https:\/\/es-es.facebook.com\/RETROGAMEVALENCIA\/\" target=\"_blank\" rel=\"noopener noreferrer\"><img loading=\"lazy\" decoding=\"async\" class=\"aligncenter wp-image-494 size-full\" src=\"https:\/\/museoupdating.webs.upv.es\/wp-content\/uploads\/2018\/06\/logo-retrogamevalencia-e1493152042433.jpg\" alt=\"\" width=\"468\" height=\"366\" \/><\/a><\/td>\n<td style=\"text-align: justify\" valign=\"top\"><strong>RetroGame Valencia<\/strong> es una tienda f\u00edsica de Valencia, especializada en la compra-venta de material retro.<\/td>\n<\/tr>\n<\/tbody>\n<\/table>\n<table>\n<tbody>\n<tr>\n<td valign=\"top\" width=\"250px\"><img loading=\"lazy\" decoding=\"async\" class=\"alignleft wp-image-12\" src=\"https:\/\/museoupdating.webs.upv.es\/wp-content\/uploads\/2018\/06\/logoretropolisvlc-1.png\" alt=\"logoretropolisvlc\" width=\"250\" height=\"108\" \/><\/td>\n<td style=\"text-align: justify\" valign=\"top\"><strong>Retrovicio<\/strong> es un grupo que viene con una impresionante colecci\u00f3n de m\u00e1quinas para que puedan ser jugadas por los asistentes.<\/td>\n<\/tr>\n<\/tbody>\n<\/table>\n<table>\n<tbody>\n<tr>\n<td valign=\"top\" width=\"250px\"><a href=\"http:\/\/www.startmagazinebooks.com\/\" target=\"_blank\" rel=\"noopener noreferrer\"><img loading=\"lazy\" decoding=\"async\" class=\"alignleft wp-image-501\" src=\"https:\/\/museoupdating.webs.upv.es\/wp-content\/uploads\/2018\/06\/logo_start-t.png\" width=\"250\" height=\"72\" \/><\/a><\/td>\n<td style=\"text-align: justify\" valign=\"top\"><strong>STAR-T MAGAZINE BOOKS<\/strong>. En mayo de 2012 tuvimos la oportunidad de poner en marcha el sello editorial STAR-T MAGAZINE BOOKS, en el que un elenco de buenos escritores, periodistas y ensayistas pudieran compartir con el lector sus ideas, proyectos y experiencias siempre relacionadas con los videojuegos. STAR-T MAGAZINE BOOKS por tanto, quiere ofrecer a los lectores \u00e1vidos de conocimiento sobre videojuegos, libros \u00fanicos, originales y sobre todo aut\u00e9nticos.<\/td>\n<\/tr>\n<\/tbody>\n<\/table>\n<table>\n<tbody>\n<tr>\n<td valign=\"top\" width=\"250px\"><\/td>\n<td valign=\"top\"><\/td>\n<\/tr>\n<\/tbody>\n<\/table>\n","protected":false},"excerpt":{"rendered":"<p>Listado de stands no comerciales confirmados, por orden alfab\u00e9tico: 4 Mhz. Somos un grupo de retromaniacos que se form\u00f3 espont\u00e1neamente y que se dedica al desarrollo de videojuegos. Nos hacemos llamar 4MHz. Esta es la velocidad que ten\u00eda uno de los m\u00e1s famosos procesadores de 8 bits de todos los tiempos: el Z80. Arcade Vintage [&hellip;]<\/p>\n","protected":false},"author":1,"featured_media":0,"parent":0,"menu_order":0,"comment_status":"closed","ping_status":"closed","template":"","meta":{"inline_featured_image":false,"_monsterinsights_skip_tracking":false,"_monsterinsights_sitenote_active":false,"_monsterinsights_sitenote_note":"","_monsterinsights_sitenote_category":0,"footnotes":""},"class_list":["post-7238","page","type-page","status-publish","hentry","post"],"_links":{"self":[{"href":"https:\/\/museoupdating.webs.upv.es\/va\/wp-json\/wp\/v2\/pages\/7238","targetHints":{"allow":["GET"]}}],"collection":[{"href":"https:\/\/museoupdating.webs.upv.es\/va\/wp-json\/wp\/v2\/pages"}],"about":[{"href":"https:\/\/museoupdating.webs.upv.es\/va\/wp-json\/wp\/v2\/types\/page"}],"author":[{"embeddable":true,"href":"https:\/\/museoupdating.webs.upv.es\/va\/wp-json\/wp\/v2\/users\/1"}],"replies":[{"embeddable":true,"href":"https:\/\/museoupdating.webs.upv.es\/va\/wp-json\/wp\/v2\/comments?post=7238"}],"version-history":[{"count":0,"href":"https:\/\/museoupdating.webs.upv.es\/va\/wp-json\/wp\/v2\/pages\/7238\/revisions"}],"wp:attachment":[{"href":"https:\/\/museoupdating.webs.upv.es\/va\/wp-json\/wp\/v2\/media?parent=7238"}],"curies":[{"name":"wp","href":"https:\/\/api.w.org\/{rel}","templated":true}]}}