{"id":7521,"date":"2016-09-07T18:28:25","date_gmt":"2016-09-07T18:28:25","guid":{"rendered":"http:\/\/museo.inf.upv.es\/?page_id=5959"},"modified":"2016-09-07T18:28:25","modified_gmt":"2016-09-07T18:28:25","slug":"calculadora_tipo_leibniz","status":"publish","type":"page","link":"https:\/\/museoupdating.webs.upv.es\/va\/calculadora_tipo_leibniz\/","title":{"rendered":"Arqueologia inform\u00e0tica: disseny i implementaci\u00f3 d&#8217;una calculadora tipus Leibniz amb Scratch"},"content":{"rendered":"<p><\/p>\n<h5 style=\"text-align: center;\"><span style=\"color: #d60066;\"><strong><span style=\"font-size: 2em; line-height: 1.5em;\">Calculadora mec\u00e0nica tipus Leibniz amb\u00a0Scratch<\/span><\/strong><\/span><\/h5>\n<h3 style=\"text-align: center;\"><strong>Salvador P\u00e9rez Heras<\/strong><\/h3>\n<p>Nova secci\u00f3 del museu en la qual s\u2019inclou una simulaci\u00f3 de la calculadora mec\u00e0nica Schubert per aix\u00ed aprendre el seu funcionament i les seues parts.<\/p>\n<p>Aquesta calculadora ha sigut implementada a trav\u00e9s del llenguatge de programaci\u00f3 Scratch, on es poden realitzar tot tipus d\u2019aplicacions amb un codi obert i accessible per a tot el qui ho desitge i incl\u00fas modificar aquestes aplicacions. Pr\u00e8viament, s\u2019han dut a terme tasques d\u2019estudi per con\u00e8ixer amb m\u00e9s profunditat aquesta calculadora i d\u2019altres paregudes.<\/p>\n<h3><strong>Hist\u00f2ria<\/strong><\/h3>\n<p>La calculadora mec\u00e0nica Schubert es va crear als anys 50 del segle XX. El seu nom prov\u00e9 del seu inventor Emil Schubert (1883-1952). Despr\u00e9s de fracassar amb la seua primera empresa, al 1938 va fundar una nova firma amb el seu nom. Mentre va durar la II Guerra Mundial, la companyia va comen\u00e7ar a fabricar aquesta calculadora fins finals dels anys 60.<\/p>\n<p>Aquesta m\u00e0quina cont\u00e9 el fam\u00f3s <em>Stepped Reckoner\u00a0<\/em>(tambor escalonat) heretat del fam\u00f3s fil\u00f2sof i matem\u00e0tic <strong>Gottfried Wilhelm Leibniz.\u00a0<\/strong>Aquest dispositiu ha sigut utilitzat per la majoria de les calculadores mec\u00e0niques ja que, a m\u00e9s de realitzar adicions i sustraccions, tamb\u00e9 podia multiplicar, dividir i traure arrels quadrades.<\/p>\n<h3><strong>Instruccions<\/strong><\/h3>\n<ol>\n<li>Presionar la bandera verda per a comen\u00e7ar l\u2019aplicaci\u00f3.<\/li>\n<li>Pulsar la pantalla\u00a0per a passar la portada y llegir les intruccions.<\/li>\n<\/ol>\n<p style=\"text-align: center;\">\n<iframe loading=\"lazy\" allowtransparency=\"true\" width=\"485\" height=\"402\" src=\"\/\/scratch.mit.edu\/projects\/embed\/121898005\/?autostart=false\" frameborder=\"0\" allowfullscreen><\/iframe>\n<\/p>\n<p>Per a accedir a la p\u00e0gina de la calculadora en la web de Scratch anar al seg\u00fcent enlla\u00e7 \u2013&gt;\u00a0<a href=\"https:\/\/scratch.mit.edu\/projects\/121898005\/\">Schubert<\/a><\/p>\n<h3><strong>V\u00eddeo del funcionament de la calculadora<\/strong><\/h3>\n<p>En aquest punt es va a mostrar un v\u00eddeo de l&#8217;us d&#8217;una calculadora mec\u00e0nica que ha sigut cedida pel Museu d&#8217;Inform\u00e0tica per a la seua divulgaci\u00f3. Es tracta d&#8217;una calculadora mec\u00e0nica Minerva, fabricada a Espanya.<\/p>\n<p style=\"text-align: center;\"><iframe loading=\"lazy\" width=\"560\" height=\"315\" src=\"https:\/\/www.youtube-nocookie.com\/embed\/yyL-kW2NSpg?rel=0&amp;controls=0&amp;showinfo=0\" frameborder=\"0\" allowfullscreen><\/iframe><\/p>\n<div class=\"row-wrapper-x\" style=\"text-align: left;\">\n<div class=\"row-wrapper-x\" style=\"text-align: left;\">\n<p>Creador de la calculadora:\u00a0Salvador P\u00e9rez Heras<\/p>\n<p>Tutor: Xavier Molero Prieto<\/p>\n<\/div>\n<p><\/p>","protected":false},"excerpt":{"rendered":"<p>Calculadora mec\u00e0nica tipus Leibniz amb\u00a0Scratch Salvador P\u00e9rez Heras Nova secci\u00f3 del museu en la qual s\u2019inclou una simulaci\u00f3 de la calculadora mec\u00e0nica Schubert per aix\u00ed aprendre el seu funcionament i les seues parts. Aquesta calculadora ha sigut implementada a trav\u00e9s del llenguatge de programaci\u00f3 Scratch, on es poden realitzar tot tipus d\u2019aplicacions amb un codi [&hellip;]<\/p>\n","protected":false},"author":2,"featured_media":0,"parent":0,"menu_order":0,"comment_status":"closed","ping_status":"closed","template":"","meta":{"inline_featured_image":false,"_monsterinsights_skip_tracking":false,"_monsterinsights_sitenote_active":false,"_monsterinsights_sitenote_note":"","_monsterinsights_sitenote_category":0,"footnotes":""},"class_list":["post-7521","page","type-page","status-publish","hentry","post"],"_links":{"self":[{"href":"https:\/\/museoupdating.webs.upv.es\/va\/wp-json\/wp\/v2\/pages\/7521","targetHints":{"allow":["GET"]}}],"collection":[{"href":"https:\/\/museoupdating.webs.upv.es\/va\/wp-json\/wp\/v2\/pages"}],"about":[{"href":"https:\/\/museoupdating.webs.upv.es\/va\/wp-json\/wp\/v2\/types\/page"}],"author":[{"embeddable":true,"href":"https:\/\/museoupdating.webs.upv.es\/va\/wp-json\/wp\/v2\/users\/2"}],"replies":[{"embeddable":true,"href":"https:\/\/museoupdating.webs.upv.es\/va\/wp-json\/wp\/v2\/comments?post=7521"}],"version-history":[{"count":0,"href":"https:\/\/museoupdating.webs.upv.es\/va\/wp-json\/wp\/v2\/pages\/7521\/revisions"}],"wp:attachment":[{"href":"https:\/\/museoupdating.webs.upv.es\/va\/wp-json\/wp\/v2\/media?parent=7521"}],"curies":[{"name":"wp","href":"https:\/\/api.w.org\/{rel}","templated":true}]}}