{"id":7660,"date":"2014-11-17T13:55:04","date_gmt":"2014-11-17T13:55:04","guid":{"rendered":"http:\/\/museo.inf.upv.es\/?page_id=1887"},"modified":"2021-05-26T09:17:27","modified_gmt":"2021-05-26T09:17:27","slug":"iiciclodecine","status":"publish","type":"page","link":"https:\/\/museoupdating.webs.upv.es\/va\/iiciclodecine\/","title":{"rendered":"II Cicle de Cinema &#8211; Museu d&#8217;Inform\u00e0tica"},"content":{"rendered":"<p style=\"text-align: justify;\">En temps on \u00e9s dif\u00edcil distingir els bons dels dolents, portem al <strong>&#8220;Cicle de Cinema &#8211; Museu d&#8217;Inform\u00e0tica&#8221;<\/strong>,\u00a0quatre pel\u00b7l\u00edcules sobre quatre personalitats controvertides que han revolucionat el m\u00f3n dels ordinadors. Per a alguns aquests personatges s\u00f3n visionaris que han millorat la societat; per a altres, s\u00f3n fan\u00e0tics i obsessius que nom\u00e9s han buscat la gl\u00f2ria. El fet \u00e9s que no deixen indiferents a ning\u00fa. Tots ells tenen en com\u00fa que van saber emprar la tecnologia inform\u00e0tica del moment per als seus interessos. Per poder decidir si aquests interessos s\u00f3n \u00e8tics o no, haur\u00e0s de veure la pel\u00b7l\u00edcula amb nosaltres.<\/p>\n<p>El <strong>Museu d&#8217;Inform\u00e0tica<\/strong> et convida a con\u00e8ixer m\u00e9s detalls de la vida de:<\/p>\n<ol>\n<li class=\"tw-data-text vk_txt tw-ta tw-text-small\" dir=\"ltr\" data-placeholder=\"Traducci\u00f3\"><strong>Kevin Mitnick<\/strong>, el <strong>22 octubre de 2014<\/strong> a la pel\u00b7l\u00edcula <strong>Hackers 2 (2000)<\/strong>, on se&#8217;ns mostra com actuava i com es va buscar a hacker m\u00e9s fam\u00f3s dels Estats Units i, possiblement, de la hist\u00f2ria.<\/li>\n<li class=\"tw-data-text vk_txt tw-ta tw-text-small\" dir=\"ltr\" data-placeholder=\"Traducci\u00f3\"><strong>Mark Zuckerberg<\/strong>, el <strong>26 de novembre de 2014<\/strong> a la pel\u00b7l\u00edcula <strong>La xarxa social (2010),<\/strong> en qu\u00e8\u00a0veiem com crea Facebook amb m\u00e9s pol\u00e8miques i intrigues de les que qualsevol hagu\u00e9s pensat que podrien haver-hi en una xarxa social d'&#8221;amics&#8221;.<\/li>\n<li class=\"tw-data-text vk_txt tw-ta tw-text-small\" dir=\"ltr\" data-placeholder=\"Traducci\u00f3\"><strong>Julian Assange<\/strong>,\u00a0el <strong>18 de febrer de 2015 <\/strong>a\u00a0la pel\u00b7l\u00edcula <strong>El cinqu\u00e9 poder (2013)<\/strong>,\u00a0en qu\u00e8 veiem\u00a0com aquest personatge va fer tremolar als poders coneguts i desconeguts. Una pel\u00b7l\u00edcula de qu\u00e8\u00a0encara es desconeix el veritable desenlla\u00e7.<\/li>\n<li class=\"tw-data-text vk_txt tw-ta tw-text-small\" dir=\"ltr\" data-placeholder=\"Traducci\u00f3\"><strong>Steve Jobs<\/strong>, el <strong>22 de mar\u00e7 de 2015<\/strong> a la pel\u00b7l\u00edcula <strong>Jobs (2013)<\/strong>, segurament el t\u00edtol m\u00e9s desitjat per ser un dels personatges m\u00e9s controvertits i pol\u00e8mics que la hist\u00f2ria de la inform\u00e0tica ha donat, amb tants detractors com admiradors. Visionari o &#8220;celebrity&#8221;?<\/li>\n<\/ol>\n<p>Els llargmetratges es projectaran a la<strong> Sala d&#8217;Actes de l&#8217;Escola T\u00e8cnica Superior d&#8217;Enginyeria Inform\u00e0tica (edifici 1H), a les 16 .30 h<\/strong>. Cada sessi\u00f3 consta de la<strong>\u00a0presentaci\u00f3 de la pel\u00b7l\u00edcula i la seua relaci\u00f3 amb la Inform\u00e0tica, la projecci\u00f3 de la mateixa i una posada en com\u00fa\u00a0<\/strong>una vegada\u00a0finalitzada, on podr\u00e0s decidir si has conegut un heroi o un vil\u00e0.<\/p>\n<p><strong>Cicle de Cinema i inform\u00e0tica: Un Museu de Cinema<\/strong><\/p>\n<p><strong>Lloc: Edifici 1E, ETSINF <\/strong><\/p>\n<p><strong>Dates: 22 d&#8217;octubre, 26 de novembre, 18 de febrer i 25 de mar\u00e7 <\/strong><\/p>\n<p><strong>Horari: 16.30 h <\/strong><\/p>\n<p><strong>M\u00e9s informaci\u00f3:<a href=\"%20http:\/\/museu.inf.upv.es\/\"> http:\/\/museu.inf.upv.es\/<\/a><\/strong><\/p>\n<p><a href=\"https:\/\/museoupdating.webs.upv.es\/wp-content\/uploads\/2014\/10\/ciclecine.jpg\"><img loading=\"lazy\" decoding=\"async\" class=\"aligncenter wp-image-1888\" src=\"https:\/\/museoupdating.webs.upv.es\/wp-content\/uploads\/2014\/10\/ciclecine-698x1024.jpg\" alt=\"ciclecine\" width=\"482\" height=\"706\" \/><\/a><\/p>","protected":false},"excerpt":{"rendered":"<p>En temps on \u00e9s dif\u00edcil distingir els bons dels dolents, portem al &#8220;Cicle de Cinema &#8211; Museu d&#8217;Inform\u00e0tica&#8221;,\u00a0quatre pel\u00b7l\u00edcules sobre quatre personalitats controvertides que han revolucionat el m\u00f3n dels ordinadors. Per a alguns aquests personatges s\u00f3n visionaris que han millorat la societat; per a altres, s\u00f3n fan\u00e0tics i obsessius que nom\u00e9s han buscat la gl\u00f2ria. [&hellip;]<\/p>\n","protected":false},"author":2,"featured_media":7658,"parent":0,"menu_order":0,"comment_status":"closed","ping_status":"closed","template":"","meta":{"inline_featured_image":false,"_monsterinsights_skip_tracking":false,"_monsterinsights_sitenote_active":false,"_monsterinsights_sitenote_note":"","_monsterinsights_sitenote_category":0,"footnotes":""},"class_list":["post-7660","page","type-page","status-publish","has-post-thumbnail","hentry","post","post-with-thumbnail","post-with-thumbnail-large"],"_links":{"self":[{"href":"https:\/\/museoupdating.webs.upv.es\/va\/wp-json\/wp\/v2\/pages\/7660","targetHints":{"allow":["GET"]}}],"collection":[{"href":"https:\/\/museoupdating.webs.upv.es\/va\/wp-json\/wp\/v2\/pages"}],"about":[{"href":"https:\/\/museoupdating.webs.upv.es\/va\/wp-json\/wp\/v2\/types\/page"}],"author":[{"embeddable":true,"href":"https:\/\/museoupdating.webs.upv.es\/va\/wp-json\/wp\/v2\/users\/2"}],"replies":[{"embeddable":true,"href":"https:\/\/museoupdating.webs.upv.es\/va\/wp-json\/wp\/v2\/comments?post=7660"}],"version-history":[{"count":2,"href":"https:\/\/museoupdating.webs.upv.es\/va\/wp-json\/wp\/v2\/pages\/7660\/revisions"}],"predecessor-version":[{"id":7663,"href":"https:\/\/museoupdating.webs.upv.es\/va\/wp-json\/wp\/v2\/pages\/7660\/revisions\/7663"}],"wp:featuredmedia":[{"embeddable":true,"href":"https:\/\/museoupdating.webs.upv.es\/va\/wp-json\/wp\/v2\/media\/7658"}],"wp:attachment":[{"href":"https:\/\/museoupdating.webs.upv.es\/va\/wp-json\/wp\/v2\/media?parent=7660"}],"curies":[{"name":"wp","href":"https:\/\/api.w.org\/{rel}","templated":true}]}}