{"id":7674,"date":"2018-07-05T08:27:23","date_gmt":"2018-07-05T08:27:23","guid":{"rendered":"http:\/\/museo.inf.upv.es\/?page_id=7105"},"modified":"2021-05-26T16:41:29","modified_gmt":"2021-05-26T16:41:29","slug":"el-abaco","status":"publish","type":"page","link":"https:\/\/museoupdating.webs.upv.es\/va\/el-abaco\/","title":{"rendered":"L&#8217;\u00c0bacus"},"content":{"rendered":"<p><\/p>\n<p><center><\/p>\n<h1>L&#8217;\u00e0bac<\/h1>\n<h5 style=\"color: #404040;\">Sergio Puche Garc\u00eda<\/h5>\n<p><\/center><\/p>\n<div>\n<h2 style=\"text-align: center; color: #000000;\"><strong>Presentaci\u00f3<\/strong><\/h2>\n<p style=\"text-align: justify;\">Aquesta p\u00e0gina pret\u00e9n combinar la difusi\u00f3 de coneixements sobre la hist\u00f2ria de la computaci\u00f3 i de les m\u00e0quines calculadores, i m\u00e9s concretament de l&#8217;\u00e0bac, amb la diversi\u00f3 i el contacte directe amb aquests artefactes. Tot i que no \u00e9s possible proporcionar al lector d&#8217;aquesta p\u00e0gina un \u00e0bac real, s\u00ed que ho \u00e9s el posar al seu abast 3 \u00e0bacs virtuals que s\u00f3n r\u00e8pliques id\u00e8ntiques en el seu funcionament a les seues contrapartides anal\u00f2giques. Es convida i es recomana a l&#8217;usuari utilitzar aquestes tres xicotetes aplicacions, que li proporcionaran un coneixement m\u00e9s proper i pr\u00e0ctic del funcionament dels diferents \u00e0bacs.<\/p>\n<p style=\"text-align: justify;\">Els tres projectes s&#8217;han desenvolupat mitjan\u00e7ant el llenguatge i l&#8217;entorn <strong>Scratch<\/strong>, orientat principalment a apropar l&#8217;aprenentatge de la programaci\u00f3 a xiquetes, xiquets i joves. No obstant aix\u00f2, <strong>Scratch<\/strong> \u00e9s un llenguatge perfectament v\u00e0lid per a qualsevol, novell o expert, que vullga divertir-se programant xicotetes aplicaciones divertides i visuals. Es convida al lector a que visite la p\u00e0gina web i que mire la gran quantitat d&#8217;interessants projectes all\u00e0 guardats i que, si es fa l&#8217;\u00e0nim, esdevinga en tot un nou <em>Scratcher<\/em>: <a href=\"https:\/\/scratch.mit.edu\/\" target=\"_blank\" rel=\"noopener\">Lloc oficial de Scratch<\/a><\/p>\n<\/div>\n<div>\n<h2 style=\"text-align: center; color: #000000;\"><strong>Introducci\u00f3 hist\u00f2rica<\/strong><\/h2>\n<h3>Els primers \u00e0bacs<\/h3>\n<p style=\"text-align: justify;\">Els or\u00edgens dels diferents instruments que ahui dia englobem sota el concepte d&#8217;\u00e0bac jeuen en les t\u00e8cniques de c\u00e0lcul mitjan\u00e7ant pedres.<\/p>\n<p style=\"text-align: justify;\">Ja que aquest m\u00e8tode nom\u00e9s es podia fer servir per comptar quantitats relativament xicotetes (depenent del nombre de pedretes que l&#8217;usuari tingu\u00e9s a m\u00e0), es va inventar una esp\u00e8cie de tauler ahui dia conegut com &lt;&lt;taula de c\u00e0lcul&gt;&gt;. Aquest utensili consistia en una planxa o taula amb diferents marques que indicaven diferents valors num\u00e8rics. En dipositar els c\u00f2dols sobre unes o altres d&#8217;aquestes marques, adquirien uns o altres valors. Es creu que aquests artefactes van poder tenir el seu origen en Sum\u00e8ria juntament amb els primers comerciants, per\u00f2 el primer \u00e0bac d&#8217;aquest tipus conservat \u00e9s la Taula de Salamina, d&#8217;origen grec, que es pot observar en la imatge a continuaci\u00f3.<\/p>\n<p><center><img decoding=\"async\" style=\"width: 347px; height: 182px;\" src=\"https:\/\/image.ibb.co\/fGcecJ\/salamina.png\" alt=\"Taula de Salamina\"><\/center><\/p>\n<p style=\"text-align: justify;\">M\u00e9s endavant els romans van desenvolupar el primer \u00e0bac del tipus que coneixem actualment, \u00e9s a dir, una taula amb diversos comptes o peces despla\u00e7ables incrustades en ella. Aquest \u00e0bac de butxaca, que sembla ser que mai va arribar a ser tan popular entre els romans com la &lt;&lt;taula de c\u00e0lcul&gt;&gt;, era de metall amb diverses columnes en qu\u00e8 s&#8217;incrustaven els comptes. Segons a quina columna pertanyessin, els comptes tenien un o un altre valor associat, en general m\u00faltiples de 10 (una columna per a les unitats, una altra per a les desenes, per a les centenes, etc), exceptuant els elements de la dreta que s&#8217;usaven per a realitzar comptes amb els diferents tipus de monedes romanes. Aquest sistema, amb m\u00faltiples canvis per\u00f2 mantenint la mateixa ess\u00e8ncia, \u00e9s el que es mant\u00e9 en els \u00e0bacs utilitzats fins a l&#8217;actualitat.<\/p>\n<p><center><img decoding=\"async\" style=\"width: 378px; height: 253px;\" src=\"https:\/\/image.ibb.co\/nCLRPy\/romanabacus.jpg\" alt=\"\u00c0bac rom\u00e0\"><\/center><\/div>\n<div>\n<h2 style=\"text-align: center; color: #000000;\"><strong>Tres \u00e0bacs<\/strong><\/h2>\n<div>\n<h3>L&#8217;\u00e0bac xin\u00e9s o <em>suanpan<\/em><\/h3>\n<p style=\"text-align: justify;\">Durant a l&#8217;Edat Mitjana, concretament cap al segle XII, es va desenvolupar a la Xina un \u00e0bac de peces integrades despla\u00e7ables, possiblement el m\u00e9s antic que sobreviu encara en \u00fas fins a l&#8217;actualitat. El seu mecanisme \u00e9s molt similar al de l&#8217;\u00e0bac rom\u00e0, per la qual cosa es pensa que podria haver estat creat inspirant-se en aquell, potser a trav\u00e9s d&#8217;algun intercanvi comercial entre els dos imperis.<\/p>\n<p style=\"text-align: justify;\">Aquest \u00e0bac es compon de dues parts, una superior i una altra inferior, dividides per una fusta central. Cada vareta t\u00e9 cinc comptes a la part inferior, amb un valor d&#8217;1, i dos a la superior, amb un valor associat de 5. Aquests valors base despr\u00e9s es multipliquen per l&#8217;exponent de 10 associat a aquesta columna (1, 10, 100 &#8230;). Per afegir hem de despla\u00e7ar els comptes cap a la part central de l&#8217;\u00e0bac, \u00e9s a dir, pujar els comptes de la part inferior o baixar els de la superior.<\/p>\n<p><center><img decoding=\"async\" style=\"width: 267px; heigth: 176px;\" src=\"https:\/\/image.ibb.co\/hmAopy\/suanpan.jpg\" alt=\"\u00c0bac xin\u00e9s o suanpan\"><\/center><\/p>\n<p><center><\/p>\n<p><iframe loading=\"lazy\" src=\"\/\/scratch.mit.edu\/projects\/embed\/235677142\/?autostart=false\" width=\"485\" height=\"402\" frameborder=\"0\" allowfullscreen=\"allowfullscreen\"><\/iframe><\/p>\n<p><\/center><\/div>\n<div>\n<h3>L&#8217;\u00e0bac rus o <em>schoty<\/em><\/h3>\n<p style=\"text-align: justify;\">Una mica m\u00e9s tard\u00e0 \u00e9s l&#8217;\u00e0bac rus o <em>schoty<\/em>, esmentat per primera vegada en 1658. De la mateixa manera que el <em>suanpan<\/em>, el <em>schoty<\/em> encara es pot veure a alguns xicotets comer\u00e7os de R\u00fassia com a eina utilitzada per a realitzar c\u00e0lculs r\u00e0pids i fiables. L&#8217;\u00e0bac rus, a difer\u00e8ncia del xin\u00e8s, s&#8217;opera en posici\u00f3 vertical, \u00e9s a dir, movent els comptes al llarg de la vareta de forma horitzontal, concretament d&#8217;esquerra (posici\u00f3 inicial) cap a la dreta per afegir una quantitat, i a l&#8217;inrev\u00e9s per restar. Es compon de diverses files (normalment huit o m\u00e9s) amb deu comptes en cadascuna, excepte una que t\u00e9 nom\u00e9s quatre i que es feia servir per calcular els <em>polushki<\/em>, la moneda m\u00e9s xicoteta del sistema monetari rus i que equivalia a un quart de <em>kopec<\/em>. Les varetes sota d&#8217;aquesta fila s\u00f3n les utilitzades per representar decimals.<\/p>\n<p style=\"text-align: justify;\">Les dues comptes centrals de cada vareta solen ser d&#8217;un color diferent, normalment negres, enfront de la resta que s\u00f3n blanques, la qual cosa ajuda a evitar confusions a l&#8217;hora d&#8217;operar. A m\u00e9s, les varetes solen estar una mica corbades per impedir que es realitzen despla\u00e7aments involuntaris.<\/p>\n<p><center><img decoding=\"async\" style=\"width: 259px; height: 300px;\" src=\"https:\/\/image.ibb.co\/g2aopy\/schoty.jpg\" alt=\"\u00c0bac rus o schoty\"><\/center><\/p>\n<p><center><\/p>\n<p><iframe loading=\"lazy\" src=\"\/\/scratch.mit.edu\/projects\/embed\/235677507\/?autostart=false\" width=\"485\" height=\"402\" frameborder=\"0\" allowfullscreen=\"allowfullscreen\"><\/iframe><\/p>\n<p><\/center><\/p>\n<\/div>\n<div>\n<h3>L&#8217;\u00e0bac japon\u00e9s o <em>soroban<\/em><\/h3>\n<p style=\"text-align: justify;\">L&#8217;\u00e0bac japon\u00e8s o <em>soroban<\/em> \u00e9s una derivaci\u00f3 de l&#8217;\u00e0bac xin\u00e8s, introdu\u00eft al Jap\u00f3 al voltant de l&#8217;any 1600, despr\u00e9s de la invasi\u00f3 japonesa de Corea. Sembla ser que va compartir la mateixa estructura que el <em>suanpan<\/em> xin\u00e8s fins a mitjans de segle XIX, quan va perdre una de les dues comptes de la part superior. Durant la primera meitat del segle XX es va suprimir tamb\u00e9 una de les peces de sota, amb la qual cosa el <em>soroban<\/em> va adquirir la seua forma definitiva. Aquests canvis van eliminar les redund\u00e0ncies de l&#8217;\u00e0bac xin\u00e8s, el qual pot representar un nombre de diferents formes a causa de que cada vareta pot sumar fins a 15 unitats. \u00c9s per aix\u00f2 que molts autors consideren al <em>soroban<\/em> com l&#8217;\u00e0bac en la seva forma m\u00e9s perfeccionada, facilitant uns moviments el m\u00e9s r\u00e0pids i eficients possibles. De fet, \u00e9s coneguda l&#8217;an\u00e8cdota per la qual el campi\u00f3 de <em>soroban<\/em> japon\u00e8s es va enfrontar en una competici\u00f3 de c\u00e0lcul r\u00e0pid a un soldat de la marina nord-americana expert en l&#8217;\u00fas de calculadores electromec\u00e0niques despr\u00e9s de la segona guerra mundial. El resultat va ser que el mestre de l&#8217;\u00e0bac va derrotar al soldat i a la seua calculadora tant en velocitat com en precisi\u00f3.<\/p>\n<p style=\"text-align: justify;\">El <em>soroban<\/em> \u00e9s id\u00e8ntic a l&#8217;\u00e0bac xin\u00e8s en el seu funcionament i estructura, llevat pel detall ja avan\u00e7at que posseeix dos comptes menys en cada vareta, una a dalt i una altra a baix. Per tant, cada columna d&#8217;un \u00e0bac japon\u00e8s t\u00e9 quatre comptes a la part inferior, de valor 1 cadascuna, i una a la inferior de valor 5, de tal manera que en cada vareta es pot comptar des de 0 fins a 9, i per representar el 10 caldria reposar els comptes de la columna actual a la posici\u00f3 inicial i en el seu lloc despla\u00e7ar cap al centre un compte de la part inferior de la columna seg\u00fcent (a l&#8217;esquerra).<\/p>\n<p><center><img decoding=\"async\" style=\"width: 410px; height: 110px;\" src=\"https:\/\/image.ibb.co\/ggbTpy\/soroban1.png\" alt=\"\u00c0bac japon\u00e9s o soroban\"><\/center><\/p>\n<p><center><\/p>\n<p><iframe loading=\"lazy\" src=\"\/\/scratch.mit.edu\/projects\/embed\/235677392\/?autostart=false\" width=\"485\" height=\"402\" frameborder=\"0\" allowfullscreen=\"allowfullscreen\"><\/iframe><\/p>\n<p><center><\/p>\n<p><\/center><\/center><\/div>\n<\/div>\n<div>\n<h2 style=\"text-align: center; color: #000000;\"><strong>Cr\u00e8dits<\/strong><\/h2>\n<p style=\"text-align: justify;\">Aquestes aplicaciones i la p\u00e0gina web van ser dissenyades i desenvolupades per l&#8217;alumne de la UPV Sergio Puche Garc\u00eda per al seu treball final de grau amb la tutoritzaci\u00f3 del professor Xavier Molero Prieto<\/p>\n<\/div>\n<p><\/p>","protected":false},"excerpt":{"rendered":"<p>L&#8217;\u00e0bac Sergio Puche Garc\u00eda Presentaci\u00f3 Aquesta p\u00e0gina pret\u00e9n combinar la difusi\u00f3 de coneixements sobre la hist\u00f2ria de la computaci\u00f3 i de les m\u00e0quines calculadores, i m\u00e9s concretament de l&#8217;\u00e0bac, amb la diversi\u00f3 i el contacte directe amb aquests artefactes. Tot i que no \u00e9s possible proporcionar al lector d&#8217;aquesta p\u00e0gina un \u00e0bac real, s\u00ed que [&hellip;]<\/p>\n","protected":false},"author":1,"featured_media":0,"parent":0,"menu_order":0,"comment_status":"closed","ping_status":"closed","template":"","meta":{"inline_featured_image":false,"_monsterinsights_skip_tracking":false,"_monsterinsights_sitenote_active":false,"_monsterinsights_sitenote_note":"","_monsterinsights_sitenote_category":0,"footnotes":""},"class_list":["post-7674","page","type-page","status-publish","hentry","post"],"_links":{"self":[{"href":"https:\/\/museoupdating.webs.upv.es\/va\/wp-json\/wp\/v2\/pages\/7674","targetHints":{"allow":["GET"]}}],"collection":[{"href":"https:\/\/museoupdating.webs.upv.es\/va\/wp-json\/wp\/v2\/pages"}],"about":[{"href":"https:\/\/museoupdating.webs.upv.es\/va\/wp-json\/wp\/v2\/types\/page"}],"author":[{"embeddable":true,"href":"https:\/\/museoupdating.webs.upv.es\/va\/wp-json\/wp\/v2\/users\/1"}],"replies":[{"embeddable":true,"href":"https:\/\/museoupdating.webs.upv.es\/va\/wp-json\/wp\/v2\/comments?post=7674"}],"version-history":[{"count":4,"href":"https:\/\/museoupdating.webs.upv.es\/va\/wp-json\/wp\/v2\/pages\/7674\/revisions"}],"predecessor-version":[{"id":7683,"href":"https:\/\/museoupdating.webs.upv.es\/va\/wp-json\/wp\/v2\/pages\/7674\/revisions\/7683"}],"wp:attachment":[{"href":"https:\/\/museoupdating.webs.upv.es\/va\/wp-json\/wp\/v2\/media?parent=7674"}],"curies":[{"name":"wp","href":"https:\/\/api.w.org\/{rel}","templated":true}]}}