{"id":7684,"date":"2014-03-09T13:45:45","date_gmt":"2014-03-09T13:45:45","guid":{"rendered":"http:\/\/museo.inf.upv.es\/?page_id=1230"},"modified":"2021-05-26T18:33:24","modified_gmt":"2021-05-26T18:33:24","slug":"concursfotografia2014","status":"publish","type":"page","link":"https:\/\/museoupdating.webs.upv.es\/va\/concursfotografia2014\/","title":{"rendered":"I Concurs de fotografia digital Bits en Femen\u00ed : La inform\u00e0tica necessita dones per a inventar el futur"},"content":{"rendered":"<h1><a style=\"font-size: 14px; line-height: 1.5em;\" href=\"https:\/\/museoupdating.webs.upv.es\/wp-content\/uploads\/2014\/04\/concursofotov-1.jpg\" rel=\"lightbox[1203]\"><img loading=\"lazy\" decoding=\"async\" class=\"aligncenter\" src=\"https:\/\/museoupdating.webs.upv.es\/wp-content\/uploads\/2014\/04\/concursofotov-1.jpg\" alt=\"\" width=\"511\" height=\"749\" \/><\/a><\/h1>\n<div>\n<p style=\"text-align: justify;\">En el marc del <strong>Dia Internacional de la Dona Treballadora<\/strong>\u00a0que es commemora el 8 de mar\u00e7, l\u2018<strong>Escola T\u00e8cnica Superior d\u2019Enginyeria Inform\u00e0tica (ETSINF)<\/strong>\u00a0de la<strong>\u00a0Universitat Polit\u00e8cnica de Val\u00e8ncia ( UPV)\u00a0<\/strong>ha organitzat un\u00a0<strong>concurs de fotografia digital<\/strong>\u00a0amb l\u2019objectiu de promoure la creativitat en els\/les joves de la Comunitat Valenciana a trav\u00e9s de mitjans audiovisuals, per fer visible la imatge de la dona en la inform\u00e0tica, \u00a0conscienciar els\/les joves i la comunitat universit\u00e0ria respecte al baix \u00edndex d\u2019alumnes enginyeres en aquesta disciplina i difondre l\u2019enginyeria inform\u00e0tica des d\u2019una perspectiva en femen\u00ed.<\/p>\n<p style=\"text-align: justify;\">Els falsos mites sobre la inform\u00e0tica s\u00f3n que \u00e9s una activitat avorrida, friki, poc creativa i poc pr\u00e0ctica. La realitat \u00e9s que el m\u00f3n es reinventa cada dia a trav\u00e9s de la tecnologia i la inform\u00e0tica t\u00e9 molt a veure amb aix\u00f2.<\/p>\n<p style=\"text-align: justify;\">Les enginyeries segueixen sent carreres eminentment masculines amb un 33,6% d\u2019alumnes matriculades a la UPV respecte al 65,4 % d\u2019alumnes. Dins de les enginyeries, l\u2019Escola T\u00e8cnica Superior d\u2019Enginyeria Inform\u00e0tica (ETSINF) de la Universitat Polit\u00e8cnica de Val\u00e8ncia (UPV) \u00e9s, de totes les escoles d\u2019enginyeria, la que menor percentatge d\u2019alumnat femen\u00ed t\u00e9, tan sols un 15,3% respecte al 84,7% d\u2019alumnes (en 2012) i aproximadament un 10% en l\u2019actualitat (2014) .<\/p>\n<p style=\"text-align: justify;\">Aquest concurs fotogr\u00e0fic tracta de donar a con\u00e8ixer aquesta situaci\u00f3 i potenciar el paper de la dona en les enginyeries i en la seva professi\u00f3. L\u2019enginyeria inform\u00e0tica est\u00e0 en les nostres vides tant personals com professionals, per aix\u00f2 et convidem a fer un pas endavant cap a la tecnologia i la inform\u00e0tica ja que noies i dones tinguin tamb\u00e9 en la seva m\u00e0 la diversi\u00f3 de transformar el nostre futur. Altres dones ja ho han fet , com Ada Byron , considerada la primera persona programadora de la hist\u00f2ria, o com Betty Holberton i Jean Bartik , que van formar part de l\u2019equip de sis dones que va programar el primer computador electr\u00f2nic .<\/p>\n<p style=\"text-align: justify;\"><strong>El concurs comen\u00e7ar\u00e0 a les 8:00 hores del dia 8 de mar\u00e7 i finalitzar\u00e0 a les 23:59 hores del dia 29 abril 2014<\/strong><\/p>\n<p style=\"text-align: justify;\">El tema del concurs \u00e9s :<\/p>\n<p style=\"text-align: justify;\"><strong>La inform\u00e0tica necessita dones per inventar el futur<\/strong><\/p>\n<p style=\"text-align: justify;\">Poden participar en el concurs estudiants en tres categories :<\/p>\n<ul style=\"text-align: justify;\">\n<li><strong>Categoria I :<\/strong>\u00a0Estudiants d\u2019ESO d\u2019entre 12 i 15 anys que resideixin a la Comunitat Valenciana .<\/li>\n<li><strong>Categoria II :<\/strong>\u00a0Estudiants de Batxiller d\u2019entre 16 i 18 anys que resideixin a la Comunitat Valenciana .<\/li>\n<li><strong>Categoria III\u00a0<\/strong>: Estudiants universitaris que cursin qualsevol titulaci\u00f3 en l\u2019ETSINF<\/li>\n<\/ul>\n<p style=\"text-align: justify;\">Hi haur\u00e0 un guanyador\/a per cada categoria. El premi per als guanyadors de cadascuna de les categories indicades anteriorment consistir\u00e0 en :<\/p>\n<ul style=\"text-align: justify;\">\n<li>Una (1 . \u2013 ) Tablet de 7 \u201cper a cadascun dels tres (3 . \u2013 ) guanyadors.<\/li>\n<li>Difusi\u00f3 de les imatges guanyadores en els canals de comunicaci\u00f3 de l\u2019ETSINF , el Museu d\u2019Inform\u00e0tica i de la UPV .<\/li>\n<li>Exposici\u00f3 de la imatge guanyadora en Espai.inf l\u2019\u00e0rea d\u2019exposicions de l\u2019ETSINF .<\/li>\n<\/ul>\n<p style=\"text-align: justify;\">La propietat intel \u00b7 lectual de les imatges del concurs ser\u00e0 sota llic\u00e8ncia\u00a0<strong>Creative Commons<\/strong>.<\/p>\n<p style=\"text-align: justify;\">Els premis es lliuraran en el transcurs de la<strong>\u00a0Setmana Cultural de l\u2019ETSINF\u00a0<\/strong>que se celebra al mes de maig .<\/p>\n<p style=\"text-align: justify;\">Pots consultar les bases completes del concurs ac\u00ed:<\/p>\n<p><a href=\"http:\/\/tvinf.webs.upv.es\/wp-content\/uploads\/2014\/03\/BASES-CONCURSO-BITS-EN-FEMENINO-ESPA%C3%91OL.pdf\">BASES CONCURS BITS EN FEMENINO ESPA\u00d1OL<\/a><\/p>\n<p><a href=\"http:\/\/tvinf.webs.upv.es\/wp-content\/uploads\/2014\/03\/BASES-CONVOCAT%C3%92RIA-BITS-EN-FEMEN%C3%8D-VALENCI%C3%80.pdf\">BASES CONVOCAT\u00d2RIA BITS EN FEMEN\u00cd VALENCI\u00c0<\/a><\/p>\n<p><a href=\"http:\/\/tvinf.webs.upv.es\/wp-content\/uploads\/2014\/03\/concursofotov.png\" target=\"_blank\" rel=\"lightbox[1203] noopener\">CARTELL VALENCI\u00c0<\/a><\/p>\n<p><a href=\"http:\/\/tvinf.webs.upv.es\/wp-content\/uploads\/2014\/03\/concursofoto-3.png\" target=\"_blank\" rel=\"lightbox[1203] noopener\">CARTEL CASTELLANO<\/a><\/p>\n<div>\n<div id=\"main\">\n<div id=\"post-6579\">\n<p><a href=\"https:\/\/museoupdating.webs.upv.es\/el-jurado-ha-fallado-los-premios-de-la-i-edici%C3%B3n-del-concurso-fotogr%C3%A1fico-bits-en-femenino\/\">RESOLUCI\u00d3N DEL JURADO (CASTELLANO)<\/a><\/p>\n<\/div>\n<\/div>\n<\/div>\n<div><a href=\"http:\/\/museu.inf.upv.es\/el-jurat-ha-fallat-els-premis-de-la-i-edici%C3%B3-del-concurs-fotogr%C3%A0fic-bits-en-femen%C3%AD\/\">RESOLUCI\u00d3 DEL JURAT (VALENCI\u00c0)<\/a><\/div>\n<\/div>\n<div><\/div>\n<div><\/div>\n<\/div>\n<\/section>\n<footer id=\"footer\">\n<section class=\"container footer-in\"><\/section>\n<\/footer>\n<\/div>\n<div><\/div>","protected":false},"excerpt":{"rendered":"<p>En el marc del Dia Internacional de la Dona Treballadora\u00a0que es commemora el 8 de mar\u00e7, l\u2018Escola T\u00e8cnica Superior d\u2019Enginyeria Inform\u00e0tica (ETSINF)\u00a0de la\u00a0Universitat Polit\u00e8cnica de Val\u00e8ncia ( UPV)\u00a0ha organitzat un\u00a0concurs de fotografia digital\u00a0amb l\u2019objectiu de promoure la creativitat en els\/les joves de la Comunitat Valenciana a trav\u00e9s de mitjans audiovisuals, per fer visible la imatge [&hellip;]<\/p>\n","protected":false},"author":2,"featured_media":7685,"parent":0,"menu_order":0,"comment_status":"closed","ping_status":"closed","template":"","meta":{"inline_featured_image":false,"_monsterinsights_skip_tracking":false,"_monsterinsights_sitenote_active":false,"_monsterinsights_sitenote_note":"","_monsterinsights_sitenote_category":0,"footnotes":""},"class_list":["post-7684","page","type-page","status-publish","has-post-thumbnail","hentry","post","post-with-thumbnail","post-with-thumbnail-large"],"_links":{"self":[{"href":"https:\/\/museoupdating.webs.upv.es\/va\/wp-json\/wp\/v2\/pages\/7684","targetHints":{"allow":["GET"]}}],"collection":[{"href":"https:\/\/museoupdating.webs.upv.es\/va\/wp-json\/wp\/v2\/pages"}],"about":[{"href":"https:\/\/museoupdating.webs.upv.es\/va\/wp-json\/wp\/v2\/types\/page"}],"author":[{"embeddable":true,"href":"https:\/\/museoupdating.webs.upv.es\/va\/wp-json\/wp\/v2\/users\/2"}],"replies":[{"embeddable":true,"href":"https:\/\/museoupdating.webs.upv.es\/va\/wp-json\/wp\/v2\/comments?post=7684"}],"version-history":[{"count":7,"href":"https:\/\/museoupdating.webs.upv.es\/va\/wp-json\/wp\/v2\/pages\/7684\/revisions"}],"predecessor-version":[{"id":7705,"href":"https:\/\/museoupdating.webs.upv.es\/va\/wp-json\/wp\/v2\/pages\/7684\/revisions\/7705"}],"wp:featuredmedia":[{"embeddable":true,"href":"https:\/\/museoupdating.webs.upv.es\/va\/wp-json\/wp\/v2\/media\/7685"}],"wp:attachment":[{"href":"https:\/\/museoupdating.webs.upv.es\/va\/wp-json\/wp\/v2\/media?parent=7684"}],"curies":[{"name":"wp","href":"https:\/\/api.w.org\/{rel}","templated":true}]}}